{"id":4481,"date":"2024-04-15T15:49:05","date_gmt":"2024-04-15T13:49:05","guid":{"rendered":"https:\/\/www.frlm-mv.de\/?page_id=4481"},"modified":"2024-04-15T15:49:05","modified_gmt":"2024-04-15T13:49:05","slug":"plattdueuetsch-wuurt-vont-johr-23","status":"publish","type":"page","link":"https:\/\/frlm-mv.de\/nl\/plattdueuetsch-wuurt-vont-johr-23\/","title":{"rendered":"Plattd\u00fc\u00fctsch\u2018 Wuurt von\u2019t Johr"},"content":{"rendered":"\t\t<div data-elementor-type=\"wp-page\" data-elementor-id=\"4481\" class=\"elementor elementor-4481 elementor-4480\" data-elementor-post-type=\"page\">\n\t\t\t\t<div class=\"elementor-element elementor-element-a9db739 e-flex e-con-boxed e-con e-parent\" data-id=\"a9db739\" data-element_type=\"container\" data-e-type=\"container\">\n\t\t\t\t\t<div class=\"e-con-inner\">\n\t\t\t\t<div class=\"elementor-element elementor-element-1b3f928 elementor-widget elementor-widget-text-editor\" data-id=\"1b3f928\" data-element_type=\"widget\" data-e-type=\"widget\" data-widget_type=\"text-editor.default\">\n\t\t\t\t<div class=\"elementor-widget-container\">\n\t\t\t\t\t\t\t\t\t<h1>Juuch Afstimmung tellt \u2013 Plattd\u00fc\u00fctsch\u2018 Wuurt von\u2019t Johr<\/h1>\n\t\t\t\t\t\t\t\t<\/div>\n\t\t\t\t<\/div>\n\t\t\t\t\t<\/div>\n\t\t\t\t<\/div>\n\t\t<div class=\"elementor-element elementor-element-20e2a92 e-flex e-con-boxed e-con e-parent\" data-id=\"20e2a92\" data-element_type=\"container\" data-e-type=\"container\">\n\t\t\t\t\t<div class=\"e-con-inner\">\n\t\t<div class=\"elementor-element elementor-element-e0ca6f9 e-con-full e-flex e-con e-child\" data-id=\"e0ca6f9\" data-element_type=\"container\" data-e-type=\"container\">\n\t\t\t\t<div class=\"elementor-element elementor-element-d41bf31 elementor-widget elementor-widget-image\" data-id=\"d41bf31\" data-element_type=\"widget\" data-e-type=\"widget\" data-widget_type=\"image.default\">\n\t\t\t\t<div class=\"elementor-widget-container\">\n\t\t\t\t\t\t\t\t\t\t\t\t\t\t\t<img fetchpriority=\"high\" decoding=\"async\" width=\"800\" height=\"758\" src=\"https:\/\/frlm-mv.de\/wp-content\/uploads\/2024\/04\/Portraet-1024x970.jpg\" class=\"attachment-large size-large wp-image-4475\" alt=\"\" srcset=\"https:\/\/frlm-mv.de\/wp-content\/uploads\/2024\/04\/Portraet-1024x970.jpg 1024w, https:\/\/frlm-mv.de\/wp-content\/uploads\/2024\/04\/Portraet-300x284.jpg 300w, https:\/\/frlm-mv.de\/wp-content\/uploads\/2024\/04\/Portraet-768x727.jpg 768w, https:\/\/frlm-mv.de\/wp-content\/uploads\/2024\/04\/Portraet-1536x1454.jpg 1536w, https:\/\/frlm-mv.de\/wp-content\/uploads\/2024\/04\/Portraet-2048x1939.jpg 2048w\" sizes=\"(max-width: 800px) 100vw, 800px\" \/>\t\t\t\t\t\t\t\t\t\t\t\t\t\t\t<\/div>\n\t\t\t\t<\/div>\n\t\t\t\t<\/div>\n\t\t<div class=\"elementor-element elementor-element-78faa57 e-con-full e-flex e-con e-child\" data-id=\"78faa57\" data-element_type=\"container\" data-e-type=\"container\">\n\t\t\t\t<div class=\"elementor-element elementor-element-ce5dfcd elementor-widget elementor-widget-text-editor\" data-id=\"ce5dfcd\" data-element_type=\"widget\" data-e-type=\"widget\" data-widget_type=\"text-editor.default\">\n\t\t\t\t<div class=\"elementor-widget-container\">\n\t\t\t\t\t\t\t\t\t<p>Knapp en Dr\u00fcddel von de 75 Johr von\u2019t Fritz-Reuter-Literaturmuseum hadd ick de Iehr un de Freud, in dat Hus tau arbeiden, an de Spitz von \u2019ne wunnerbore Mannschaft, mit Partners in Stadtverwaltung un Stadtparlament, f\u00f6r de de Taukunft von dat Museum wichtig wier. S\u00fcnnerlich f\u00f6r den Burmeister Bernd Mahnke wier dat Museum \u201eChefsache\u201c. So heww ick denn ok \u00fcmmer bi Museumsf\u00fchrungen Wiert dorup leggt, dat in anner St\u00e4den de Adress Markt 1 viellicht Rathus oder \u2019ne Bank oder Versicherung, hier \u00e4wer Museum is. Un dat bed\u00fct\u2019t wat. As de Artikel \u00e4wer miene ierste V\u00f6rstellung bi\u2019t Stadtparlament mit Bild in de Zeitung kem, heww ick in de Blicke von de B\u00f6rgers in de Stadt so v\u00e4l Fr\u00fcndlichkeit seihn, dat ick mi dacht heww: Pass Achtung, de Stemh\u00e4ger L\u00fcd steihn achter dat Museum un willn, dat dat gaud wiedergeiht, verpatz dat nich! Un ick heww mi M\u00e4uh gewen un mi in all de Johren in Stemhagen \u00fcmmer wollf\u00e4uhlt. Na, meistens. \u00c4wer dat wier denn Stried \u00fcm de Sak. Mal verl\u00fcr ick, \u00fcmmer gew\u00fcnn dat Museum. Allens richtig. <br \/>Ick b\u00fcn as l\u00fctt G\u00f6r nah dat D\u00f6rp Neetzow in V\u00f6rpommern verschleppt, eingemecklenburgt un verpommert worden. Plattd\u00fctsch heww ick as junge Fru liehrt &#8211; as \u2019ne Sprak. Eigentlich wull ick damals blot de Witze verstahn, de sick miene Kollegen, de Muskanten von\u2019t Polizei-Orchester Schwerin \u2013 denn dor wier mien ierstes Engagement nah\u2019t Musikstudium \u2013 vertellt hebben. Wat anners as \u2019ne Sprak is dat jo nich, nich Religion, nich Weltanschauung, nich rassisches Markmal. Is \u2019ne Sprak, nich weniger, dorup hebben wi uns nu verst\u00e4nnigt, \u00e4wer ok nich miehr. F\u00f6r de Sprak von Fritz Reuter intaustahn, is mi h\u00fct \u00fcmmer noch en Hartensanliggen, un ick freu mi \u00e4wer dat positive Echo von v\u00e4le L\u00fcd. <br \/>Un nu is mi dat wedder \u2019ne Iehr un \u2019ne Freud, mit groten Respekt f\u00f6r de Stemh\u00e4ger un dat Fritz-Reuter-Literaturmuseum Gl\u00fcck tau w\u00fcnschen f\u00f6r dat Reuterjohr 2024 un \u2013 wo dat geiht &#8211; mien Deil dortau bitaudr\u00e4gen.<\/p>\n<p><strong>Hartlich \u2013 Ehre Cornelia Nenz<\/strong> <\/p>\n\t\t\t\t\t\t\t\t<\/div>\n\t\t\t\t<\/div>\n\t\t\t\t<\/div>\n\t\t\t\t\t<\/div>\n\t\t\t\t<\/div>\n\t\t\t\t<\/div>\n\t\t","protected":false},"excerpt":{"rendered":"<p>Juuch Afstimmung tellt \u2013 Plattd\u00fc\u00fctsch\u2018 Wuurt von\u2019t Johr Knapp en Dr\u00fcddel von de 75 Johr von\u2019t Fritz-Reuter-Literaturmuseum hadd ick de Iehr un de Freud, in dat Hus tau arbeiden, an [&hellip;]<\/p>\n","protected":false},"author":5,"featured_media":0,"parent":0,"menu_order":0,"comment_status":"closed","ping_status":"closed","template":"","meta":{"_price":"","_stock":"","_tribe_ticket_header":"","_tribe_default_ticket_provider":"","_tribe_ticket_capacity":"0","_ticket_start_date":"","_ticket_end_date":"","_tribe_ticket_show_description":"","_tribe_ticket_show_not_going":false,"_tribe_ticket_use_global_stock":"","_tribe_ticket_global_stock_level":"","_global_stock_mode":"","_global_stock_cap":"","_tribe_rsvp_for_event":"","_tribe_ticket_going_count":"","_tribe_ticket_not_going_count":"","_tribe_tickets_list":"[]","_tribe_ticket_has_attendee_info_fields":false,"footnotes":"","_tec_slr_enabled":"","_tec_slr_layout":""},"class_list":["post-4481","page","type-page","status-publish","hentry"],"ticketed":false,"_links":{"self":[{"href":"https:\/\/frlm-mv.de\/nl\/wp-json\/wp\/v2\/pages\/4481","targetHints":{"allow":["GET"]}}],"collection":[{"href":"https:\/\/frlm-mv.de\/nl\/wp-json\/wp\/v2\/pages"}],"about":[{"href":"https:\/\/frlm-mv.de\/nl\/wp-json\/wp\/v2\/types\/page"}],"author":[{"embeddable":true,"href":"https:\/\/frlm-mv.de\/nl\/wp-json\/wp\/v2\/users\/5"}],"replies":[{"embeddable":true,"href":"https:\/\/frlm-mv.de\/nl\/wp-json\/wp\/v2\/comments?post=4481"}],"version-history":[{"count":1,"href":"https:\/\/frlm-mv.de\/nl\/wp-json\/wp\/v2\/pages\/4481\/revisions"}],"predecessor-version":[{"id":4482,"href":"https:\/\/frlm-mv.de\/nl\/wp-json\/wp\/v2\/pages\/4481\/revisions\/4482"}],"wp:attachment":[{"href":"https:\/\/frlm-mv.de\/nl\/wp-json\/wp\/v2\/media?parent=4481"}],"curies":[{"name":"wp","href":"https:\/\/api.w.org\/{rel}","templated":true}]}}