{"id":4066,"date":"2024-04-09T10:00:45","date_gmt":"2024-04-09T08:00:45","guid":{"rendered":"https:\/\/www.frlm-mv.de\/?page_id=4066"},"modified":"2024-04-09T10:00:45","modified_gmt":"2024-04-09T08:00:45","slug":"plattdueuetsch-wuurt-vont-johr-5","status":"publish","type":"page","link":"https:\/\/frlm-mv.de\/nl\/plattdueuetsch-wuurt-vont-johr-5\/","title":{"rendered":"Plattd\u00fc\u00fctsch\u2018 Wuurt von\u2019t Johr"},"content":{"rendered":"\t\t<div data-elementor-type=\"wp-page\" data-elementor-id=\"4066\" class=\"elementor elementor-4066 elementor-4065\" data-elementor-post-type=\"page\">\n\t\t\t\t<div class=\"elementor-element elementor-element-a9db739 e-flex e-con-boxed e-con e-parent\" data-id=\"a9db739\" data-element_type=\"container\" data-e-type=\"container\">\n\t\t\t\t\t<div class=\"e-con-inner\">\n\t\t\t\t<div class=\"elementor-element elementor-element-1b3f928 elementor-widget elementor-widget-text-editor\" data-id=\"1b3f928\" data-element_type=\"widget\" data-e-type=\"widget\" data-widget_type=\"text-editor.default\">\n\t\t\t\t<div class=\"elementor-widget-container\">\n\t\t\t\t\t\t\t\t\t<h1>Juuch Afstimmung tellt \u2013 Plattd\u00fc\u00fctsch\u2018 Wuurt von\u2019t Johr<\/h1>\n\t\t\t\t\t\t\t\t<\/div>\n\t\t\t\t<\/div>\n\t\t\t\t\t<\/div>\n\t\t\t\t<\/div>\n\t\t<div class=\"elementor-element elementor-element-20e2a92 e-flex e-con-boxed e-con e-parent\" data-id=\"20e2a92\" data-element_type=\"container\" data-e-type=\"container\">\n\t\t\t\t\t<div class=\"e-con-inner\">\n\t\t<div class=\"elementor-element elementor-element-e0ca6f9 e-con-full e-flex e-con e-child\" data-id=\"e0ca6f9\" data-element_type=\"container\" data-e-type=\"container\">\n\t\t\t\t<div class=\"elementor-element elementor-element-d41bf31 elementor-widget elementor-widget-image\" data-id=\"d41bf31\" data-element_type=\"widget\" data-e-type=\"widget\" data-widget_type=\"image.default\">\n\t\t\t\t<div class=\"elementor-widget-container\">\n\t\t\t\t\t\t\t\t\t\t\t\t\t\t\t<img fetchpriority=\"high\" decoding=\"async\" width=\"800\" height=\"534\" src=\"https:\/\/frlm-mv.de\/wp-content\/uploads\/2024\/04\/Joachim-Boeskens-Foto-1024x683.jpg\" class=\"attachment-large size-large wp-image-4046\" alt=\"\" srcset=\"https:\/\/frlm-mv.de\/wp-content\/uploads\/2024\/04\/Joachim-Boeskens-Foto-1024x683.jpg 1024w, https:\/\/frlm-mv.de\/wp-content\/uploads\/2024\/04\/Joachim-Boeskens-Foto-300x200.jpg 300w, https:\/\/frlm-mv.de\/wp-content\/uploads\/2024\/04\/Joachim-Boeskens-Foto-768x512.jpg 768w, https:\/\/frlm-mv.de\/wp-content\/uploads\/2024\/04\/Joachim-Boeskens-Foto-1536x1024.jpg 1536w, https:\/\/frlm-mv.de\/wp-content\/uploads\/2024\/04\/Joachim-Boeskens-Foto-2048x1365.jpg 2048w\" sizes=\"(max-width: 800px) 100vw, 800px\" \/>\t\t\t\t\t\t\t\t\t\t\t\t\t\t\t<\/div>\n\t\t\t\t<\/div>\n\t\t\t\t<\/div>\n\t\t<div class=\"elementor-element elementor-element-78faa57 e-con-full e-flex e-con e-child\" data-id=\"78faa57\" data-element_type=\"container\" data-e-type=\"container\">\n\t\t\t\t<div class=\"elementor-element elementor-element-ce5dfcd elementor-widget elementor-widget-text-editor\" data-id=\"ce5dfcd\" data-element_type=\"widget\" data-e-type=\"widget\" data-widget_type=\"text-editor.default\">\n\t\t\t\t<div class=\"elementor-widget-container\">\n\t\t\t\t\t\t\t\t\t<p>Fritz Reuters Werk spielt seit Jahrzehnten in den plattdeutschen Sendungen des NDR eine gewichtige Rolle. Weil sein Werk f\u00fcr die Identit\u00e4t dieses Landes und den besonderen Humor des Nordostens steht. Aber auch, weil Reuter gezeigt hat, dass die Heimatsprache der Mecklenburger und Vorpommern nat\u00fcrlich dazu taugt, das Ernste, das Tragische in Tiefe auszuloten: \u201eKein H\u00fcsung\u201c, das Werk also, das nahezu ganz Stavenhagen in diesem Jahr gemeinsam im Herzen der Stadt auf die B\u00fchne bringt, ist das beste Beispiel daf\u00fcr.<\/p>\n<p>Sie haben f\u00fcr dieses Festjahr ein Feuerwerk an Veranstaltungen geplant, sie holen Menschen zusammen, um das Werk des ber\u00fchmtesten Sohnes ihrer Stadt, zu ehren, aufzuf\u00fchren und damit zu bewahren und zu \u00fcbertragen in diese Zeit. Mit besonderer Freude ist der Norddeutsche Rundfunk dabei an Ihrer Seite.<\/p>\n<p>Insofern w\u00fcnsche ich im Namen des NDR eine produktive und aufregende Zeit in einem festlichen Jubil\u00e4umsjahr voller H\u00f6hepunkte, auf dass es ein Jahr wird, auf das wir einmal zur\u00fcckblicken, und dann vielleicht mit Reuters Worten sagen: \u201eUn wat was&#8217;t f\u00f6r en Jubel, un wat was&#8217;t f\u00f6r &#8216;ne Herrlichkeit\u2026\u201c<\/p>\n<p><strong>Joachim B\u00f6skens<\/strong><\/p>\n<p>Norddeutscher Rundfunk<br \/>Landesfunkhaus Mecklenburg-Vorpommern <br \/>Direktor<\/p>\n\t\t\t\t\t\t\t\t<\/div>\n\t\t\t\t<\/div>\n\t\t\t\t<\/div>\n\t\t\t\t\t<\/div>\n\t\t\t\t<\/div>\n\t\t\t\t<\/div>\n\t\t","protected":false},"excerpt":{"rendered":"<p>Juuch Afstimmung tellt \u2013 Plattd\u00fc\u00fctsch\u2018 Wuurt von\u2019t Johr Fritz Reuters Werk spielt seit Jahrzehnten in den plattdeutschen Sendungen des NDR eine gewichtige Rolle. Weil sein Werk f\u00fcr die Identit\u00e4t dieses [&hellip;]<\/p>\n","protected":false},"author":5,"featured_media":0,"parent":0,"menu_order":0,"comment_status":"closed","ping_status":"closed","template":"","meta":{"_price":"","_stock":"","_tribe_ticket_header":"","_tribe_default_ticket_provider":"","_tribe_ticket_capacity":"0","_ticket_start_date":"","_ticket_end_date":"","_tribe_ticket_show_description":"","_tribe_ticket_show_not_going":false,"_tribe_ticket_use_global_stock":"","_tribe_ticket_global_stock_level":"","_global_stock_mode":"","_global_stock_cap":"","_tribe_rsvp_for_event":"","_tribe_ticket_going_count":"","_tribe_ticket_not_going_count":"","_tribe_tickets_list":"[]","_tribe_ticket_has_attendee_info_fields":false,"footnotes":"","_tec_slr_enabled":"","_tec_slr_layout":""},"class_list":["post-4066","page","type-page","status-publish","hentry"],"ticketed":false,"_links":{"self":[{"href":"https:\/\/frlm-mv.de\/nl\/wp-json\/wp\/v2\/pages\/4066","targetHints":{"allow":["GET"]}}],"collection":[{"href":"https:\/\/frlm-mv.de\/nl\/wp-json\/wp\/v2\/pages"}],"about":[{"href":"https:\/\/frlm-mv.de\/nl\/wp-json\/wp\/v2\/types\/page"}],"author":[{"embeddable":true,"href":"https:\/\/frlm-mv.de\/nl\/wp-json\/wp\/v2\/users\/5"}],"replies":[{"embeddable":true,"href":"https:\/\/frlm-mv.de\/nl\/wp-json\/wp\/v2\/comments?post=4066"}],"version-history":[{"count":1,"href":"https:\/\/frlm-mv.de\/nl\/wp-json\/wp\/v2\/pages\/4066\/revisions"}],"predecessor-version":[{"id":4067,"href":"https:\/\/frlm-mv.de\/nl\/wp-json\/wp\/v2\/pages\/4066\/revisions\/4067"}],"wp:attachment":[{"href":"https:\/\/frlm-mv.de\/nl\/wp-json\/wp\/v2\/media?parent=4066"}],"curies":[{"name":"wp","href":"https:\/\/api.w.org\/{rel}","templated":true}]}}