{"id":1965,"date":"2023-07-18T10:37:18","date_gmt":"2023-07-18T08:37:18","guid":{"rendered":"https:\/\/www.frlm-mv.de\/fuehrungen-im-museum\/"},"modified":"2024-01-09T12:05:46","modified_gmt":"2024-01-09T11:05:46","slug":"fuehrungen-im-museum","status":"publish","type":"page","link":"https:\/\/frlm-mv.de\/nl\/fuehrungen-im-museum\/","title":{"rendered":"F\u00fchrungen in dat Museum"},"content":{"rendered":"\t\t<div data-elementor-type=\"wp-page\" data-elementor-id=\"1965\" class=\"elementor elementor-1965 elementor-764\" data-elementor-post-type=\"page\">\n\t\t\t\t<div class=\"elementor-element elementor-element-b201b8e e-flex e-con-boxed e-con e-parent\" data-id=\"b201b8e\" data-element_type=\"container\" data-e-type=\"container\">\n\t\t\t\t\t<div class=\"e-con-inner\">\n\t\t\t\t<div class=\"elementor-element elementor-element-733e629 elementor-widget elementor-widget-text-editor\" data-id=\"733e629\" data-element_type=\"widget\" data-e-type=\"widget\" data-widget_type=\"text-editor.default\">\n\t\t\t\t<div class=\"elementor-widget-container\">\n\t\t\t\t\t\t\t\t\t<h1>F\u00fchrungen im Museum<\/h1>\n\t\t\t\t\t\t\t\t<\/div>\n\t\t\t\t<\/div>\n\t\t\t\t<div class=\"elementor-element elementor-element-e4ea2e4 elementor-widget elementor-widget-text-editor\" data-id=\"e4ea2e4\" data-element_type=\"widget\" data-e-type=\"widget\" data-widget_type=\"text-editor.default\">\n\t\t\t\t<div class=\"elementor-widget-container\">\n\t\t\t\t\t\t\t\t\t<p>Wi str\u00e4wen alltieds v\u00f6rwaards un willen b\u00e4ter warden. Up dat, wat uns G\u00e4st sik w\u00fcnschen, gahn wi giern in. Wi beiden verschieden them\u00e5tisch\u2019 F\u00fchrungen an tau v\u00e4l ut Fritz Reuter sien L\u00e4wen un de Stadtgeschicht. Dat s\u00fcnd ok:<\/p>\n<ul>\n<li>F\u00fchrungen d\u00f6rch de Utstellungen;<\/li>\n<li>F\u00fchrungen tau de liter\u00e5rischen Uurte in de Stadt;<\/li>\n<li>F\u00fchrungen in de Stadtkirch un de Synagog.\n<p><\/li>\n<\/ul>\n<p>Wat wi anbeiden richt\u2019 sik n\u00e5 dat, wat uns G\u00e4st sik w\u00fcnschen.<\/p>\n\t\t\t\t\t\t\t\t<\/div>\n\t\t\t\t<\/div>\n\t\t\t\t\t<\/div>\n\t\t\t\t<\/div>\n\t\t\t\t<\/div>\n\t\t","protected":false},"excerpt":{"rendered":"<p>F\u00fchrungen im Museum Wi str\u00e4wen alltieds v\u00f6rwaards un willen b\u00e4ter warden. Up dat, wat uns G\u00e4st sik w\u00fcnschen, gahn wi giern in. Wi beiden verschieden them\u00e5tisch\u2019 F\u00fchrungen an tau v\u00e4l [&hellip;]<\/p>\n","protected":false},"author":2,"featured_media":0,"parent":0,"menu_order":0,"comment_status":"closed","ping_status":"closed","template":"","meta":{"_price":"","_stock":"","_tribe_ticket_header":"","_tribe_default_ticket_provider":"","_tribe_ticket_capacity":"0","_ticket_start_date":"","_ticket_end_date":"","_tribe_ticket_show_description":"","_tribe_ticket_show_not_going":false,"_tribe_ticket_use_global_stock":"","_tribe_ticket_global_stock_level":"","_global_stock_mode":"","_global_stock_cap":"","_tribe_rsvp_for_event":"","_tribe_ticket_going_count":"","_tribe_ticket_not_going_count":"","_tribe_tickets_list":"[]","_tribe_ticket_has_attendee_info_fields":false,"footnotes":"","_tec_slr_enabled":"","_tec_slr_layout":""},"class_list":["post-1965","page","type-page","status-publish","hentry"],"ticketed":false,"_links":{"self":[{"href":"https:\/\/frlm-mv.de\/nl\/wp-json\/wp\/v2\/pages\/1965","targetHints":{"allow":["GET"]}}],"collection":[{"href":"https:\/\/frlm-mv.de\/nl\/wp-json\/wp\/v2\/pages"}],"about":[{"href":"https:\/\/frlm-mv.de\/nl\/wp-json\/wp\/v2\/types\/page"}],"author":[{"embeddable":true,"href":"https:\/\/frlm-mv.de\/nl\/wp-json\/wp\/v2\/users\/2"}],"replies":[{"embeddable":true,"href":"https:\/\/frlm-mv.de\/nl\/wp-json\/wp\/v2\/comments?post=1965"}],"version-history":[{"count":3,"href":"https:\/\/frlm-mv.de\/nl\/wp-json\/wp\/v2\/pages\/1965\/revisions"}],"predecessor-version":[{"id":1981,"href":"https:\/\/frlm-mv.de\/nl\/wp-json\/wp\/v2\/pages\/1965\/revisions\/1981"}],"wp:attachment":[{"href":"https:\/\/frlm-mv.de\/nl\/wp-json\/wp\/v2\/media?parent=1965"}],"curies":[{"name":"wp","href":"https:\/\/api.w.org\/{rel}","templated":true}]}}