{"id":1963,"date":"2023-07-18T10:31:28","date_gmt":"2023-07-18T08:31:28","guid":{"rendered":"https:\/\/www.frlm-mv.de\/taukunftspries-foer-literatur\/"},"modified":"2024-01-09T12:04:39","modified_gmt":"2024-01-09T11:04:39","slug":"taukunftspries-foer-literatur","status":"publish","type":"page","link":"https:\/\/frlm-mv.de\/nl\/taukunftspries-foer-literatur\/","title":{"rendered":"Taukunftspries f\u00f6r Literatur"},"content":{"rendered":"\t\t<div data-elementor-type=\"wp-page\" data-elementor-id=\"1963\" class=\"elementor elementor-1963 elementor-756\" data-elementor-post-type=\"page\">\n\t\t\t\t<div class=\"elementor-element elementor-element-b201b8e e-flex e-con-boxed e-con e-parent\" data-id=\"b201b8e\" data-element_type=\"container\" data-e-type=\"container\">\n\t\t\t\t\t<div class=\"e-con-inner\">\n\t\t\t\t<div class=\"elementor-element elementor-element-733e629 elementor-widget elementor-widget-text-editor\" data-id=\"733e629\" data-element_type=\"widget\" data-e-type=\"widget\" data-widget_type=\"text-editor.default\">\n\t\t\t\t<div class=\"elementor-widget-container\">\n\t\t\t\t\t\t\t\t\t<h1>Taukunftspries f\u00f6r Literatur<\/h1>\n\t\t\t\t\t\t\t\t<\/div>\n\t\t\t\t<\/div>\n\t\t\t\t<div class=\"elementor-element elementor-element-e4ea2e4 elementor-widget elementor-widget-text-editor\" data-id=\"e4ea2e4\" data-element_type=\"widget\" data-e-type=\"widget\" data-widget_type=\"text-editor.default\">\n\t\t\t\t<div class=\"elementor-widget-container\">\n\t\t\t\t\t\t\t\t\t<p>F\u00f6r uns is Nedderd\u00fc\u00fctsch l\u00e4wig un ein Spr\u00e5k, de tau denn Nuurden h\u00fc\u00fcrt. De Reuterstadt Stemh\u00e5gen s\u00fcht sik in de Plicht, f\u00f6r de Taukunft un denn N\u00e5wuss tau sorgen. Dor\u00fcm gifft dat denn<\/p>\n<p>Fritz-Reuter-Literaturpries &#8211; N\u00e5wuss<\/p>\n<p>V\u00e4l is m\u0153chlich f\u00f6r dissen Pries. Schriewer, Muskanten, Videofilml\u00fcd un anner kreative K\u00f6pp, de sik mit Nedderd\u00fc\u00fctsch bef\u00e5ten un nich \u00f6ller s\u00fcnd as 30 Johren.<\/p>\n<p>Wenn Sei sik bewarben willen, schicken Sei: Arbeiten up Nedderd\u00fc\u00fctsch, Lyrik orrer Prosa \/\/ Arbeiten \u0153wer de nedderd\u00fc\u00fctsche Spr\u00e5k \/\/ Mit denn Preis gifft dat 1000 Euro<\/p>\n<p>Wecker denn Pries kriegen sall, entscheid\u2019t \u2019ne Jury.<\/p>\n<p>De Jury-L\u00fcd s\u00fcnd in de S\u00e5k k\u00fcnnig un k\u00e5men ut de Medien. Sei w\u00e4hlen ut de Insennungen.<\/p>\n<p>De Pries ward an denn 07. November, Fritz Reuter sienen Gebuurtsdach, in dat Schlott Stemh\u00e5gen \u0153werg\u00e4wen.<\/p>\n\t\t\t\t\t\t\t\t<\/div>\n\t\t\t\t<\/div>\n\t\t\t\t\t<\/div>\n\t\t\t\t<\/div>\n\t\t\t\t<\/div>\n\t\t","protected":false},"excerpt":{"rendered":"<p>Taukunftspries f\u00f6r Literatur F\u00f6r uns is Nedderd\u00fc\u00fctsch l\u00e4wig un ein Spr\u00e5k, de tau denn Nuurden h\u00fc\u00fcrt. De Reuterstadt Stemh\u00e5gen s\u00fcht sik in de Plicht, f\u00f6r de Taukunft un denn N\u00e5wuss [&hellip;]<\/p>\n","protected":false},"author":2,"featured_media":0,"parent":0,"menu_order":0,"comment_status":"closed","ping_status":"closed","template":"","meta":{"_price":"","_stock":"","_tribe_ticket_header":"","_tribe_default_ticket_provider":"","_tribe_ticket_capacity":"0","_ticket_start_date":"","_ticket_end_date":"","_tribe_ticket_show_description":"","_tribe_ticket_show_not_going":false,"_tribe_ticket_use_global_stock":"","_tribe_ticket_global_stock_level":"","_global_stock_mode":"","_global_stock_cap":"","_tribe_rsvp_for_event":"","_tribe_ticket_going_count":"","_tribe_ticket_not_going_count":"","_tribe_tickets_list":"[]","_tribe_ticket_has_attendee_info_fields":false,"footnotes":"","_tec_slr_enabled":"","_tec_slr_layout":""},"class_list":["post-1963","page","type-page","status-publish","hentry"],"ticketed":false,"_links":{"self":[{"href":"https:\/\/frlm-mv.de\/nl\/wp-json\/wp\/v2\/pages\/1963","targetHints":{"allow":["GET"]}}],"collection":[{"href":"https:\/\/frlm-mv.de\/nl\/wp-json\/wp\/v2\/pages"}],"about":[{"href":"https:\/\/frlm-mv.de\/nl\/wp-json\/wp\/v2\/types\/page"}],"author":[{"embeddable":true,"href":"https:\/\/frlm-mv.de\/nl\/wp-json\/wp\/v2\/users\/2"}],"replies":[{"embeddable":true,"href":"https:\/\/frlm-mv.de\/nl\/wp-json\/wp\/v2\/comments?post=1963"}],"version-history":[{"count":5,"href":"https:\/\/frlm-mv.de\/nl\/wp-json\/wp\/v2\/pages\/1963\/revisions"}],"predecessor-version":[{"id":1979,"href":"https:\/\/frlm-mv.de\/nl\/wp-json\/wp\/v2\/pages\/1963\/revisions\/1979"}],"wp:attachment":[{"href":"https:\/\/frlm-mv.de\/nl\/wp-json\/wp\/v2\/media?parent=1963"}],"curies":[{"name":"wp","href":"https:\/\/api.w.org\/{rel}","templated":true}]}}