{"id":1959,"date":"2023-07-18T10:03:54","date_gmt":"2023-07-18T08:03:54","guid":{"rendered":"https:\/\/www.frlm-mv.de\/fritz-reuter-literatur-pries\/"},"modified":"2024-01-09T12:02:10","modified_gmt":"2024-01-09T11:02:10","slug":"fritz-reuter-literatur-pries","status":"publish","type":"page","link":"https:\/\/frlm-mv.de\/nl\/fritz-reuter-literatur-pries\/","title":{"rendered":"Fritz Reuter Literaturpries"},"content":{"rendered":"\t\t<div data-elementor-type=\"wp-page\" data-elementor-id=\"1959\" class=\"elementor elementor-1959 elementor-747\" data-elementor-post-type=\"page\">\n\t\t\t\t<div class=\"elementor-element elementor-element-b201b8e e-flex e-con-boxed e-con e-parent\" data-id=\"b201b8e\" data-element_type=\"container\" data-e-type=\"container\">\n\t\t\t\t\t<div class=\"e-con-inner\">\n\t\t\t\t<div class=\"elementor-element elementor-element-733e629 elementor-widget elementor-widget-text-editor\" data-id=\"733e629\" data-element_type=\"widget\" data-e-type=\"widget\" data-widget_type=\"text-editor.default\">\n\t\t\t\t<div class=\"elementor-widget-container\">\n\t\t\t\t\t\t\t\t\t<h1>Fritz Reuter Literaturpries<\/h1>\n\t\t\t\t\t\t\t\t<\/div>\n\t\t\t\t<\/div>\n\t\t\t\t<div class=\"elementor-element elementor-element-e4ea2e4 elementor-widget elementor-widget-text-editor\" data-id=\"e4ea2e4\" data-element_type=\"widget\" data-e-type=\"widget\" data-widget_type=\"text-editor.default\">\n\t\t\t\t<div class=\"elementor-widget-container\">\n\t\t\t\t\t\t\t\t\t<p>De Fritz-Reuter-Literatur-Pries ward verg\u00e4wen f\u00f6r niege Literatur up Plattd\u00fc\u00fctsch, f\u00f6r spr\u00e5k- un literaturw\u00e4tenschaftlich Arbeiten orrer f\u00f6r bes\u00fcnnere Leistungen f\u00f6r de Pl\u00e4\u00e4ch von de nedderd\u00fc\u00fctsche Spr\u00e5k un Literatur.<\/p>\n<p>Mit denn Pries gifft dat 3000 Euro von de Stadt Stemh\u00e5gen, \u00fcnnerst\u00fctt\u2019 von de Sporkass Niegenbramborg-Demmin.<\/p>\n<p>Wecker denn Pries kriegen sall, entscheid\u2019t \u2019ne Jury.<\/p>\n<p>De Jury-L\u00fcd s\u00fcnd in de S\u00e5k k\u00fcnnig un k\u00e5men ut de Medien. Sei w\u00e4hlen ut de Insennungen.<\/p>\n<p>Wenn Sei sik bewarben willen, schicken Sei:<\/p>\n<ul>\n<li>Arbeiten up Nedderd\u00fc\u00fctsch, Lyrik orrer Prosa<\/li>\n<li>Arbeiten \u0153wer de nedderd\u00fc\u00fctsche Spr\u00e5k<\/li>\n<li>Arbeiten \u0153wer nedderd\u00fc\u00fctsche Schriewer, ehr L\u00e4wen un Wark un woans ehre Literatur upn\u00e5hmen ward.<\/li>\n<\/ul>\n<p>De Pries ward an denn 07. November, Fritz Reuter sienen Gebuurtsdach, in dat Schlott Stemh\u00e5gen \u0153werg\u00e4wen.<\/p>\n\t\t\t\t\t\t\t\t<\/div>\n\t\t\t\t<\/div>\n\t\t\t\t\t<\/div>\n\t\t\t\t<\/div>\n\t\t\t\t<\/div>\n\t\t","protected":false},"excerpt":{"rendered":"<p>Fritz Reuter Literaturpries De Fritz-Reuter-Literatur-Pries ward verg\u00e4wen f\u00f6r niege Literatur up Plattd\u00fc\u00fctsch, f\u00f6r spr\u00e5k- un literaturw\u00e4tenschaftlich Arbeiten orrer f\u00f6r bes\u00fcnnere Leistungen f\u00f6r de Pl\u00e4\u00e4ch von de nedderd\u00fc\u00fctsche Spr\u00e5k un Literatur. [&hellip;]<\/p>\n","protected":false},"author":2,"featured_media":0,"parent":0,"menu_order":0,"comment_status":"closed","ping_status":"closed","template":"","meta":{"_price":"","_stock":"","_tribe_ticket_header":"","_tribe_default_ticket_provider":"","_tribe_ticket_capacity":"0","_ticket_start_date":"","_ticket_end_date":"","_tribe_ticket_show_description":"","_tribe_ticket_show_not_going":false,"_tribe_ticket_use_global_stock":"","_tribe_ticket_global_stock_level":"","_global_stock_mode":"","_global_stock_cap":"","_tribe_rsvp_for_event":"","_tribe_ticket_going_count":"","_tribe_ticket_not_going_count":"","_tribe_tickets_list":"[]","_tribe_ticket_has_attendee_info_fields":false,"footnotes":"","_tec_slr_enabled":"","_tec_slr_layout":""},"class_list":["post-1959","page","type-page","status-publish","hentry"],"ticketed":false,"_links":{"self":[{"href":"https:\/\/frlm-mv.de\/nl\/wp-json\/wp\/v2\/pages\/1959","targetHints":{"allow":["GET"]}}],"collection":[{"href":"https:\/\/frlm-mv.de\/nl\/wp-json\/wp\/v2\/pages"}],"about":[{"href":"https:\/\/frlm-mv.de\/nl\/wp-json\/wp\/v2\/types\/page"}],"author":[{"embeddable":true,"href":"https:\/\/frlm-mv.de\/nl\/wp-json\/wp\/v2\/users\/2"}],"replies":[{"embeddable":true,"href":"https:\/\/frlm-mv.de\/nl\/wp-json\/wp\/v2\/comments?post=1959"}],"version-history":[{"count":5,"href":"https:\/\/frlm-mv.de\/nl\/wp-json\/wp\/v2\/pages\/1959\/revisions"}],"predecessor-version":[{"id":1975,"href":"https:\/\/frlm-mv.de\/nl\/wp-json\/wp\/v2\/pages\/1959\/revisions\/1975"}],"wp:attachment":[{"href":"https:\/\/frlm-mv.de\/nl\/wp-json\/wp\/v2\/media?parent=1959"}],"curies":[{"name":"wp","href":"https:\/\/api.w.org\/{rel}","templated":true}]}}