{"id":1957,"date":"2023-06-07T14:44:12","date_gmt":"2023-06-07T12:44:12","guid":{"rendered":"https:\/\/www.frlm-mv.de\/oewer-rudolf-tarnow\/"},"modified":"2024-01-09T11:31:34","modified_gmt":"2024-01-09T10:31:34","slug":"oewer-rudolf-tarnow","status":"publish","type":"page","link":"https:\/\/frlm-mv.de\/nl\/oewer-rudolf-tarnow\/","title":{"rendered":"Oewer Rudolf Tarnow"},"content":{"rendered":"\t\t<div data-elementor-type=\"wp-page\" data-elementor-id=\"1957\" class=\"elementor elementor-1957 elementor-264\" data-elementor-post-type=\"page\">\n\t\t\t\t<div class=\"elementor-element elementor-element-a9db739 e-flex e-con-boxed e-con e-parent\" data-id=\"a9db739\" data-element_type=\"container\" data-e-type=\"container\">\n\t\t\t\t\t<div class=\"e-con-inner\">\n\t\t\t\t<div class=\"elementor-element elementor-element-1b3f928 elementor-widget elementor-widget-text-editor\" data-id=\"1b3f928\" data-element_type=\"widget\" data-e-type=\"widget\" data-widget_type=\"text-editor.default\">\n\t\t\t\t<div class=\"elementor-widget-container\">\n\t\t\t\t\t\t\t\t\t<h2>Rudolf Tarnow<\/h2>\n<p><img fetchpriority=\"high\" decoding=\"async\" class=\"size-medium wp-image-266 alignleft\" src=\"https:\/\/www.frlm-mv.de\/wp-content\/uploads\/2023\/06\/Rudolf-Tarnow-212x300.jpg\" alt=\"\" width=\"212\" height=\"300\" srcset=\"https:\/\/frlm-mv.de\/wp-content\/uploads\/2023\/06\/Rudolf-Tarnow-212x300.jpg 212w, https:\/\/frlm-mv.de\/wp-content\/uploads\/2023\/06\/Rudolf-Tarnow.jpg 225w\" sizes=\"(max-width: 212px) 100vw, 212px\" \/>De M\u00e4kelb\u00f6rger Rudolf Tarnow tellt \u00fcmmer noch tau de plattd\u00fc\u00fctschen Schriewersl\u00fcd in Nuurdd\u00fc\u00fctschland, de jedein kennt. Hei schrifft mit Humor, Schick un Plie un is m\u00e4nnich m\u00e5l ok schwienplietsch. Ok h\u00fcttaud\u00e5chs h\u00fc\u00fcrt dat Publikum de Texten \u00fcmmer noch giern, denn sei s\u00fcnd tau dat V\u00f6rdr\u00e4gen un V\u00f6rl\u00e4sen m\u00e5kt.<\/p>\n<p>Rudolf Tarnow is 1867 in Parchim geburen. Hei lihrte Kopmann un w\u00fcr 1887 tau dat Milit\u00e4r in siene Heimatstadt intreckt. As hei siene Milit\u00e4rplicht achter sik har, bleef hei Sold\u00e5t. 1889 w\u00fcr hei tau de Liefkompanie von denn Grothertoch n\u00e5 Schwerin versett\u2019, 1894 w\u00fcr hei H\u00fclpsmann von denn T\u00e5hlmeister bi dat Dragonerregiment in Ludwigslust. N\u00e5 siene Deinsttiet hett hei sik 1906 as Betriebsinspekter bi de Nervenheilanstalt Sassenbarg bi Schwerin beworben, mit Erfolch.<\/p>\n<p>\u00dcm 1910 hett hei anfungen, dat, wat hei up plattd\u00fc\u00fctsch schr\u00e4wen hett, ruttaubringen. Sien Gedicht \u201eEin Randewuh im Rathaus zu Stavenhagen\u201c is an denn 7. November 1910 in denn Grundstein von dat Fundament f\u00f6r dat Reuterdenkm\u00e5l in Stemh\u00e5gen inmuert worn un keem as Sonderdruck von denn Stemh\u00e4ger Baukdrucker Beholtz.<\/p>\n<p>Rudolf Tarnow wier all tau siene L\u00e4ftieden bekannt un siene B\u00e4uker harrn in de Johren eine Upl\u00e5ch von mihr as 160.000 Exempl\u00e5re. In siene letzten L\u00e4wensjohren m\u00f6sst hei tau mihrere Heilkuren, hei wier krank an\u2019t Hart. V\u00e4l schr\u00e4wen hett hei denn nich mihr. De Volksschriewer, denn v\u00e4le m\u0153gen, st\u00fc\u00fcrf 1933 in Schwerin, gr\u00e5d man 66 Johren olt.<\/p>\n\t\t\t\t\t\t\t\t<\/div>\n\t\t\t\t<\/div>\n\t\t\t\t\t<\/div>\n\t\t\t\t<\/div>\n\t\t\t\t<\/div>\n\t\t","protected":false},"excerpt":{"rendered":"<p>Rudolf Tarnow De M\u00e4kelb\u00f6rger Rudolf Tarnow tellt \u00fcmmer noch tau de plattd\u00fc\u00fctschen Schriewersl\u00fcd in Nuurdd\u00fc\u00fctschland, de jedein kennt. Hei schrifft mit Humor, Schick un Plie un is m\u00e4nnich m\u00e5l ok [&hellip;]<\/p>\n","protected":false},"author":2,"featured_media":0,"parent":0,"menu_order":0,"comment_status":"closed","ping_status":"closed","template":"","meta":{"_price":"","_stock":"","_tribe_ticket_header":"","_tribe_default_ticket_provider":"","_tribe_ticket_capacity":"0","_ticket_start_date":"","_ticket_end_date":"","_tribe_ticket_show_description":"","_tribe_ticket_show_not_going":false,"_tribe_ticket_use_global_stock":"","_tribe_ticket_global_stock_level":"","_global_stock_mode":"","_global_stock_cap":"","_tribe_rsvp_for_event":"","_tribe_ticket_going_count":"","_tribe_ticket_not_going_count":"","_tribe_tickets_list":"[]","_tribe_ticket_has_attendee_info_fields":false,"footnotes":"","_tec_slr_enabled":"","_tec_slr_layout":""},"class_list":["post-1957","page","type-page","status-publish","hentry"],"ticketed":false,"_links":{"self":[{"href":"https:\/\/frlm-mv.de\/nl\/wp-json\/wp\/v2\/pages\/1957","targetHints":{"allow":["GET"]}}],"collection":[{"href":"https:\/\/frlm-mv.de\/nl\/wp-json\/wp\/v2\/pages"}],"about":[{"href":"https:\/\/frlm-mv.de\/nl\/wp-json\/wp\/v2\/types\/page"}],"author":[{"embeddable":true,"href":"https:\/\/frlm-mv.de\/nl\/wp-json\/wp\/v2\/users\/2"}],"replies":[{"embeddable":true,"href":"https:\/\/frlm-mv.de\/nl\/wp-json\/wp\/v2\/comments?post=1957"}],"version-history":[{"count":1,"href":"https:\/\/frlm-mv.de\/nl\/wp-json\/wp\/v2\/pages\/1957\/revisions"}],"predecessor-version":[{"id":1958,"href":"https:\/\/frlm-mv.de\/nl\/wp-json\/wp\/v2\/pages\/1957\/revisions\/1958"}],"wp:attachment":[{"href":"https:\/\/frlm-mv.de\/nl\/wp-json\/wp\/v2\/media?parent=1957"}],"curies":[{"name":"wp","href":"https:\/\/api.w.org\/{rel}","templated":true}]}}