{"id":1955,"date":"2023-06-07T14:42:04","date_gmt":"2023-06-07T12:42:04","guid":{"rendered":"https:\/\/www.frlm-mv.de\/oewer-ernst-luebbert\/"},"modified":"2024-01-09T11:26:20","modified_gmt":"2024-01-09T10:26:20","slug":"oewer-ernst-luebbert","status":"publish","type":"page","link":"https:\/\/frlm-mv.de\/nl\/oewer-ernst-luebbert\/","title":{"rendered":"OEwer Ernst L\u00fcbbert"},"content":{"rendered":"\t\t<div data-elementor-type=\"wp-page\" data-elementor-id=\"1955\" class=\"elementor elementor-1955 elementor-258\" data-elementor-post-type=\"page\">\n\t\t\t\t<div class=\"elementor-element elementor-element-a9db739 e-flex e-con-boxed e-con e-parent\" data-id=\"a9db739\" data-element_type=\"container\" data-e-type=\"container\">\n\t\t\t\t\t<div class=\"e-con-inner\">\n\t\t\t\t<div class=\"elementor-element elementor-element-1b3f928 elementor-widget elementor-widget-text-editor\" data-id=\"1b3f928\" data-element_type=\"widget\" data-e-type=\"widget\" data-widget_type=\"text-editor.default\">\n\t\t\t\t<div class=\"elementor-widget-container\">\n\t\t\t\t\t\t\t\t\t<h2>Ernst L\u00fcbbert<\/h2>\n<p><img fetchpriority=\"high\" decoding=\"async\" class=\"size-medium wp-image-260 alignleft\" src=\"https:\/\/www.frlm-mv.de\/wp-content\/uploads\/2023\/06\/Ernst-Luebbert-212x300.jpg\" alt=\"\" width=\"212\" height=\"300\" srcset=\"https:\/\/frlm-mv.de\/wp-content\/uploads\/2023\/06\/Ernst-Luebbert-212x300.jpg 212w, https:\/\/frlm-mv.de\/wp-content\/uploads\/2023\/06\/Ernst-Luebbert.jpg 225w\" sizes=\"(max-width: 212px) 100vw, 212px\" \/>Ernst L\u00fcbbert is an denn 26. Juli 1879 in Warin geburen. Sien Vadder is Amtsdi\u00e4tar in Warin. De Fomilie treckt 1886 na Stemh\u00e5gen, as de Vadder dor ein St\u00e4d as Amtsprotokollist kricht.<\/p>\n<p>Ernst L\u00fcbbert geiht in de Stemh\u00e4ger B\u00f6rgerschaul un von Ostern 1889 an in de priv\u00e5te Jungsschaul.<\/p>\n<p>Ofschoonst hei nich mit finanzielle \u00dcnnerst\u00fcttung r\u00e4ken kann, geiht Ernst L\u00fcbbert n\u00e5 Berlin. Dor is hei ierst 17 Johren olt. Hei nimmt f\u00f6r korte Tiet priv\u00e5ten Teiken- un M\u00e5l\u00fcnnerricht un ward 1896 an de \u201eK\u00f6niglichen akademischen Hochschule f\u00fcr bildende K\u00fcnste\u201c tau\u2019m Studieren ann\u00e5hmen. 1897 ward em ein Stipendium von de Boldtschen Stiftung tauspr\u00e5ken.<\/p>\n<p>In siene Studientiet warden Ernst L\u00fcbbert Priese tauerkennt, so 1898 f\u00f6r Teiknen un 1901 un 1903 f\u00f6r Kompositschons\u00e4ubungen.<\/p>\n<p>1903 \u2013 1904 deint hei ein Johr friewillig in Wismer un ward entl\u00e5ten, f\u00e4hig Offizier tau warden. As siene Tiet bi dat Milit\u00e4r r\u00fcm is, geiht L\u00fcbbert n\u00e5 Berlin tr\u00fc\u00fcch. Hei warkt as frie K\u00fcnstler, teikent Rekl\u00e5me un Karrikaturen. Sien Brot verdeint hei mit de Rekl\u00e5me. Bes\u00fcnners mit Portr\u00e4t- un Genrem\u00e5lerie fangt hei an sik tau bef\u00e5ten. Von 1909 an warden siene Biller up Kunst-Utstellungen in Hamborg un Berlin zeicht.<\/p>\n<p>An denn 2. August 1914 ward L\u00fcbbert intreckt. An denn Dach friecht hei siene Fr\u00fcndin Hedwig Techel. Mit grote Gef\u00e4uhle f\u00f6r sien Vadderland treckt hei in denn Weltkrieg. As de Morgen an denn 29. August 1915 uptr\u00f6k, ward de Kompanief\u00fchrer Leutnant L\u00fcbbert bi einen Stormangriff von ein Kugel in denn Buk dr\u00e5pen un staarft, man, gr\u00e5d 36 Johren olt.<\/p>\n\t\t\t\t\t\t\t\t<\/div>\n\t\t\t\t<\/div>\n\t\t\t\t\t<\/div>\n\t\t\t\t<\/div>\n\t\t\t\t<\/div>\n\t\t","protected":false},"excerpt":{"rendered":"<p>Ernst L\u00fcbbert Ernst L\u00fcbbert is an denn 26. Juli 1879 in Warin geburen. Sien Vadder is Amtsdi\u00e4tar in Warin. De Fomilie treckt 1886 na Stemh\u00e5gen, as de Vadder dor ein [&hellip;]<\/p>\n","protected":false},"author":2,"featured_media":0,"parent":0,"menu_order":0,"comment_status":"closed","ping_status":"closed","template":"","meta":{"_price":"","_stock":"","_tribe_ticket_header":"","_tribe_default_ticket_provider":"","_tribe_ticket_capacity":"0","_ticket_start_date":"","_ticket_end_date":"","_tribe_ticket_show_description":"","_tribe_ticket_show_not_going":false,"_tribe_ticket_use_global_stock":"","_tribe_ticket_global_stock_level":"","_global_stock_mode":"","_global_stock_cap":"","_tribe_rsvp_for_event":"","_tribe_ticket_going_count":"","_tribe_ticket_not_going_count":"","_tribe_tickets_list":"[]","_tribe_ticket_has_attendee_info_fields":false,"footnotes":"","_tec_slr_enabled":"","_tec_slr_layout":""},"class_list":["post-1955","page","type-page","status-publish","hentry"],"ticketed":false,"_links":{"self":[{"href":"https:\/\/frlm-mv.de\/nl\/wp-json\/wp\/v2\/pages\/1955","targetHints":{"allow":["GET"]}}],"collection":[{"href":"https:\/\/frlm-mv.de\/nl\/wp-json\/wp\/v2\/pages"}],"about":[{"href":"https:\/\/frlm-mv.de\/nl\/wp-json\/wp\/v2\/types\/page"}],"author":[{"embeddable":true,"href":"https:\/\/frlm-mv.de\/nl\/wp-json\/wp\/v2\/users\/2"}],"replies":[{"embeddable":true,"href":"https:\/\/frlm-mv.de\/nl\/wp-json\/wp\/v2\/comments?post=1955"}],"version-history":[{"count":1,"href":"https:\/\/frlm-mv.de\/nl\/wp-json\/wp\/v2\/pages\/1955\/revisions"}],"predecessor-version":[{"id":1956,"href":"https:\/\/frlm-mv.de\/nl\/wp-json\/wp\/v2\/pages\/1955\/revisions\/1956"}],"wp:attachment":[{"href":"https:\/\/frlm-mv.de\/nl\/wp-json\/wp\/v2\/media?parent=1955"}],"curies":[{"name":"wp","href":"https:\/\/api.w.org\/{rel}","templated":true}]}}