{"id":1953,"date":"2023-06-07T14:38:21","date_gmt":"2023-06-07T12:38:21","guid":{"rendered":"https:\/\/www.frlm-mv.de\/oewer-fritz-reuter\/"},"modified":"2024-01-09T11:07:02","modified_gmt":"2024-01-09T10:07:02","slug":"oewer-fritz-reuter","status":"publish","type":"page","link":"https:\/\/frlm-mv.de\/nl\/oewer-fritz-reuter\/","title":{"rendered":"OEwer Fritz Reuter"},"content":{"rendered":"\t\t<div data-elementor-type=\"wp-page\" data-elementor-id=\"1953\" class=\"elementor elementor-1953 elementor-252\" data-elementor-post-type=\"page\">\n\t\t\t\t<div class=\"elementor-element elementor-element-a9db739 e-flex e-con-boxed e-con e-parent\" data-id=\"a9db739\" data-element_type=\"container\" data-e-type=\"container\">\n\t\t\t\t\t<div class=\"e-con-inner\">\n\t\t\t\t<div class=\"elementor-element elementor-element-1b3f928 elementor-widget elementor-widget-text-editor\" data-id=\"1b3f928\" data-element_type=\"widget\" data-e-type=\"widget\" data-widget_type=\"text-editor.default\">\n\t\t\t\t<div class=\"elementor-widget-container\">\n\t\t\t\t\t\t\t\t\t<h2>Fritz Reuter<\/h2>\n<p><img fetchpriority=\"high\" decoding=\"async\" class=\"size-medium wp-image-254 alignleft\" src=\"https:\/\/www.frlm-mv.de\/wp-content\/uploads\/2023\/06\/Fritz-Reuter-212x300.jpg\" alt=\"\" width=\"212\" height=\"300\" srcset=\"https:\/\/frlm-mv.de\/wp-content\/uploads\/2023\/06\/Fritz-Reuter-212x300.jpg 212w, https:\/\/frlm-mv.de\/wp-content\/uploads\/2023\/06\/Fritz-Reuter.jpg 225w\" sizes=\"(max-width: 212px) 100vw, 212px\" \/>Fritz Reuter wier de bed\u00fcdenst\u2019 d\u00fc\u00fctsche Dichter, de Plattd\u00fc\u00fctsch schr\u00e4wen hett. Reuter un Klaus Groth warden f\u00f6r de anseihn, wecke de niege nedderd\u00fc\u00fctsche Literatur begr\u00fcnnt hebben.<\/p>\n<p>An denn 07. November 1810 is hei in Stemh\u00e5gen gebuurn. Sien Vadder wier de B\u00f6rgermeister Georg Johann Jakob Reuter siene Mudder Johanna Luise Sophie Reuter, geb. Oelpke. F\u00f6r Fritz ward ein Priv\u00e5tlihrer anstellt, man, de \u00dcnnerricht is nich gaut organisiert un finnt m\u00e5l statt un m\u00e5l nich. 1824 ward hei in de Gelihrtenschaul in Fr\u00e4land upn\u00e5hmen. 1831 schafft hei sien Abitur in Parchim. Nu studiert hei tauierst in Rostock, l\u00e5ter in Jena up Rechtsw\u00e4tenschaft. Dor tr\u00e4d\u2019t hei de Burschenschaft \u201eGermania\u201c bi. Hei keem in denn Verdacht, dat hei sik in de Tiet von denn V\u00f6rm\u00e4rz politisch aktiv wier. So w\u00fcr hei 1833 in Berlin in Haft n\u00e5hmen un 1836 tau\u2019n Dot afurdeilt w\u00e4gen Majest\u00e4tsbeleidigung un wiel hei vers\u00f6cht hebben sall, Hochverr\u00e5t tau beg\u00e5hn. De Str\u00e5f ward denn \u00e5wer \u00fcmwannelt tau 30 Johren Haft up ein Festung. Hei wier in verschieden Gef\u00e4ngnisse, so ok up de Festung D\u0153mz. All 1840 ward hei entl\u00e5ten. In dat Johr 1842 tr\u00e4d\u2019t Reuter eine St\u00e4d as Strom bi einen Gautsp\u00e4chter an un lihrt dor siene Louise kenne, de l\u00e5ter siene Fru ward. Dat Schriewen fangt Reuter 1845 an un gifft dat anonym rut in \u201eMecklenburg. Ein Jahrbuch f\u00fcr alle St\u00e4nde\u201c. L\u00e5ter schrifft Fritz Reuter up, wat hei bel\u00e4\u00e4ft hett, wat em ok helpt, dormit trecht tau k\u00e5men. Sien Wark is verbunnen mit Satire, Humor un einen kloren Blick up siene Meckelb\u00f6rger, up Minschen as du un ik. 1857 schrifft hei \u201eKein H\u00fcsung\u201c, ein sozi\u00e5le Kritik. 1863 trecken Reuters \u00fcm n\u00e5 Th\u00fcringen, n\u00e5 Eisenach. Ok hier schrifft Reuter niege Warke.<\/p>\n<p>An denn 12. Juli 1874 staarft Reuter in siene Villa in Eisenach. Univers\u00e5l aarft siene Fru Louise. Sei staarft an denn 09. Juni 1894.<\/p>\n<p>Fritz Reuter siene Warke s\u00fcnd internatschon\u00e5l \u0153wersett. Sei warden bet h\u00fct up Plattd\u00fc\u00fctsch orrer as hochd\u00fc\u00fctsche \u0152wersettungen l\u00e4\u00e4st.<\/p>\n\t\t\t\t\t\t\t\t<\/div>\n\t\t\t\t<\/div>\n\t\t\t\t\t<\/div>\n\t\t\t\t<\/div>\n\t\t\t\t<\/div>\n\t\t","protected":false},"excerpt":{"rendered":"<p>Fritz Reuter Fritz Reuter wier de bed\u00fcdenst\u2019 d\u00fc\u00fctsche Dichter, de Plattd\u00fc\u00fctsch schr\u00e4wen hett. Reuter un Klaus Groth warden f\u00f6r de anseihn, wecke de niege nedderd\u00fc\u00fctsche Literatur begr\u00fcnnt hebben. An denn [&hellip;]<\/p>\n","protected":false},"author":2,"featured_media":0,"parent":0,"menu_order":0,"comment_status":"closed","ping_status":"closed","template":"","meta":{"_price":"","_stock":"","_tribe_ticket_header":"","_tribe_default_ticket_provider":"","_tribe_ticket_capacity":"0","_ticket_start_date":"","_ticket_end_date":"","_tribe_ticket_show_description":"","_tribe_ticket_show_not_going":false,"_tribe_ticket_use_global_stock":"","_tribe_ticket_global_stock_level":"","_global_stock_mode":"","_global_stock_cap":"","_tribe_rsvp_for_event":"","_tribe_ticket_going_count":"","_tribe_ticket_not_going_count":"","_tribe_tickets_list":"[]","_tribe_ticket_has_attendee_info_fields":false,"footnotes":"","_tec_slr_enabled":"","_tec_slr_layout":""},"class_list":["post-1953","page","type-page","status-publish","hentry"],"ticketed":false,"_links":{"self":[{"href":"https:\/\/frlm-mv.de\/nl\/wp-json\/wp\/v2\/pages\/1953","targetHints":{"allow":["GET"]}}],"collection":[{"href":"https:\/\/frlm-mv.de\/nl\/wp-json\/wp\/v2\/pages"}],"about":[{"href":"https:\/\/frlm-mv.de\/nl\/wp-json\/wp\/v2\/types\/page"}],"author":[{"embeddable":true,"href":"https:\/\/frlm-mv.de\/nl\/wp-json\/wp\/v2\/users\/2"}],"replies":[{"embeddable":true,"href":"https:\/\/frlm-mv.de\/nl\/wp-json\/wp\/v2\/comments?post=1953"}],"version-history":[{"count":1,"href":"https:\/\/frlm-mv.de\/nl\/wp-json\/wp\/v2\/pages\/1953\/revisions"}],"predecessor-version":[{"id":1954,"href":"https:\/\/frlm-mv.de\/nl\/wp-json\/wp\/v2\/pages\/1953\/revisions\/1954"}],"wp:attachment":[{"href":"https:\/\/frlm-mv.de\/nl\/wp-json\/wp\/v2\/media?parent=1953"}],"curies":[{"name":"wp","href":"https:\/\/api.w.org\/{rel}","templated":true}]}}