{"id":1943,"date":"2023-06-15T15:38:27","date_gmt":"2023-06-15T13:38:27","guid":{"rendered":"https:\/\/www.frlm-mv.de\/touristinformatschon\/"},"modified":"2024-01-09T10:45:09","modified_gmt":"2024-01-09T09:45:09","slug":"touristinformatschon","status":"publish","type":"page","link":"https:\/\/frlm-mv.de\/nl\/touristinformatschon\/","title":{"rendered":"Touristinformatschon"},"content":{"rendered":"\t\t<div data-elementor-type=\"wp-page\" data-elementor-id=\"1943\" class=\"elementor elementor-1943 elementor-547\" data-elementor-post-type=\"page\">\n\t\t\t\t<div class=\"elementor-element elementor-element-a9db739 e-flex e-con-boxed e-con e-parent\" data-id=\"a9db739\" data-element_type=\"container\" data-e-type=\"container\">\n\t\t\t\t\t<div class=\"e-con-inner\">\n\t\t\t\t<div class=\"elementor-element elementor-element-1b3f928 elementor-widget__width-inherit elementor-widget elementor-widget-text-editor\" data-id=\"1b3f928\" data-element_type=\"widget\" data-e-type=\"widget\" data-widget_type=\"text-editor.default\">\n\t\t\t\t<div class=\"elementor-widget-container\">\n\t\t\t\t\t\t\t\t\t<h1 class=\"\">Touristinformatschon von de Reuterstadt Stemh\u00e5gen<\/h1>\n\t\t\t\t\t\t\t\t<\/div>\n\t\t\t\t<\/div>\n\t\t\t\t<div class=\"elementor-element elementor-element-ee6a722 elementor-widget__width-initial elementor-widget-tablet__width-initial elementor-widget elementor-widget-text-editor\" data-id=\"ee6a722\" data-element_type=\"widget\" data-e-type=\"widget\" data-widget_type=\"text-editor.default\">\n\t\t\t\t<div class=\"elementor-widget-container\">\n\t\t\t\t\t\t\t\t\t<p>Reuterstadt Stemh\u00e5gen \u2013 Stadtinformatschon<br \/>Markt 1<br \/>17153 Stemh\u00e5gen<\/p>\n<p>Tel.: <a href=\"tel:+4939954279835\">039954 279835<\/a><br \/>E-Mail: <a href=\"mailto:touristinfo@stavenhagen.de\">touristinfo( at )stavenhagen.de<\/a><\/p>\n<p>De Stadtinformatschon k\u0153nen Sei anraupen:<br \/><strong>Dingsdach bet S\u00fcnndach von Klock 10 bet Klock 5<\/strong><br \/>(November-M\u00e4rzm\u00e5nd: Dingsdach-S\u00fcnn\u00e5bend Klock 10 bet Klock 5)<br \/>de Apperrat steiht in dat Fritz-Reuter-Literaturmuseum \u2013 Tel.: <a href=\"tel:+493995421072\">039954 21072<\/a><\/p>\n\t\t\t\t\t\t\t\t<\/div>\n\t\t\t\t<\/div>\n\t\t\t\t<div class=\"elementor-element elementor-element-524829b elementor-widget__width-initial elementor-widget-mobile__width-initial elementor-widget elementor-widget-image\" data-id=\"524829b\" data-element_type=\"widget\" data-e-type=\"widget\" data-widget_type=\"image.default\">\n\t\t\t\t<div class=\"elementor-widget-container\">\n\t\t\t\t\t\t\t\t\t\t\t\t\t\t\t<img decoding=\"async\" src=\"https:\/\/frlm-mv.de\/wp-content\/uploads\/elementor\/thumbs\/Stavenhagen-Flugbild-qn4l4wq2rigpn5lmgugzu1t211p2e4kfdlx8y7fjls.jpg\" title=\"Stavenhagen Flugbild\" alt=\"Stavenhagen Flugbild\" loading=\"lazy\" \/>\t\t\t\t\t\t\t\t\t\t\t\t\t\t\t<\/div>\n\t\t\t\t<\/div>\n\t\t\t\t<div class=\"elementor-element elementor-element-7425ede elementor-widget elementor-widget-text-editor\" data-id=\"7425ede\" data-element_type=\"widget\" data-e-type=\"widget\" data-widget_type=\"text-editor.default\">\n\t\t\t\t<div class=\"elementor-widget-container\">\n\t\t\t\t\t\t\t\t\t<p>Noch mihr tau weiten kriegen Sei \u00fcnner:<\/p>\n<p><a href=\"http:\/\/www.stavenhagen.de\/\" target=\"_blank\" rel=\"noopener\">www.stavenhagen.de<\/a><\/p>\n<p>Hier k\u0153nen Sei online klor m\u00e5ken, in Stemh\u00e5gen un de \u00dcmg\u00e4gend in Hotels, Pensionen un Ferienw\u00e5hnungen tau \u0153wernachten.<\/p>\n<p>Kieken Sei ok eins up de Sieden von unsen Tourismusverband \u00fcnner:<\/p>\n<p><a href=\"http:\/\/www.mecklenburgische-schweiz.com\/\" target=\"_blank\" rel=\"noopener\">www.mecklenburgische-schweiz.com<\/a><\/p>\n<p>Dor finnen Sei V\u00f6rschl\u00e4\u00e4ch, wohen sik dat verlohnen deit, einen Utfluch in de G\u00e4gend tau m\u00e5ken.<\/p>\n\t\t\t\t\t\t\t\t<\/div>\n\t\t\t\t<\/div>\n\t\t\t\t<div class=\"elementor-element elementor-element-2f01926 elementor-widget__width-inherit elementor-widget elementor-widget-text-editor\" data-id=\"2f01926\" data-element_type=\"widget\" data-e-type=\"widget\" data-widget_type=\"text-editor.default\">\n\t\t\t\t<div class=\"elementor-widget-container\">\n\t\t\t\t\t\t\t\t\t<h2>Prospekten<\/h2>\n\t\t\t\t\t\t\t\t<\/div>\n\t\t\t\t<\/div>\n\t\t\t\t<div class=\"elementor-element elementor-element-d5c3157 elementor-widget elementor-widget-text-editor\" data-id=\"d5c3157\" data-element_type=\"widget\" data-e-type=\"widget\" data-widget_type=\"text-editor.default\">\n\t\t\t\t<div class=\"elementor-widget-container\">\n\t\t\t\t\t\t\t\t\t<p>De Satdtinformatschon Stemh\u00e5gen st\u00fcert Sei, wenn Sei bi uns in de G\u00e4gend Ulraub m\u00e5ken willen, f\u00f6r Ehre Pl\u00e5nung Informatschoonsmateri\u00e5l tau. Wenn Sei dat giern hebben willen, raupen Sei uns an orrer schriewen Sei \u2019n Popierbreif orrer ein\u2019 <a href=\"mailto:touristinfo@stavenhagen.de\">per Email<\/a>. Wi schicken Sei dat mit de Post tau. Bet\u00e5hlen m\u0153ten Sei dorf\u00f6r nix. Hier de Adress:: Fritz-Reuter-Literaturmuseum Markt 1 17153 Stavenhagen Tel.: 039954 21072 literaturmuseum(at)stavenhagen.de Verantwuurtlich f\u00f6r dat, wat hier steiht: Torsten Jahn<\/p>\n\t\t\t\t\t\t\t\t<\/div>\n\t\t\t\t<\/div>\n\t\t\t\t<div class=\"elementor-element elementor-element-4fd16ab elementor-widget__width-initial elementor-widget elementor-widget-image\" data-id=\"4fd16ab\" data-element_type=\"widget\" data-e-type=\"widget\" data-widget_type=\"image.default\">\n\t\t\t\t<div class=\"elementor-widget-container\">\n\t\t\t\t\t\t\t\t\t\t\t\t\t\t\t<img fetchpriority=\"high\" decoding=\"async\" width=\"500\" height=\"496\" src=\"https:\/\/frlm-mv.de\/wp-content\/uploads\/2023\/06\/csm_Tourismus_02_2756f57b16.jpg\" class=\"attachment-large size-large wp-image-1945\" alt=\"\" srcset=\"https:\/\/frlm-mv.de\/wp-content\/uploads\/2023\/06\/csm_Tourismus_02_2756f57b16.jpg 500w, https:\/\/frlm-mv.de\/wp-content\/uploads\/2023\/06\/csm_Tourismus_02_2756f57b16-300x298.jpg 300w, https:\/\/frlm-mv.de\/wp-content\/uploads\/2023\/06\/csm_Tourismus_02_2756f57b16-150x150.jpg 150w\" sizes=\"(max-width: 500px) 100vw, 500px\" \/>\t\t\t\t\t\t\t\t\t\t\t\t\t\t\t<\/div>\n\t\t\t\t<\/div>\n\t\t\t\t<div class=\"elementor-element elementor-element-5f2907f elementor-widget__width-initial elementor-widget elementor-widget-image\" data-id=\"5f2907f\" data-element_type=\"widget\" data-e-type=\"widget\" data-widget_type=\"image.default\">\n\t\t\t\t<div class=\"elementor-widget-container\">\n\t\t\t\t\t\t\t\t\t\t\t\t\t\t\t<img decoding=\"async\" width=\"500\" height=\"498\" src=\"https:\/\/frlm-mv.de\/wp-content\/uploads\/2023\/06\/csm_Tourismus_03_d96aa86a1c.jpg\" class=\"attachment-large size-large wp-image-1946\" alt=\"\" srcset=\"https:\/\/frlm-mv.de\/wp-content\/uploads\/2023\/06\/csm_Tourismus_03_d96aa86a1c.jpg 500w, https:\/\/frlm-mv.de\/wp-content\/uploads\/2023\/06\/csm_Tourismus_03_d96aa86a1c-300x300.jpg 300w, https:\/\/frlm-mv.de\/wp-content\/uploads\/2023\/06\/csm_Tourismus_03_d96aa86a1c-150x150.jpg 150w\" sizes=\"(max-width: 500px) 100vw, 500px\" \/>\t\t\t\t\t\t\t\t\t\t\t\t\t\t\t<\/div>\n\t\t\t\t<\/div>\n\t\t\t\t<div class=\"elementor-element elementor-element-99eb9e0 elementor-widget__width-initial elementor-widget elementor-widget-image\" data-id=\"99eb9e0\" data-element_type=\"widget\" data-e-type=\"widget\" data-widget_type=\"image.default\">\n\t\t\t\t<div class=\"elementor-widget-container\">\n\t\t\t\t\t\t\t\t\t\t\t\t\t\t\t<img decoding=\"async\" width=\"500\" height=\"503\" src=\"https:\/\/frlm-mv.de\/wp-content\/uploads\/2023\/06\/csm_Tourismus_04_a0bd02149a.jpg\" class=\"attachment-large size-large wp-image-1947\" alt=\"\" srcset=\"https:\/\/frlm-mv.de\/wp-content\/uploads\/2023\/06\/csm_Tourismus_04_a0bd02149a.jpg 500w, https:\/\/frlm-mv.de\/wp-content\/uploads\/2023\/06\/csm_Tourismus_04_a0bd02149a-298x300.jpg 298w, https:\/\/frlm-mv.de\/wp-content\/uploads\/2023\/06\/csm_Tourismus_04_a0bd02149a-150x150.jpg 150w\" sizes=\"(max-width: 500px) 100vw, 500px\" \/>\t\t\t\t\t\t\t\t\t\t\t\t\t\t\t<\/div>\n\t\t\t\t<\/div>\n\t\t\t\t\t<\/div>\n\t\t\t\t<\/div>\n\t\t\t\t<\/div>\n\t\t","protected":false},"excerpt":{"rendered":"<p>Touristinformatschon von de Reuterstadt Stemh\u00e5gen Reuterstadt Stemh\u00e5gen \u2013 StadtinformatschonMarkt 117153 Stemh\u00e5gen Tel.: 039954 279835E-Mail: touristinfo( at )stavenhagen.de De Stadtinformatschon k\u0153nen Sei anraupen:Dingsdach bet S\u00fcnndach von Klock 10 bet Klock 5(November-M\u00e4rzm\u00e5nd: [&hellip;]<\/p>\n","protected":false},"author":2,"featured_media":0,"parent":0,"menu_order":0,"comment_status":"closed","ping_status":"closed","template":"","meta":{"_price":"","_stock":"","_tribe_ticket_header":"","_tribe_default_ticket_provider":"","_tribe_ticket_capacity":"0","_ticket_start_date":"","_ticket_end_date":"","_tribe_ticket_show_description":"","_tribe_ticket_show_not_going":false,"_tribe_ticket_use_global_stock":"","_tribe_ticket_global_stock_level":"","_global_stock_mode":"","_global_stock_cap":"","_tribe_rsvp_for_event":"","_tribe_ticket_going_count":"","_tribe_ticket_not_going_count":"","_tribe_tickets_list":"[]","_tribe_ticket_has_attendee_info_fields":false,"footnotes":"","_tec_slr_enabled":"","_tec_slr_layout":""},"class_list":["post-1943","page","type-page","status-publish","hentry"],"ticketed":false,"_links":{"self":[{"href":"https:\/\/frlm-mv.de\/nl\/wp-json\/wp\/v2\/pages\/1943","targetHints":{"allow":["GET"]}}],"collection":[{"href":"https:\/\/frlm-mv.de\/nl\/wp-json\/wp\/v2\/pages"}],"about":[{"href":"https:\/\/frlm-mv.de\/nl\/wp-json\/wp\/v2\/types\/page"}],"author":[{"embeddable":true,"href":"https:\/\/frlm-mv.de\/nl\/wp-json\/wp\/v2\/users\/2"}],"replies":[{"embeddable":true,"href":"https:\/\/frlm-mv.de\/nl\/wp-json\/wp\/v2\/comments?post=1943"}],"version-history":[{"count":1,"href":"https:\/\/frlm-mv.de\/nl\/wp-json\/wp\/v2\/pages\/1943\/revisions"}],"predecessor-version":[{"id":1948,"href":"https:\/\/frlm-mv.de\/nl\/wp-json\/wp\/v2\/pages\/1943\/revisions\/1948"}],"wp:attachment":[{"href":"https:\/\/frlm-mv.de\/nl\/wp-json\/wp\/v2\/media?parent=1943"}],"curies":[{"name":"wp","href":"https:\/\/api.w.org\/{rel}","templated":true}]}}