{"id":1749,"date":"2023-06-07T14:49:28","date_gmt":"2023-06-07T12:49:28","guid":{"rendered":"https:\/\/www.frlm-mv.de\/dat-museum-is-aapen\/"},"modified":"2023-12-08T13:47:23","modified_gmt":"2023-12-08T12:47:23","slug":"dat-museum-is-aapen","status":"publish","type":"page","link":"https:\/\/frlm-mv.de\/nl\/dat-museum-is-aapen\/","title":{"rendered":"Dat Museum is \u00e5pen"},"content":{"rendered":"\t\t<div data-elementor-type=\"wp-page\" data-elementor-id=\"1749\" class=\"elementor elementor-1749 elementor-270\" data-elementor-post-type=\"page\">\n\t\t\t\t<div class=\"elementor-element elementor-element-a9db739 e-flex e-con-boxed e-con e-parent\" data-id=\"a9db739\" data-element_type=\"container\" data-e-type=\"container\">\n\t\t\t\t\t<div class=\"e-con-inner\">\n\t\t\t\t<div class=\"elementor-element elementor-element-1b3f928 elementor-widget elementor-widget-text-editor\" data-id=\"1b3f928\" data-element_type=\"widget\" data-e-type=\"widget\" data-widget_type=\"text-editor.default\">\n\t\t\t\t<div class=\"elementor-widget-container\">\n\t\t\t\t\t\t\t\t\t<h1>Dat Museum is \u00e5pen<\/h1>\n\t\t\t\t\t\t\t\t<\/div>\n\t\t\t\t<\/div>\n\t\t\t\t<div class=\"elementor-element elementor-element-6dd7979 elementor-widget elementor-widget-text-editor\" data-id=\"6dd7979\" data-element_type=\"widget\" data-e-type=\"widget\" data-widget_type=\"text-editor.default\">\n\t\t\t\t<div class=\"elementor-widget-container\">\n\t\t\t\t\t\t\t\t\t<p><strong>Novemberm\u00e5nd \u2013 M\u00e4rzm\u00e5nd<\/strong><\/p>\n<p>Dingsdach \u2013 S\u00fcnn\u00e5bend Klock 10- Klock 5 an\u2019n N\u00e5hmeddach<\/p>\n<p><strong>April \u2013 Oktoberm\u00e5nd<\/strong><\/p>\n<p>Dingsdach \u2013 S\u00fcnndach &amp; Fieerd\u00e5chs Klock 10- Klock 5 an\u2019n N\u00e5hmeddach<\/p>\n<p><em>de Letzten l\u00e5ten wi rin bet: 16:45 Uhr<\/em><\/p>\n<p>F\u00fchrungen n\u00e5h Verafr\u00e4dung Kontaktieren Sie uns gern.<\/p>\n\t\t\t\t\t\t\t\t<\/div>\n\t\t\t\t<\/div>\n\t\t\t\t\t<\/div>\n\t\t\t\t<\/div>\n\t\t\t\t<\/div>\n\t\t","protected":false},"excerpt":{"rendered":"<p>Dat Museum is \u00e5pen Novemberm\u00e5nd \u2013 M\u00e4rzm\u00e5nd Dingsdach \u2013 S\u00fcnn\u00e5bend Klock 10- Klock 5 an\u2019n N\u00e5hmeddach April \u2013 Oktoberm\u00e5nd Dingsdach \u2013 S\u00fcnndach &amp; Fieerd\u00e5chs Klock 10- Klock 5 an\u2019n N\u00e5hmeddach [&hellip;]<\/p>\n","protected":false},"author":2,"featured_media":0,"parent":0,"menu_order":0,"comment_status":"closed","ping_status":"closed","template":"","meta":{"_price":"","_stock":"","_tribe_ticket_header":"","_tribe_default_ticket_provider":"","_tribe_ticket_capacity":"0","_ticket_start_date":"","_ticket_end_date":"","_tribe_ticket_show_description":"","_tribe_ticket_show_not_going":false,"_tribe_ticket_use_global_stock":"","_tribe_ticket_global_stock_level":"","_global_stock_mode":"","_global_stock_cap":"","_tribe_rsvp_for_event":"","_tribe_ticket_going_count":"","_tribe_ticket_not_going_count":"","_tribe_tickets_list":"[]","_tribe_ticket_has_attendee_info_fields":false,"footnotes":"","_tec_slr_enabled":"","_tec_slr_layout":""},"class_list":["post-1749","page","type-page","status-publish","hentry"],"ticketed":false,"_links":{"self":[{"href":"https:\/\/frlm-mv.de\/nl\/wp-json\/wp\/v2\/pages\/1749","targetHints":{"allow":["GET"]}}],"collection":[{"href":"https:\/\/frlm-mv.de\/nl\/wp-json\/wp\/v2\/pages"}],"about":[{"href":"https:\/\/frlm-mv.de\/nl\/wp-json\/wp\/v2\/types\/page"}],"author":[{"embeddable":true,"href":"https:\/\/frlm-mv.de\/nl\/wp-json\/wp\/v2\/users\/2"}],"replies":[{"embeddable":true,"href":"https:\/\/frlm-mv.de\/nl\/wp-json\/wp\/v2\/comments?post=1749"}],"version-history":[{"count":1,"href":"https:\/\/frlm-mv.de\/nl\/wp-json\/wp\/v2\/pages\/1749\/revisions"}],"predecessor-version":[{"id":1750,"href":"https:\/\/frlm-mv.de\/nl\/wp-json\/wp\/v2\/pages\/1749\/revisions\/1750"}],"wp:attachment":[{"href":"https:\/\/frlm-mv.de\/nl\/wp-json\/wp\/v2\/media?parent=1749"}],"curies":[{"name":"wp","href":"https:\/\/api.w.org\/{rel}","templated":true}]}}