{"id":1632,"date":"2023-06-07T14:51:09","date_gmt":"2023-06-07T12:51:09","guid":{"rendered":"https:\/\/www.frlm-mv.de\/billjet-priese\/"},"modified":"2024-01-09T12:06:49","modified_gmt":"2024-01-09T11:06:49","slug":"billjet-priese","status":"publish","type":"page","link":"https:\/\/frlm-mv.de\/nl\/billjet-priese\/","title":{"rendered":"Billjettpriese un wat dat s\u00fcss noch kost"},"content":{"rendered":"\t\t<div data-elementor-type=\"wp-page\" data-elementor-id=\"1632\" class=\"elementor elementor-1632 elementor-275\" data-elementor-post-type=\"page\">\n\t\t\t\t<div class=\"elementor-element elementor-element-a9db739 e-flex e-con-boxed e-con e-parent\" data-id=\"a9db739\" data-element_type=\"container\" data-e-type=\"container\">\n\t\t\t\t\t<div class=\"e-con-inner\">\n\t\t\t\t<div class=\"elementor-element elementor-element-1b3f928 elementor-widget elementor-widget-text-editor\" data-id=\"1b3f928\" data-element_type=\"widget\" data-e-type=\"widget\" data-widget_type=\"text-editor.default\">\n\t\t\t\t<div class=\"elementor-widget-container\">\n\t\t\t\t\t\t\t\t\t<h1>Billjetpriese<\/h1>\n\t\t\t\t\t\t\t\t<\/div>\n\t\t\t\t<\/div>\n\t\t\t\t<div class=\"elementor-element elementor-element-8997b03 elementor-widget elementor-widget-text-editor\" data-id=\"8997b03\" data-element_type=\"widget\" data-e-type=\"widget\" data-widget_type=\"text-editor.default\">\n\t\t\t\t<div class=\"elementor-widget-container\">\n\t\t\t\t\t\t\t\t\t<p><strong>Billjetpriese<\/strong><\/p>\n<p>Billjet f\u00f6r einen: 4 \u20ac;<br \/>Billjett f\u00f6r einen, de behinnert is mit siene Begleitperson 3 \u20ac;<br \/>Billjett f\u00f6r ein Kind 1 \u20ac;<br \/>Grupp mit tauminnst 20 L\u00fcd (g\u00e4gen Quittung) 3,50 \u20ac;.<br \/>Anner Verg\u00fcnstigungen, so as de ok in de Geb\u00fchrenuurdnung schr\u00e4wen st\u00e5hn, s\u00fcnd m\u0153chlich. Raupen Sei uns an.<\/p>\n<p><strong>F\u00fchrungen un V\u00f6rdr\u00e4\u00e4ch<\/strong><\/p>\n<p>anmellte F\u00fchrungen d\u00f6rch de Utstellungen: per Bes\u00e4uker 1\u20ac, tauminnst 25 \u20ac, b\u00e5bentau k\u00fcmmt de norm\u00e5le Billjetpries<\/p>\n<p>V\u00f6rdrach ut de B\u00e4uker von Fritz Reuter orrer plattd\u00fc\u00fctsch Literatur un Volkskunn\u2019 (liter\u00e5risch\u2019 Stunn): per Bes\u00e4uker 2 \u20ac, tauminnst 50 \u20ac, b\u00e5bentau k\u00fcmmt de norm\u00e5le Billjetpries.<\/p>\n<p><strong>Szenisch\u2019 F\u00fchrung:<\/strong><br \/>Luise Reuter: \u201eDa bin ich die N\u00e4chste dazu\u201c.<br \/>blot, wenn dat v\u00f6rher afspr\u00e5ken is, tauminnst 10 un nich mihr as 25 L\u00fcd, Pries: 75 \u20ac, b\u00e5bentau de norm\u00e5le Billjetpries.<\/p>\n<p>Wenn de F\u00fchrungen un Veranstaltungen in dat Museum stattfinnen sallen, wi \u0153wer eigentlich tau hebben, is dat m\u0153chlich. Dat m\u0153t denn afspr\u00e5ken warden un kost\u2019 jeweils denn duwwelten Pries.<\/p>\n\t\t\t\t\t\t\t\t<\/div>\n\t\t\t\t<\/div>\n\t\t\t\t\t<\/div>\n\t\t\t\t<\/div>\n\t\t\t\t<\/div>\n\t\t","protected":false},"excerpt":{"rendered":"<p>Billjetpriese Billjetpriese Billjet f\u00f6r einen: 4 \u20ac;Billjett f\u00f6r einen, de behinnert is mit siene Begleitperson 3 \u20ac;Billjett f\u00f6r ein Kind 1 \u20ac;Grupp mit tauminnst 20 L\u00fcd (g\u00e4gen Quittung) 3,50 \u20ac;.Anner [&hellip;]<\/p>\n","protected":false},"author":2,"featured_media":0,"parent":0,"menu_order":0,"comment_status":"closed","ping_status":"closed","template":"","meta":{"_price":"","_stock":"","_tribe_ticket_header":"","_tribe_default_ticket_provider":"","_tribe_ticket_capacity":"0","_ticket_start_date":"","_ticket_end_date":"","_tribe_ticket_show_description":"","_tribe_ticket_show_not_going":false,"_tribe_ticket_use_global_stock":"","_tribe_ticket_global_stock_level":"","_global_stock_mode":"","_global_stock_cap":"","_tribe_rsvp_for_event":"","_tribe_ticket_going_count":"","_tribe_ticket_not_going_count":"","_tribe_tickets_list":"[]","_tribe_ticket_has_attendee_info_fields":false,"footnotes":"","_tec_slr_enabled":"","_tec_slr_layout":""},"class_list":["post-1632","page","type-page","status-publish","hentry"],"ticketed":false,"_links":{"self":[{"href":"https:\/\/frlm-mv.de\/nl\/wp-json\/wp\/v2\/pages\/1632","targetHints":{"allow":["GET"]}}],"collection":[{"href":"https:\/\/frlm-mv.de\/nl\/wp-json\/wp\/v2\/pages"}],"about":[{"href":"https:\/\/frlm-mv.de\/nl\/wp-json\/wp\/v2\/types\/page"}],"author":[{"embeddable":true,"href":"https:\/\/frlm-mv.de\/nl\/wp-json\/wp\/v2\/users\/2"}],"replies":[{"embeddable":true,"href":"https:\/\/frlm-mv.de\/nl\/wp-json\/wp\/v2\/comments?post=1632"}],"version-history":[{"count":5,"href":"https:\/\/frlm-mv.de\/nl\/wp-json\/wp\/v2\/pages\/1632\/revisions"}],"predecessor-version":[{"id":1983,"href":"https:\/\/frlm-mv.de\/nl\/wp-json\/wp\/v2\/pages\/1632\/revisions\/1983"}],"wp:attachment":[{"href":"https:\/\/frlm-mv.de\/nl\/wp-json\/wp\/v2\/media?parent=1632"}],"curies":[{"name":"wp","href":"https:\/\/api.w.org\/{rel}","templated":true}]}}