{"id":1628,"date":"2023-06-07T14:25:29","date_gmt":"2023-06-07T12:25:29","guid":{"rendered":"https:\/\/www.frlm-mv.de\/nettwark\/"},"modified":"2023-12-06T16:42:52","modified_gmt":"2023-12-06T15:42:52","slug":"nettwark","status":"publish","type":"page","link":"https:\/\/frlm-mv.de\/nl\/nettwark\/","title":{"rendered":"Nettwark"},"content":{"rendered":"\t\t<div data-elementor-type=\"wp-page\" data-elementor-id=\"1628\" class=\"elementor elementor-1628 elementor-224\" data-elementor-post-type=\"page\">\n\t\t\t\t<div class=\"elementor-element elementor-element-a9db739 e-flex e-con-boxed e-con e-parent\" data-id=\"a9db739\" data-element_type=\"container\" data-e-type=\"container\">\n\t\t\t\t\t<div class=\"e-con-inner\">\n\t\t\t\t<div class=\"elementor-element elementor-element-0b62330 elementor-widget elementor-widget-text-editor\" data-id=\"0b62330\" data-element_type=\"widget\" data-e-type=\"widget\" data-widget_type=\"text-editor.default\">\n\t\t\t\t<div class=\"elementor-widget-container\">\n\t\t\t\t\t\t\t\t\t<h2>Nettwark<\/h2>\n\t\t\t\t\t\t\t\t<\/div>\n\t\t\t\t<\/div>\n\t\t\t\t<div class=\"elementor-element elementor-element-1b3f928 elementor-widget elementor-widget-text-editor\" data-id=\"1b3f928\" data-element_type=\"widget\" data-e-type=\"widget\" data-widget_type=\"text-editor.default\">\n\t\t\t\t<div class=\"elementor-widget-container\">\n\t\t\t\t\t\t\t\t\t<p><a href=\"http:\/\/www.alg.de\/\" target=\"_blank\" rel=\"noopener\"><img decoding=\"async\" class=\"alignnone size-full wp-image-230\" src=\"https:\/\/www.frlm-mv.de\/wp-content\/uploads\/2023\/06\/ALG.png\" alt=\"\" width=\"150\" height=\"38\" data-wp-editing=\"1\"> Arbeitsgemeinschaft von liter\u00e5risch Gesellschaften un Gedenkst\u00e4tten<\/a><\/p>\n<p><a href=\"https:\/\/www.museumsbund.de\/\" target=\"_blank\" rel=\"noopener\"><img decoding=\"async\" class=\"alignnone size-full wp-image-240\" src=\"https:\/\/www.frlm-mv.de\/wp-content\/uploads\/2023\/06\/Deutscher-Museumsbund-e.V.jpg\" alt=\"\" width=\"150\" height=\"70\"> D\u00fc\u00fctscher Museumsbund e.V.<\/a><\/p>\n<p><a href=\"https:\/\/www.museumsverband-mv.de\/\" target=\"_blank\" rel=\"noopener\"><img decoding=\"async\" class=\"alignnone size-full wp-image-242\" src=\"https:\/\/www.frlm-mv.de\/wp-content\/uploads\/2023\/06\/Museumsverband-in-Mecklenburg-Vorpommern-e.V.jpg\" alt=\"\" width=\"150\" height=\"63\"> Museumsverband in M\u00e4kelborg-V\u00f6rpommern e.V.<\/a><\/p>\n<p><a href=\"http:\/\/literaturrat-mv.de\/\" target=\"_blank\" rel=\"noopener\"><img loading=\"lazy\" decoding=\"async\" class=\"alignnone size-full wp-image-241\" src=\"https:\/\/www.frlm-mv.de\/wp-content\/uploads\/2023\/06\/LiteraturRat-Mecklenburg-Vorpommern-e.V.png\" alt=\"\" width=\"150\" height=\"44\"> LiteraturR\u00e5t M\u00e4kelborg-V\u00f6rpommern<\/a><\/p>\n<p><a href=\"http:\/\/www.heimatverband-mv.de\/\" target=\"_blank\" rel=\"noopener\"><img loading=\"lazy\" decoding=\"async\" class=\"alignnone size-full wp-image-236\" src=\"https:\/\/www.frlm-mv.de\/wp-content\/uploads\/2023\/06\/csm_logo_heimatverband-mv_3a51554066.png\" alt=\"\" width=\"150\" height=\"80\"> Heimatverband M\u00e4kelborg-V\u00f6rpommern e.V.<\/a><\/p>\n<p><a href=\"https:\/\/stiftung-mecklenburg.de\/\" target=\"_blank\" rel=\"noopener\"><img loading=\"lazy\" decoding=\"async\" class=\"alignnone size-full wp-image-239\" src=\"https:\/\/www.frlm-mv.de\/wp-content\/uploads\/2023\/06\/csm_Stiftung_Mecklenburg_d17eb96ccf.jpg\" alt=\"\" width=\"150\" height=\"94\"> Stiftung M\u00e4kelborg<\/a><\/p>\n<p><a href=\"http:\/\/frgev.de\/\"><img loading=\"lazy\" decoding=\"async\" class=\"alignnone size-full wp-image-235\" src=\"https:\/\/www.frlm-mv.de\/wp-content\/uploads\/2023\/06\/csm_logo_frgev_511a9d63de.png\" alt=\"\" width=\"150\" height=\"13\"> Fritz-Reuter-Gesellschaft e.V.<\/a><\/p>\n<p><a href=\"http:\/\/www.johannes-gillhoff.de\/\"><img loading=\"lazy\" decoding=\"async\" class=\"alignnone size-full wp-image-232\" src=\"https:\/\/www.frlm-mv.de\/wp-content\/uploads\/2023\/06\/csm_Gillhoffgesellschaft_4d342d5297.jpg\" alt=\"\" width=\"150\" height=\"39\"> Johannes Gillhoff Gesellschaft e. V<\/a><\/p>\n<p><a href=\"https:\/\/www.klasseunterwegs.de\/\" target=\"_blank\" rel=\"noopener\"><img loading=\"lazy\" decoding=\"async\" class=\"alignnone size-full wp-image-233\" src=\"https:\/\/www.frlm-mv.de\/wp-content\/uploads\/2023\/06\/csm_Klasse_unterwegs_c40aaab333.jpg\" alt=\"\" width=\"150\" height=\"57\"> DB Regio Nuurdost<\/a><\/p>\n<p><a href=\"https:\/\/platt-in-brandenburg.de\/\" target=\"_blank\" rel=\"noopener\"><img loading=\"lazy\" decoding=\"async\" class=\"alignnone size-full wp-image-237\" src=\"https:\/\/www.frlm-mv.de\/wp-content\/uploads\/2023\/06\/csm_Platt_in_Brandenburg_0950b99459.jpg\" alt=\"\" width=\"150\" height=\"28\"> Platt in Brannenborg<\/a><\/p>\n<p><a href=\"https:\/\/www.eisenach.info\/kunst-und-kultur\/museen\/reuter-villa\"><img loading=\"lazy\" decoding=\"async\" class=\"alignnone size-full wp-image-238\" src=\"https:\/\/www.frlm-mv.de\/wp-content\/uploads\/2023\/06\/csm_Reutervilla_a21d99c97a.jpg\" alt=\"\" width=\"150\" height=\"47\"> Reutervilla Eisenach<\/a><\/p>\n<p><a href=\"https:\/\/germanistik.uni-greifswald.de\/institut\/arbeitsbereiche\/kompetenzzentrum-fuer-niederdeutschdidaktik\/\"><img loading=\"lazy\" decoding=\"async\" class=\"alignnone size-full wp-image-234\" src=\"https:\/\/www.frlm-mv.de\/wp-content\/uploads\/2023\/06\/csm_Kompetenzzentrum_39355da07d.jpg\" alt=\"\" width=\"150\" height=\"60\"> Kompetenzzentrum Nedderd\u00fc\u00fctschdidaktik<\/a><\/p>\n<p><a href=\"http:\/\/bund-niederdeutscher-autoren.de\/\" target=\"_blank\" rel=\"noopener\"><img loading=\"lazy\" decoding=\"async\" class=\"alignnone size-full wp-image-231\" src=\"https:\/\/www.frlm-mv.de\/wp-content\/uploads\/2023\/06\/csm_BNA_e088188069.jpg\" alt=\"\" width=\"150\" height=\"13\"> Bund nedderd\u00fc\u00fctsche Autoren e.V<\/a><\/p>\n\t\t\t\t\t\t\t\t<\/div>\n\t\t\t\t<\/div>\n\t\t\t\t\t<\/div>\n\t\t\t\t<\/div>\n\t\t\t\t<\/div>\n\t\t","protected":false},"excerpt":{"rendered":"<p>Nettwark Arbeitsgemeinschaft von liter\u00e5risch Gesellschaften un Gedenkst\u00e4tten D\u00fc\u00fctscher Museumsbund e.V. Museumsverband in M\u00e4kelborg-V\u00f6rpommern e.V. LiteraturR\u00e5t M\u00e4kelborg-V\u00f6rpommern Heimatverband M\u00e4kelborg-V\u00f6rpommern e.V. Stiftung M\u00e4kelborg Fritz-Reuter-Gesellschaft e.V. Johannes Gillhoff Gesellschaft e. V DB Regio [&hellip;]<\/p>\n","protected":false},"author":2,"featured_media":0,"parent":0,"menu_order":0,"comment_status":"closed","ping_status":"closed","template":"","meta":{"_price":"","_stock":"","_tribe_ticket_header":"","_tribe_default_ticket_provider":"","_tribe_ticket_capacity":"0","_ticket_start_date":"","_ticket_end_date":"","_tribe_ticket_show_description":"","_tribe_ticket_show_not_going":false,"_tribe_ticket_use_global_stock":"","_tribe_ticket_global_stock_level":"","_global_stock_mode":"","_global_stock_cap":"","_tribe_rsvp_for_event":"","_tribe_ticket_going_count":"","_tribe_ticket_not_going_count":"","_tribe_tickets_list":"[]","_tribe_ticket_has_attendee_info_fields":false,"footnotes":"","_tec_slr_enabled":"","_tec_slr_layout":""},"class_list":["post-1628","page","type-page","status-publish","hentry"],"ticketed":false,"_links":{"self":[{"href":"https:\/\/frlm-mv.de\/nl\/wp-json\/wp\/v2\/pages\/1628","targetHints":{"allow":["GET"]}}],"collection":[{"href":"https:\/\/frlm-mv.de\/nl\/wp-json\/wp\/v2\/pages"}],"about":[{"href":"https:\/\/frlm-mv.de\/nl\/wp-json\/wp\/v2\/types\/page"}],"author":[{"embeddable":true,"href":"https:\/\/frlm-mv.de\/nl\/wp-json\/wp\/v2\/users\/2"}],"replies":[{"embeddable":true,"href":"https:\/\/frlm-mv.de\/nl\/wp-json\/wp\/v2\/comments?post=1628"}],"version-history":[{"count":1,"href":"https:\/\/frlm-mv.de\/nl\/wp-json\/wp\/v2\/pages\/1628\/revisions"}],"predecessor-version":[{"id":1629,"href":"https:\/\/frlm-mv.de\/nl\/wp-json\/wp\/v2\/pages\/1628\/revisions\/1629"}],"wp:attachment":[{"href":"https:\/\/frlm-mv.de\/nl\/wp-json\/wp\/v2\/media?parent=1628"}],"curies":[{"name":"wp","href":"https:\/\/api.w.org\/{rel}","templated":true}]}}