{"id":1617,"date":"2023-06-07T13:29:48","date_gmt":"2023-06-07T11:29:48","guid":{"rendered":"https:\/\/www.frlm-mv.de\/wat-foer-schriften-wi-rutgaewen\/"},"modified":"2024-01-09T10:28:13","modified_gmt":"2024-01-09T09:28:13","slug":"wat-foer-schriften-wi-rutgaewen","status":"publish","type":"page","link":"https:\/\/frlm-mv.de\/nl\/wat-foer-schriften-wi-rutgaewen\/","title":{"rendered":"Wat f\u00f6r Schriften wi rutg\u00e4wen"},"content":{"rendered":"\t\t<div data-elementor-type=\"wp-page\" data-elementor-id=\"1617\" class=\"elementor elementor-1617 elementor-174\" data-elementor-post-type=\"page\">\n\t\t\t\t<div class=\"elementor-element elementor-element-a9db739 e-flex e-con-boxed e-con e-parent\" data-id=\"a9db739\" data-element_type=\"container\" data-e-type=\"container\">\n\t\t\t\t\t<div class=\"e-con-inner\">\n\t\t\t\t<div class=\"elementor-element elementor-element-1b3f928 elementor-widget elementor-widget-text-editor\" data-id=\"1b3f928\" data-element_type=\"widget\" data-e-type=\"widget\" data-widget_type=\"text-editor.default\">\n\t\t\t\t<div class=\"elementor-widget-container\">\n\t\t\t\t\t\t\t\t\t<h1>Wat f\u00f6r Schriften wi rutg\u00e4wen<\/h1>\n<p>Dat Museum gifft v\u00e4le Schriften rut ok as Verlag. Uns Publikatschonen finnen Sei in denn Museumsl\u00e5den un in denn B\u00e4ukerl\u00e5den bi Sei \u00fcm de Eck. Sei k\u0153nen ok mit Email bi uns bestellen. Wi schicken Sei dat mit R\u00e4knung.<\/p>\n\t\t\t\t\t\t\t\t<\/div>\n\t\t\t\t<\/div>\n\t\t<div class=\"elementor-element elementor-element-589e0b0 e-flex e-con-boxed e-con e-parent\" data-id=\"589e0b0\" data-element_type=\"container\" data-e-type=\"container\">\n\t\t\t\t\t<div class=\"e-con-inner\">\n\t\t\t\t<div class=\"elementor-element elementor-element-cbd7cc0 elementor-widget__width-initial elementor-widget elementor-widget-image\" data-id=\"cbd7cc0\" data-element_type=\"widget\" data-e-type=\"widget\" data-widget_type=\"image.default\">\n\t\t\t\t<div class=\"elementor-widget-container\">\n\t\t\t\t\t\t\t\t\t\t\t\t<figure class=\"wp-caption\">\n\t\t\t\t\t\t\t\t\t\t<img fetchpriority=\"high\" decoding=\"async\" width=\"200\" height=\"280\" src=\"https:\/\/frlm-mv.de\/wp-content\/uploads\/2023\/06\/Hartwig-Suhrbier-Gefeiert-und-Gehasst.jpg\" class=\"attachment-large size-large wp-image-177\" alt=\"\" \/>\t\t\t\t\t\t\t\t\t\t\t<figcaption class=\"widget-image-caption wp-caption-text\"><\/figcaption>\n\t\t\t\t\t\t\t\t\t\t<\/figure>\n\t\t\t\t\t\t\t\t\t<\/div>\n\t\t\t\t<\/div>\n\t\t\t\t<div class=\"elementor-element elementor-element-d4a913f elementor-widget elementor-widget-text-editor\" data-id=\"d4a913f\" data-element_type=\"widget\" data-e-type=\"widget\" data-widget_type=\"text-editor.default\">\n\t\t\t\t<div class=\"elementor-widget-container\">\n\t\t\t\t\t\t\t\t\t<h2>Hartwig Suhrbier: Gefeiert und Gehasst.<\/h2>\n<h3>De Demokr\u00e5t un Satiriker Ludwig Reinhardt<\/h3>\n<p>Ludwig Reinhardt (1805-1877) hett sik in de Tiet von\u2019n V\u00f6rm\u00e4rz ein\u2019 N\u00e5men m\u00e5kt. Dit Bauk vertellt \u0153wer sien L\u00e4wen mit v\u00e4l Nieget un utw\u00e4hlte Texte. B\u00e5bentau gifft dat \u2019ne Bibliographie von allens wat von un \u0153wer Reinhardt schr\u00e4ben is mit Komment\u00e5ren dortau. 272 Sieden mit 30 farwig un 3 schwatt-witt Biller.<\/p>\n<p>Stemh\u00e5gen 2023<\/p>\n<p>Format: 21,5 x 15,3 cm, geb.<\/p>\n<p>Pries: 20 Euro<\/p>\n<p>ISBN: 978-3-910030-22-0<\/p>\n\t\t\t\t\t\t\t\t<\/div>\n\t\t\t\t<\/div>\n\t\t\t\t\t<\/div>\n\t\t\t\t<\/div>\n\t\t<div class=\"elementor-element elementor-element-952e0fd e-flex e-con-boxed e-con e-parent\" data-id=\"952e0fd\" data-element_type=\"container\" data-e-type=\"container\">\n\t\t\t\t\t<div class=\"e-con-inner\">\n\t\t\t\t<div class=\"elementor-element elementor-element-e37af0c elementor-widget__width-initial elementor-widget elementor-widget-image\" data-id=\"e37af0c\" data-element_type=\"widget\" data-e-type=\"widget\" data-widget_type=\"image.default\">\n\t\t\t\t<div class=\"elementor-widget-container\">\n\t\t\t\t\t\t\t\t\t\t\t\t<figure class=\"wp-caption\">\n\t\t\t\t\t\t\t\t\t\t<img decoding=\"async\" width=\"200\" height=\"280\" src=\"https:\/\/frlm-mv.de\/wp-content\/uploads\/2023\/06\/Arnold-Hueckstaedt-Ick-hewwt-betahlt-mihr-as-betahlen-kann-de-Minsch-nich.jpg\" class=\"attachment-large size-large wp-image-178\" alt=\"\" \/>\t\t\t\t\t\t\t\t\t\t\t<figcaption class=\"widget-image-caption wp-caption-text\"><\/figcaption>\n\t\t\t\t\t\t\t\t\t\t<\/figure>\n\t\t\t\t\t\t\t\t\t<\/div>\n\t\t\t\t<\/div>\n\t\t\t\t<div class=\"elementor-element elementor-element-1306aec elementor-widget elementor-widget-text-editor\" data-id=\"1306aec\" data-element_type=\"widget\" data-e-type=\"widget\" data-widget_type=\"text-editor.default\">\n\t\t\t\t<div class=\"elementor-widget-container\">\n\t\t\t\t\t\t\t\t\t<h2>Arnold H\u00fcckst\u00e4dt: Ick heww`t betahlt; mihr as betahlen kann de Minsch nich.<\/h2>\n<h3>De \u00dcnners\u00e4ukungsgefangenschaft von denn Burschenschafter Fritz Reuter in\u2019t Berlinsche Kaschott \u2013 in de Stadtvogtei 1833 un in de Husvogtei 1834<\/h3>\n<p>Reuterexperte Dr. Arnold H\u00fcckst\u00e4dt vertellt von Fritz Reuter sienen D\u00e5lgang. Dat fangt an, as hei n\u00e5 Stemh\u00e5gen tr\u00fcchkeem, denn as hei in Berlin inspunnt w\u00fcr, as hei verh\u00fc\u00fcrt w\u00fcr bet hen tau sien Urdeil. 96 Sieden mit 37 farwig un 2 schwatt-witt-Biller. Rutg\u00e4wen von de Fritz Reuter Gesellschaft e.V. Niegenbramborg in Komm\u00fcn mit dat Fritz-Reuter-Literaturmuseum Stemh\u00e5gen.<\/p>\n<p>Niegenbramborg\/Stemh\u00e5gen 2022<\/p>\n<p>Format: 21,3 x 15,0 cm, Flexcover<\/p>\n<p>Pries: 16 Euro<\/p>\n<p>ISBN: 3-910030-21-1<\/p>\n\t\t\t\t\t\t\t\t<\/div>\n\t\t\t\t<\/div>\n\t\t\t\t\t<\/div>\n\t\t\t\t<\/div>\n\t\t<div class=\"elementor-element elementor-element-97a53a0 e-flex e-con-boxed e-con e-parent\" data-id=\"97a53a0\" data-element_type=\"container\" data-e-type=\"container\">\n\t\t\t\t\t<div class=\"e-con-inner\">\n\t\t\t\t<div class=\"elementor-element elementor-element-d80943c elementor-widget__width-initial elementor-widget elementor-widget-image\" data-id=\"d80943c\" data-element_type=\"widget\" data-e-type=\"widget\" data-widget_type=\"image.default\">\n\t\t\t\t<div class=\"elementor-widget-container\">\n\t\t\t\t\t\t\t\t\t\t\t\t<figure class=\"wp-caption\">\n\t\t\t\t\t\t\t\t\t\t<img decoding=\"async\" width=\"200\" height=\"284\" src=\"https:\/\/frlm-mv.de\/wp-content\/uploads\/2023\/06\/Uwe-Bake-Vorauseilender-Gehorsam-oder-die-unbegrenzte-Auslegung.jpg\" class=\"attachment-large size-large wp-image-1618\" alt=\"\" \/>\t\t\t\t\t\t\t\t\t\t\t<figcaption class=\"widget-image-caption wp-caption-text\"><\/figcaption>\n\t\t\t\t\t\t\t\t\t\t<\/figure>\n\t\t\t\t\t\t\t\t\t<\/div>\n\t\t\t\t<\/div>\n\t\t\t\t<div class=\"elementor-element elementor-element-9a8b8ba elementor-widget elementor-widget-text-editor\" data-id=\"9a8b8ba\" data-element_type=\"widget\" data-e-type=\"widget\" data-widget_type=\"text-editor.default\">\n\t\t\t\t<div class=\"elementor-widget-container\">\n\t\t\t\t\t\t\t\t\t<h2>Uwe Bake: Vorauseilender Gehorsam oder die unbegrenzte Auslegung<\/h2>\n<h3>De Prozess w\u00e4gen Hochverr\u00e5t g\u00e4gen Fritz Reuter v\u00f6r dat Kammergericht Berlin.<\/h3>\n<p>De Prozess w\u00e4gen Hochverr\u00e5t g\u00e4gen Fritz Reuter v\u00f6r dat Kammergericht Berlin, von Dr. jur. Uwe Bake dat ierste M\u00e5l uparbeit\u2019 von ein\u2019 Afk\u00e5ten In denn Anhang s\u00fcnd all de Protokollen vullst\u00e4nnig transkribiert. Sei wieren de Grundl\u00e5ch f\u00f6r dat Urdeil. 232 grote Sieden mit 11 schwatt-witt-Biller.<\/p>\n<p>Stemh\u00e5gen 2022<\/p>\n<p>Format: 29,7 x 21,0 cm, kart.<\/p>\n<p>Pries: 15,00 Euro<\/p>\n<p>ISBN: 3-910030-20-3<\/p>\n\t\t\t\t\t\t\t\t<\/div>\n\t\t\t\t<\/div>\n\t\t\t\t\t<\/div>\n\t\t\t\t<\/div>\n\t\t<div class=\"elementor-element elementor-element-b4d6c68 e-flex e-con-boxed e-con e-parent\" data-id=\"b4d6c68\" data-element_type=\"container\" data-e-type=\"container\">\n\t\t\t\t\t<div class=\"e-con-inner\">\n\t\t\t\t<div class=\"elementor-element elementor-element-530b914 elementor-widget__width-initial elementor-widget elementor-widget-image\" data-id=\"530b914\" data-element_type=\"widget\" data-e-type=\"widget\" data-widget_type=\"image.default\">\n\t\t\t\t<div class=\"elementor-widget-container\">\n\t\t\t\t\t\t\t\t\t\t\t\t<figure class=\"wp-caption\">\n\t\t\t\t\t\t\t\t\t\t<img loading=\"lazy\" decoding=\"async\" width=\"200\" height=\"282\" src=\"https:\/\/frlm-mv.de\/wp-content\/uploads\/2023\/06\/Hans-Georg-Kunisch-Fritz-Reuters-Genealogie.jpg\" class=\"attachment-large size-large wp-image-1619\" alt=\"\" \/>\t\t\t\t\t\t\t\t\t\t\t<figcaption class=\"widget-image-caption wp-caption-text\"><\/figcaption>\n\t\t\t\t\t\t\t\t\t\t<\/figure>\n\t\t\t\t\t\t\t\t\t<\/div>\n\t\t\t\t<\/div>\n\t\t\t\t<div class=\"elementor-element elementor-element-5f26357 elementor-widget elementor-widget-text-editor\" data-id=\"5f26357\" data-element_type=\"widget\" data-e-type=\"widget\" data-widget_type=\"text-editor.default\">\n\t\t\t\t<div class=\"elementor-widget-container\">\n\t\t\t\t\t\t\t\t\t<h2>Hans-Georg Kunisch: Fritz Reuters Genealogie<\/h2>\n<h3>Ein Fomilienbauk \u0153wer de Afstammung un Verwandtschaft von Heinrich Ludwig Christian Friederich Reuter.<\/h3>\n<p>In dit Fomilienbauk s\u00fcnd mihr as 1300 L\u00fcd taus\u00e5menstellt, de d\u00f6rch H\u00fclp von niege genealogisch\u2019 Forschung funnen w\u00fcrn. B\u00e5bentau is ein Biografie un ok ein Register von Uurte un Personen. 200 grote Sieden mit ein farwig un 70 schwatt-witt-Biller.<\/p>\n<p>Stemh\u00e5gen 2021<\/p>\n<p>Format: 29,7 x 21,0 cm, kart.<\/p>\n<p>Pries: 15,00 Euro<\/p>\n<p>ISBN: 3-910030-19-X<\/p>\n\t\t\t\t\t\t\t\t<\/div>\n\t\t\t\t<\/div>\n\t\t\t\t\t<\/div>\n\t\t\t\t<\/div>\n\t\t<div class=\"elementor-element elementor-element-96825b0 e-flex e-con-boxed e-con e-parent\" data-id=\"96825b0\" data-element_type=\"container\" data-e-type=\"container\">\n\t\t\t\t\t<div class=\"e-con-inner\">\n\t\t\t\t<div class=\"elementor-element elementor-element-9e0483f elementor-widget__width-initial elementor-widget elementor-widget-image\" data-id=\"9e0483f\" data-element_type=\"widget\" data-e-type=\"widget\" data-widget_type=\"image.default\">\n\t\t\t\t<div class=\"elementor-widget-container\">\n\t\t\t\t\t\t\t\t\t\t\t\t<figure class=\"wp-caption\">\n\t\t\t\t\t\t\t\t\t\t<img loading=\"lazy\" decoding=\"async\" width=\"200\" height=\"282\" src=\"https:\/\/frlm-mv.de\/wp-content\/uploads\/2023\/06\/kikut-38.jpg\" class=\"attachment-large size-large wp-image-1620\" alt=\"\" \/>\t\t\t\t\t\t\t\t\t\t\t<figcaption class=\"widget-image-caption wp-caption-text\"><\/figcaption>\n\t\t\t\t\t\t\t\t\t\t<\/figure>\n\t\t\t\t\t\t\t\t\t<\/div>\n\t\t\t\t<\/div>\n\t\t\t\t<div class=\"elementor-element elementor-element-5cd67ea elementor-widget elementor-widget-text-editor\" data-id=\"5cd67ea\" data-element_type=\"widget\" data-e-type=\"widget\" data-widget_type=\"text-editor.default\">\n\t\t\t\t<div class=\"elementor-widget-container\">\n\t\t\t\t\t\t\t\t\t<h2>kikut 38<\/h2>\n<h3>Plattd\u00fctsch gistern un h\u00fct. Nahrichten ut de Reuterstadt.<\/h3>\n<p>Mit Bidr\u00e4\u00e4ch von Wolfgang Mahnke, Klaus Kronke, Dietmar Dumjahn, Hans-Joachim Wilke, Hartwig Suhrbier, Michael Puls, Corinna und Arne Reinhardt, Marit Haferkorn. Mit farwig Illustratschonen von Miriam Uhlig (Potsdam).<\/p>\n<p>Stemh\u00e5gen 2021<\/p>\n<p>Format: 21,0 x 14,8 cm, kart.<\/p>\n<p>Pries: 6,00 Euro<\/p>\n<p>ISBN: 3-910030-18-1<\/p>\n\t\t\t\t\t\t\t\t<\/div>\n\t\t\t\t<\/div>\n\t\t\t\t\t<\/div>\n\t\t\t\t<\/div>\n\t\t<div class=\"elementor-element elementor-element-082e2c2 e-flex e-con-boxed e-con e-parent\" data-id=\"082e2c2\" data-element_type=\"container\" data-e-type=\"container\">\n\t\t\t\t\t<div class=\"e-con-inner\">\n\t\t\t\t<div class=\"elementor-element elementor-element-0ca0f51 elementor-widget__width-initial elementor-widget elementor-widget-image\" data-id=\"0ca0f51\" data-element_type=\"widget\" data-e-type=\"widget\" data-widget_type=\"image.default\">\n\t\t\t\t<div class=\"elementor-widget-container\">\n\t\t\t\t\t\t\t\t\t\t\t\t<figure class=\"wp-caption\">\n\t\t\t\t\t\t\t\t\t\t<img loading=\"lazy\" decoding=\"async\" width=\"200\" height=\"292\" src=\"https:\/\/frlm-mv.de\/wp-content\/uploads\/2023\/06\/Arnold-Hueckstaedt-Kleiner-Fuehrer-zu-Erinnerungsorten-und-literarischen-Schauplaetzen-Fritz-Reuters-im-Landkreis-Mecklenburgische-Seenplatte.jpg\" class=\"attachment-large size-large wp-image-1621\" alt=\"\" \/>\t\t\t\t\t\t\t\t\t\t\t<figcaption class=\"widget-image-caption wp-caption-text\"><\/figcaption>\n\t\t\t\t\t\t\t\t\t\t<\/figure>\n\t\t\t\t\t\t\t\t\t<\/div>\n\t\t\t\t<\/div>\n\t\t\t\t<div class=\"elementor-element elementor-element-6db584d elementor-widget elementor-widget-text-editor\" data-id=\"6db584d\" data-element_type=\"widget\" data-e-type=\"widget\" data-widget_type=\"text-editor.default\">\n\t\t\t\t<div class=\"elementor-widget-container\">\n\t\t\t\t\t\t\t\t\t<h2>Arnold H\u00fcckst\u00e4dt: Kleiner F\u00fchrer zu Erinnerungsorten und literarischen Schaupl\u00e4tzen Fritz Reuters im Landkreis Mecklenburgische Seenplatte<\/h2>\n<p>Ein l\u00fctt\u2019 fidelet Bauk, dat tau de wichtigsten Reuterst\u00e4tten in denn Landkreis M\u00e4kelborger Seenplatt f\u00fchren deit. 84 Sieden mit 56 farwig un 4 schwatt-witt-Biller, 1Oewersichtslandkort, 3 Stadtpl\u00e5ns. Rutg\u00e4wen von de Fritz Reuter Gesellschaft e.V. Niegenbramborg in Komm\u00fcn mit dat Fritz-Reuter-Literaturmuseum Stemh\u00e5gen.<\/p>\n<p>Niegenbramborg\/Stemh\u00e5gen 2021<\/p>\n<p>Format: 20,5 x 14,0 cm, Flexcover<\/p>\n<p>Pries: 9,00 Euro<\/p>\n<p>ISBN: 3-910030-17-3<\/p>\n\t\t\t\t\t\t\t\t<\/div>\n\t\t\t\t<\/div>\n\t\t\t\t\t<\/div>\n\t\t\t\t<\/div>\n\t\t<div class=\"elementor-element elementor-element-defab74 e-flex e-con-boxed e-con e-parent\" data-id=\"defab74\" data-element_type=\"container\" data-e-type=\"container\">\n\t\t\t\t\t<div class=\"e-con-inner\">\n\t\t\t\t<div class=\"elementor-element elementor-element-a18f4eb elementor-widget__width-initial elementor-widget elementor-widget-image\" data-id=\"a18f4eb\" data-element_type=\"widget\" data-e-type=\"widget\" data-widget_type=\"image.default\">\n\t\t\t\t<div class=\"elementor-widget-container\">\n\t\t\t\t\t\t\t\t\t\t\t\t<figure class=\"wp-caption\">\n\t\t\t\t\t\t\t\t\t\t<img loading=\"lazy\" decoding=\"async\" width=\"150\" height=\"295\" src=\"https:\/\/frlm-mv.de\/wp-content\/uploads\/2023\/06\/Michael-Haecker-Manfred-Piontek-Von-der-Reuterstadt-Stavenhagen-nach-Ivenack.jpg\" class=\"attachment-large size-large wp-image-1622\" alt=\"\" \/>\t\t\t\t\t\t\t\t\t\t\t<figcaption class=\"widget-image-caption wp-caption-text\"><\/figcaption>\n\t\t\t\t\t\t\t\t\t\t<\/figure>\n\t\t\t\t\t\t\t\t\t<\/div>\n\t\t\t\t<\/div>\n\t\t\t\t<div class=\"elementor-element elementor-element-997b71c elementor-widget elementor-widget-text-editor\" data-id=\"997b71c\" data-element_type=\"widget\" data-e-type=\"widget\" data-widget_type=\"text-editor.default\">\n\t\t\t\t<div class=\"elementor-widget-container\">\n\t\t\t\t\t\t\t\t\t<h2>Michael H\u00e4cker, Manfred Piontek: Von der Reuterstadt Stavenhagen nach Ivenack<\/h2>\n<h3>Ein Wannerrung tw\u00fcschen Gistern un H\u00fct \u2013 ok up Fritz Reuter siene Sporen.<\/h3>\n<p>Mit S\u00e5gen un v\u00e4l Interessantet, wat wohr is, geiht dat d\u00f6rch Natur un Kultur. Ein Spaziergang, de wiest, dat de Stadt Stemh\u00e5gen, de Ivenacksche Diergoorn mit siene d\u00e4\u00e4chten Eiken, de woll 1000 Johren olt s\u00fcnd, un dat D\u00f6rp Ivenack fast verbunnen s\u00fcnd un taus\u00e5men h\u00fc\u00fcrn. 60 Sieden mit 41 farwig un 25 schwatt-witt-Biller, 3 Landkorten.<\/p>\n<p>Stemh\u00e5gen 2020<\/p>\n<p>Format: 21,0 x 10,5 cm, kart.<\/p>\n<p>Pries: 4,50 Euro<\/p>\n<p>ISBN: 3-910030-16-5<\/p>\n\t\t\t\t\t\t\t\t<\/div>\n\t\t\t\t<\/div>\n\t\t\t\t\t<\/div>\n\t\t\t\t<\/div>\n\t\t<div class=\"elementor-element elementor-element-6c811a2 e-flex e-con-boxed e-con e-parent\" data-id=\"6c811a2\" data-element_type=\"container\" data-e-type=\"container\">\n\t\t\t\t\t<div class=\"e-con-inner\">\n\t\t\t\t<div class=\"elementor-element elementor-element-808bff8 elementor-widget__width-initial elementor-widget elementor-widget-image\" data-id=\"808bff8\" data-element_type=\"widget\" data-e-type=\"widget\" data-widget_type=\"image.default\">\n\t\t\t\t<div class=\"elementor-widget-container\">\n\t\t\t\t\t\t\t\t\t\t\t\t<figure class=\"wp-caption\">\n\t\t\t\t\t\t\t\t\t\t<img loading=\"lazy\" decoding=\"async\" width=\"200\" height=\"282\" src=\"https:\/\/frlm-mv.de\/wp-content\/uploads\/2023\/06\/Michael-Haecker-Zur-juedischen-Geschichte-der-Reuterstadt-Stavenhagen.jpg\" class=\"attachment-large size-large wp-image-1623\" alt=\"\" \/>\t\t\t\t\t\t\t\t\t\t\t<figcaption class=\"widget-image-caption wp-caption-text\"><\/figcaption>\n\t\t\t\t\t\t\t\t\t\t<\/figure>\n\t\t\t\t\t\t\t\t\t<\/div>\n\t\t\t\t<\/div>\n\t\t\t\t<div class=\"elementor-element elementor-element-eff3f40 elementor-widget elementor-widget-text-editor\" data-id=\"eff3f40\" data-element_type=\"widget\" data-e-type=\"widget\" data-widget_type=\"text-editor.default\">\n\t\t\t\t<div class=\"elementor-widget-container\">\n\t\t\t\t\t\t\t\t\t<h2>Michael H\u00e4cker: Zur j\u00fcdischen Geschichte der Reuterstadt Stavenhagen<\/h2>\n<p>Bebillert Oewerblick \u0153wer de j\u00fcdisch Geschicht von de Reuterstadt Stemh\u00e5gen von 1749 bet 1942. 84 grote Sieden mit 125 farwig un 59 schwatt-witt-Biller, 2 Landkorten.<\/p>\n<p>Stemh\u00e5gen 2019<\/p>\n<p>Format: 29,7 x 21,0 cm, kart.<\/p>\n<p>Pries: 9 Euro<\/p>\n<p>ISBN: 3-910030-15-7<\/p>\n\t\t\t\t\t\t\t\t<\/div>\n\t\t\t\t<\/div>\n\t\t\t\t\t<\/div>\n\t\t\t\t<\/div>\n\t\t<div class=\"elementor-element elementor-element-0b79afc e-flex e-con-boxed e-con e-parent\" data-id=\"0b79afc\" data-element_type=\"container\" data-e-type=\"container\">\n\t\t\t\t\t<div class=\"e-con-inner\">\n\t\t\t\t<div class=\"elementor-element elementor-element-81dbe63 elementor-widget__width-initial elementor-widget elementor-widget-image\" data-id=\"81dbe63\" data-element_type=\"widget\" data-e-type=\"widget\" data-widget_type=\"image.default\">\n\t\t\t\t<div class=\"elementor-widget-container\">\n\t\t\t\t\t\t\t\t\t\t\t\t<figure class=\"wp-caption\">\n\t\t\t\t\t\t\t\t\t\t<img loading=\"lazy\" decoding=\"async\" width=\"200\" height=\"282\" src=\"https:\/\/frlm-mv.de\/wp-content\/uploads\/2023\/06\/kikut-37.jpg\" class=\"attachment-large size-large wp-image-1624\" alt=\"\" \/>\t\t\t\t\t\t\t\t\t\t\t<figcaption class=\"widget-image-caption wp-caption-text\"><\/figcaption>\n\t\t\t\t\t\t\t\t\t\t<\/figure>\n\t\t\t\t\t\t\t\t\t<\/div>\n\t\t\t\t<\/div>\n\t\t\t\t<div class=\"elementor-element elementor-element-4728cf9 elementor-widget elementor-widget-text-editor\" data-id=\"4728cf9\" data-element_type=\"widget\" data-e-type=\"widget\" data-widget_type=\"text-editor.default\">\n\t\t\t\t<div class=\"elementor-widget-container\">\n\t\t\t\t\t\t\t\t\t<h1>kikut 37<\/h1>\n<h3>Plattd\u00fctsch gistern un h\u00fct. Nahrichten ut de Reuterstadt.<\/h3>\n<p>Mit Bidr\u00e4\u00e4ch von Cornelia Nenz, Hartwig Suhrbier, Hans-Joachim Wilke, Enzo Maa\u00df, Karsten Steckling, G\u00fcnter Schmedemann, Bernd Lubs, Helmut Hillmann, Wolfgang Mahnke, Heidelinde Wulff, J\u00fcrgen Pump, Dieter Lockenvitz, J\u00fcrgen Rogge<\/p>\n<p>Stemh\u00e5gen 2016<\/p>\n<p>Format: 21,0 x 14,8 cm, kart.<\/p>\n<p>Pries: 6,00 Euro<\/p>\n<p>ISBN: 3-910030-14-9<\/p>\n\t\t\t\t\t\t\t\t<\/div>\n\t\t\t\t<\/div>\n\t\t\t\t\t<\/div>\n\t\t\t\t<\/div>\n\t\t<div class=\"elementor-element elementor-element-9d5049e e-flex e-con-boxed e-con e-parent\" data-id=\"9d5049e\" data-element_type=\"container\" data-e-type=\"container\">\n\t\t\t\t\t<div class=\"e-con-inner\">\n\t\t\t\t<div class=\"elementor-element elementor-element-852a836 elementor-widget__width-initial elementor-widget elementor-widget-image\" data-id=\"852a836\" data-element_type=\"widget\" data-e-type=\"widget\" data-widget_type=\"image.default\">\n\t\t\t\t<div class=\"elementor-widget-container\">\n\t\t\t\t\t\t\t\t\t\t\t\t<figure class=\"wp-caption\">\n\t\t\t\t\t\t\t\t\t\t<img loading=\"lazy\" decoding=\"async\" width=\"200\" height=\"282\" src=\"https:\/\/frlm-mv.de\/wp-content\/uploads\/2023\/06\/kikut-35-und-36.jpg\" class=\"attachment-large size-large wp-image-1625\" alt=\"\" \/>\t\t\t\t\t\t\t\t\t\t\t<figcaption class=\"widget-image-caption wp-caption-text\"><\/figcaption>\n\t\t\t\t\t\t\t\t\t\t<\/figure>\n\t\t\t\t\t\t\t\t\t<\/div>\n\t\t\t\t<\/div>\n\t\t\t\t<div class=\"elementor-element elementor-element-cd3c77a elementor-widget elementor-widget-text-editor\" data-id=\"cd3c77a\" data-element_type=\"widget\" data-e-type=\"widget\" data-widget_type=\"text-editor.default\">\n\t\t\t\t<div class=\"elementor-widget-container\">\n\t\t\t\t\t\t\t\t\t<h2>kikut 35\/36<\/h2>\n<h3>Erinnerungen ut de Reuterstadt<\/h3>\n<p>Duwweldicke Utg\u00e5f tau de 750-Johrfieer von Stemh\u00e5gen. Ok dor binnen tau finnen:<\/p>\n<p>Dietrich Liebezeit:\u0152wer de Landwirtschaft in Stemh\u00e5gen; Manfred Piontek: De sozi\u00e5len Inrichtungen von de Stadt Stemh\u00e5gen; Marion Helpap: Mit L\u00fcd, wecke de Tiet mitbel\u00e4\u00e4ft hebben, vertellt; Andreas Parlow: Vonde Stemh\u00e4ger Pasters; Michael H\u00e4cker: Reuterst\u00e4dtsche Schaulgeschichte(n)<\/p>\n<p>Stemh\u00e5gen 2014<\/p>\n<p>Format: 21,0 x 14,8 cm, kart.<\/p>\n<p>Pries: 9,00 Euro<\/p>\n<p>ISBN: 3-910030-13-0<\/p>\n\t\t\t\t\t\t\t\t<\/div>\n\t\t\t\t<\/div>\n\t\t\t\t\t<\/div>\n\t\t\t\t<\/div>\n\t\t<div class=\"elementor-element elementor-element-f78e542 e-flex e-con-boxed e-con e-parent\" data-id=\"f78e542\" data-element_type=\"container\" data-e-type=\"container\">\n\t\t\t\t\t<div class=\"e-con-inner\">\n\t\t\t\t<div class=\"elementor-element elementor-element-b31846c elementor-widget__width-initial elementor-widget elementor-widget-image\" data-id=\"b31846c\" data-element_type=\"widget\" data-e-type=\"widget\" data-widget_type=\"image.default\">\n\t\t\t\t<div class=\"elementor-widget-container\">\n\t\t\t\t\t\t\t\t\t\t\t\t<figure class=\"wp-caption\">\n\t\t\t\t\t\t\t\t\t\t<img loading=\"lazy\" decoding=\"async\" width=\"200\" height=\"286\" src=\"https:\/\/frlm-mv.de\/wp-content\/uploads\/2023\/06\/Natur-und-Literatur.jpg\" class=\"attachment-large size-large wp-image-1626\" alt=\"\" \/>\t\t\t\t\t\t\t\t\t\t\t<figcaption class=\"widget-image-caption wp-caption-text\"><\/figcaption>\n\t\t\t\t\t\t\t\t\t\t<\/figure>\n\t\t\t\t\t\t\t\t\t<\/div>\n\t\t\t\t<\/div>\n\t\t\t\t<div class=\"elementor-element elementor-element-91e023a elementor-widget elementor-widget-text-editor\" data-id=\"91e023a\" data-element_type=\"widget\" data-e-type=\"widget\" data-widget_type=\"text-editor.default\">\n\t\t\t\t<div class=\"elementor-widget-container\">\n\t\t\t\t\t\t\t\t\t<h2>Natur und Literatur<\/h2>\n<h3>Auf den Spuren von Fritz Reuter<\/h3>\n<p>Natur un Literatur, D\u00f6rper un St\u00e4dte entdecken in twei Turen von de Reuterstadt ut; bi de Streck st\u00e5hn d\u00f6rchweg Informatschoons-Tafeln, wo de Radtur langgeiht, wiesen Schiller. Utarbeit von denn F\u00f6dderverein Reuter Museen e.V. 44 Sieden, mit 53 farwig un 1 schwatt-witt-Bild, 2 Landkorten.<\/p>\n<p>Stemh\u00e5gen 2011 (2. Uplaach)<\/p>\n<p>Format: 21,0 x 14,8, brosch.<\/p>\n<p>Pries: 2 Euro<\/p>\n<p>ISBN: 3-910030-03-3<\/p>\n\t\t\t\t\t\t\t\t<\/div>\n\t\t\t\t<\/div>\n\t\t\t\t\t<\/div>\n\t\t\t\t<\/div>\n\t\t\t\t\t<\/div>\n\t\t\t\t<\/div>\n\t\t\t\t<\/div>\n\t\t","protected":false},"excerpt":{"rendered":"<p>Wat f\u00f6r Schriften wi rutg\u00e4wen Dat Museum gifft v\u00e4le Schriften rut ok as Verlag. Uns Publikatschonen finnen Sei in denn Museumsl\u00e5den un in denn B\u00e4ukerl\u00e5den bi Sei \u00fcm de Eck. [&hellip;]<\/p>\n","protected":false},"author":2,"featured_media":0,"parent":0,"menu_order":0,"comment_status":"closed","ping_status":"closed","template":"","meta":{"_price":"","_stock":"","_tribe_ticket_header":"","_tribe_default_ticket_provider":"","_tribe_ticket_capacity":"0","_ticket_start_date":"","_ticket_end_date":"","_tribe_ticket_show_description":"","_tribe_ticket_show_not_going":false,"_tribe_ticket_use_global_stock":"","_tribe_ticket_global_stock_level":"","_global_stock_mode":"","_global_stock_cap":"","_tribe_rsvp_for_event":"","_tribe_ticket_going_count":"","_tribe_ticket_not_going_count":"","_tribe_tickets_list":"[]","_tribe_ticket_has_attendee_info_fields":false,"footnotes":"","_tec_slr_enabled":"","_tec_slr_layout":""},"class_list":["post-1617","page","type-page","status-publish","hentry"],"ticketed":false,"_links":{"self":[{"href":"https:\/\/frlm-mv.de\/nl\/wp-json\/wp\/v2\/pages\/1617","targetHints":{"allow":["GET"]}}],"collection":[{"href":"https:\/\/frlm-mv.de\/nl\/wp-json\/wp\/v2\/pages"}],"about":[{"href":"https:\/\/frlm-mv.de\/nl\/wp-json\/wp\/v2\/types\/page"}],"author":[{"embeddable":true,"href":"https:\/\/frlm-mv.de\/nl\/wp-json\/wp\/v2\/users\/2"}],"replies":[{"embeddable":true,"href":"https:\/\/frlm-mv.de\/nl\/wp-json\/wp\/v2\/comments?post=1617"}],"version-history":[{"count":9,"href":"https:\/\/frlm-mv.de\/nl\/wp-json\/wp\/v2\/pages\/1617\/revisions"}],"predecessor-version":[{"id":1942,"href":"https:\/\/frlm-mv.de\/nl\/wp-json\/wp\/v2\/pages\/1617\/revisions\/1942"}],"wp:attachment":[{"href":"https:\/\/frlm-mv.de\/nl\/wp-json\/wp\/v2\/media?parent=1617"}],"curies":[{"name":"wp","href":"https:\/\/api.w.org\/{rel}","templated":true}]}}