{"id":1615,"date":"2023-06-07T13:26:57","date_gmt":"2023-06-07T11:26:57","guid":{"rendered":"https:\/\/www.frlm-mv.de\/wecker-hier-warkt\/"},"modified":"2023-12-06T16:32:44","modified_gmt":"2023-12-06T15:32:44","slug":"wecker-hier-warkt","status":"publish","type":"page","link":"https:\/\/frlm-mv.de\/nl\/wecker-hier-warkt\/","title":{"rendered":"Wecker hier warkt"},"content":{"rendered":"\t\t<div data-elementor-type=\"wp-page\" data-elementor-id=\"1615\" class=\"elementor elementor-1615 elementor-165\" data-elementor-post-type=\"page\">\n\t\t\t\t<div class=\"elementor-element elementor-element-a9db739 e-flex e-con-boxed e-con e-parent\" data-id=\"a9db739\" data-element_type=\"container\" data-e-type=\"container\">\n\t\t\t\t\t<div class=\"e-con-inner\">\n\t\t\t\t<div class=\"elementor-element elementor-element-1b3f928 elementor-widget elementor-widget-text-editor\" data-id=\"1b3f928\" data-element_type=\"widget\" data-e-type=\"widget\" data-widget_type=\"text-editor.default\">\n\t\t\t\t<div class=\"elementor-widget-container\">\n\t\t\t\t\t\t\t\t\t<h1>Wecker hier warkt<\/h1>\n\t\t\t\t\t\t\t\t<\/div>\n\t\t\t\t<\/div>\n\t\t\t\t<div class=\"elementor-element elementor-element-5d075e0 elementor-widget elementor-widget-text-editor\" data-id=\"5d075e0\" data-element_type=\"widget\" data-e-type=\"widget\" data-widget_type=\"text-editor.default\">\n\t\t\t\t<div class=\"elementor-widget-container\">\n\t\t\t\t\t\t\t\t\t<p><em><strong>So k\u0153nen Sei uns an\u2019t Telefon kriegen: <a href=\"tel:03995421072\">039954 21072<\/a><\/strong><\/em><\/p>\n<p>Torsten Jahn<br \/>Direkter<\/p>\n<p>Michael H\u00e4cker<br \/>Archivs<\/p>\n<p>Christel Kuschke-Berghauer<br \/>Tourismus<\/p>\n<p>Melitta R\u00fchle<br \/>Bes\u00e4ukerdeinst \/ Museumsp\u00e4dagogik<\/p>\n\t\t\t\t\t\t\t\t<\/div>\n\t\t\t\t<\/div>\n\t\t\t\t\t<\/div>\n\t\t\t\t<\/div>\n\t\t\t\t<\/div>\n\t\t","protected":false},"excerpt":{"rendered":"<p>Wecker hier warkt So k\u0153nen Sei uns an\u2019t Telefon kriegen: 039954 21072 Torsten JahnDirekter Michael H\u00e4ckerArchivs Christel Kuschke-BerghauerTourismus Melitta R\u00fchleBes\u00e4ukerdeinst \/ Museumsp\u00e4dagogik<\/p>\n","protected":false},"author":2,"featured_media":0,"parent":0,"menu_order":0,"comment_status":"closed","ping_status":"closed","template":"","meta":{"_price":"","_stock":"","_tribe_ticket_header":"","_tribe_default_ticket_provider":"","_tribe_ticket_capacity":"0","_ticket_start_date":"","_ticket_end_date":"","_tribe_ticket_show_description":"","_tribe_ticket_show_not_going":false,"_tribe_ticket_use_global_stock":"","_tribe_ticket_global_stock_level":"","_global_stock_mode":"","_global_stock_cap":"","_tribe_rsvp_for_event":"","_tribe_ticket_going_count":"","_tribe_ticket_not_going_count":"","_tribe_tickets_list":"[]","_tribe_ticket_has_attendee_info_fields":false,"footnotes":"","_tec_slr_enabled":"","_tec_slr_layout":""},"class_list":["post-1615","page","type-page","status-publish","hentry"],"ticketed":false,"_links":{"self":[{"href":"https:\/\/frlm-mv.de\/nl\/wp-json\/wp\/v2\/pages\/1615","targetHints":{"allow":["GET"]}}],"collection":[{"href":"https:\/\/frlm-mv.de\/nl\/wp-json\/wp\/v2\/pages"}],"about":[{"href":"https:\/\/frlm-mv.de\/nl\/wp-json\/wp\/v2\/types\/page"}],"author":[{"embeddable":true,"href":"https:\/\/frlm-mv.de\/nl\/wp-json\/wp\/v2\/users\/2"}],"replies":[{"embeddable":true,"href":"https:\/\/frlm-mv.de\/nl\/wp-json\/wp\/v2\/comments?post=1615"}],"version-history":[{"count":1,"href":"https:\/\/frlm-mv.de\/nl\/wp-json\/wp\/v2\/pages\/1615\/revisions"}],"predecessor-version":[{"id":1616,"href":"https:\/\/frlm-mv.de\/nl\/wp-json\/wp\/v2\/pages\/1615\/revisions\/1616"}],"wp:attachment":[{"href":"https:\/\/frlm-mv.de\/nl\/wp-json\/wp\/v2\/media?parent=1615"}],"curies":[{"name":"wp","href":"https:\/\/api.w.org\/{rel}","templated":true}]}}