{"id":1609,"date":"2023-06-07T13:24:37","date_gmt":"2023-06-07T11:24:37","guid":{"rendered":"https:\/\/www.frlm-mv.de\/utstellungen\/"},"modified":"2023-12-06T16:21:53","modified_gmt":"2023-12-06T15:21:53","slug":"utstellungen","status":"publish","type":"page","link":"https:\/\/frlm-mv.de\/nl\/utstellungen\/","title":{"rendered":"Utstellungen"},"content":{"rendered":"\t\t<div data-elementor-type=\"wp-page\" data-elementor-id=\"1609\" class=\"elementor elementor-1609 elementor-158\" data-elementor-post-type=\"page\">\n\t\t\t\t<div class=\"elementor-element elementor-element-a9db739 e-flex e-con-boxed e-con e-parent\" data-id=\"a9db739\" data-element_type=\"container\" data-e-type=\"container\">\n\t\t\t\t\t<div class=\"e-con-inner\">\n\t\t\t\t<div class=\"elementor-element elementor-element-1b3f928 elementor-widget elementor-widget-text-editor\" data-id=\"1b3f928\" data-element_type=\"widget\" data-e-type=\"widget\" data-widget_type=\"text-editor.default\">\n\t\t\t\t<div class=\"elementor-widget-container\">\n\t\t\t\t\t\t\t\t\t<h1>Utstellungen<\/h1>\n\t\t\t\t\t\t\t\t<\/div>\n\t\t\t\t<\/div>\n\t\t\t\t<div class=\"elementor-element elementor-element-7ea8934 elementor-widget elementor-widget-text-editor\" data-id=\"7ea8934\" data-element_type=\"widget\" data-e-type=\"widget\" data-widget_type=\"text-editor.default\">\n\t\t\t\t<div class=\"elementor-widget-container\">\n\t\t\t\t\t\t\t\t\t<p>De Reuterstadt Stemh\u00e5gen, de dunntaum\u00e5len Ackerb\u00f6rgerstadt, is dat ierste M\u00e5l 1252 in de Urkunnen tau finnen. Dat sei bekannt w\u00fcr, dankt sei f\u00f6r wiss ehren ber\u00fchmtesten S\u0153hn Fritz Reuter. Hei is de nedderd\u00fc\u00fctsche Schriewer mit de gr\u00f6ttst Bed\u00fcdung, de 1810 hier in dat oll R\u00e5thus buren is.<\/p>\n<p>Von 1949 anis hier in dit Hus dat Museum f\u00f6r Fritz Reuter. Mihrm\u00e5ls is de Utstellung \u00fcmbuucht un utbuucht worn. <strong>\u201eFritz Reuter &#8211; L\u00e4wen, B\u00e4uker un Warken\u201c<\/strong> wiest all Up- un D\u00e5lspr\u00fcngen, von denn groten M\u00e4kelb\u00f6rger S\u0153hn. Handschr\u00e4wen Dokumenten, Biller von Reuter m\u00e5lt, Popieren un S\u00e5ken, Reuter h\u00fc\u00fcrt hebben, s\u00fcnd in disse moderne Utstellung tau bekieken.<\/p>\n<p>Ok tau h\u00fcren gifft dat wat un f\u00f6r Kinner gifft dat up denn Rundgang de Kinnerstatschonen \u201ef\u00f6r mi\u201c. In dat Filmkabinett warden Films un Fiernseihserien wiest, de n\u00e5h Reuter siene B\u00e4uker m\u00e5kt s\u00fcnd.<\/p>\n<p>De M\u00e5ler un Illustrator Ernst L\u00fcbbert (1879-1915), de siene Schaultiet in Stemh\u00e5gen verl\u00e4\u00e4ft hett, is ok Them\u00e5 von dat Museum. Von 2005 an gifft dat in dat Hus 2 de Utstellung <strong>\u201eErnst L\u00fcbbert \u2013 L\u00e4wen un Warken\u201c<\/strong>.<\/p>\n<p>Dor\u0153wer rut wiesen verschieden Wessel-Utstellungen Kunst un Kultur von hier un h\u00fct un dat gifft S\u00fcnner-Utstellungen von Expon\u00e5ten ut uns Fundus.<\/p>\n\t\t\t\t\t\t\t\t<\/div>\n\t\t\t\t<\/div>\n\t\t\t\t\t<\/div>\n\t\t\t\t<\/div>\n\t\t\t\t<\/div>\n\t\t","protected":false},"excerpt":{"rendered":"<p>Utstellungen De Reuterstadt Stemh\u00e5gen, de dunntaum\u00e5len Ackerb\u00f6rgerstadt, is dat ierste M\u00e5l 1252 in de Urkunnen tau finnen. Dat sei bekannt w\u00fcr, dankt sei f\u00f6r wiss ehren ber\u00fchmtesten S\u0153hn Fritz Reuter. [&hellip;]<\/p>\n","protected":false},"author":2,"featured_media":0,"parent":0,"menu_order":0,"comment_status":"closed","ping_status":"closed","template":"","meta":{"_price":"","_stock":"","_tribe_ticket_header":"","_tribe_default_ticket_provider":"","_tribe_ticket_capacity":"0","_ticket_start_date":"","_ticket_end_date":"","_tribe_ticket_show_description":"","_tribe_ticket_show_not_going":false,"_tribe_ticket_use_global_stock":"","_tribe_ticket_global_stock_level":"","_global_stock_mode":"","_global_stock_cap":"","_tribe_rsvp_for_event":"","_tribe_ticket_going_count":"","_tribe_ticket_not_going_count":"","_tribe_tickets_list":"[]","_tribe_ticket_has_attendee_info_fields":false,"footnotes":"","_tec_slr_enabled":"","_tec_slr_layout":""},"class_list":["post-1609","page","type-page","status-publish","hentry"],"ticketed":false,"_links":{"self":[{"href":"https:\/\/frlm-mv.de\/nl\/wp-json\/wp\/v2\/pages\/1609","targetHints":{"allow":["GET"]}}],"collection":[{"href":"https:\/\/frlm-mv.de\/nl\/wp-json\/wp\/v2\/pages"}],"about":[{"href":"https:\/\/frlm-mv.de\/nl\/wp-json\/wp\/v2\/types\/page"}],"author":[{"embeddable":true,"href":"https:\/\/frlm-mv.de\/nl\/wp-json\/wp\/v2\/users\/2"}],"replies":[{"embeddable":true,"href":"https:\/\/frlm-mv.de\/nl\/wp-json\/wp\/v2\/comments?post=1609"}],"version-history":[{"count":3,"href":"https:\/\/frlm-mv.de\/nl\/wp-json\/wp\/v2\/pages\/1609\/revisions"}],"predecessor-version":[{"id":1612,"href":"https:\/\/frlm-mv.de\/nl\/wp-json\/wp\/v2\/pages\/1609\/revisions\/1612"}],"wp:attachment":[{"href":"https:\/\/frlm-mv.de\/nl\/wp-json\/wp\/v2\/media?parent=1609"}],"curies":[{"name":"wp","href":"https:\/\/api.w.org\/{rel}","templated":true}]}}