{"id":1607,"date":"2023-06-07T13:23:14","date_gmt":"2023-06-07T11:23:14","guid":{"rendered":"https:\/\/www.frlm-mv.de\/vor-kinners\/"},"modified":"2023-12-06T16:14:32","modified_gmt":"2023-12-06T15:14:32","slug":"vor-kinners","status":"publish","type":"page","link":"https:\/\/frlm-mv.de\/nl\/vor-kinners\/","title":{"rendered":"Vor Kinners"},"content":{"rendered":"\t\t<div data-elementor-type=\"wp-page\" data-elementor-id=\"1607\" class=\"elementor elementor-1607 elementor-153\" data-elementor-post-type=\"page\">\n\t\t\t\t<div class=\"elementor-element elementor-element-a9db739 e-flex e-con-boxed e-con e-parent\" data-id=\"a9db739\" data-element_type=\"container\" data-e-type=\"container\">\n\t\t\t\t\t<div class=\"e-con-inner\">\n\t\t\t\t<div class=\"elementor-element elementor-element-1b3f928 elementor-widget elementor-widget-text-editor\" data-id=\"1b3f928\" data-element_type=\"widget\" data-e-type=\"widget\" data-widget_type=\"text-editor.default\">\n\t\t\t\t<div class=\"elementor-widget-container\">\n\t\t\t\t\t\t\t\t\t<h1>Dat Literaturmuseum tau\u2019n Anf\u00e5ten<\/h1>\n\t\t\t\t\t\t\t\t<\/div>\n\t\t\t\t<\/div>\n\t\t\t\t<div class=\"elementor-element elementor-element-d7cd8a1 elementor-widget elementor-widget-text-editor\" data-id=\"d7cd8a1\" data-element_type=\"widget\" data-e-type=\"widget\" data-widget_type=\"text-editor.default\">\n\t\t\t\t<div class=\"elementor-widget-container\">\n\t\t\t\t\t\t\t\t\t<p>In\u2019t Museum is dat uncool? Von w\u00e4gen.<br \/>Anf\u00e5ten, utprobieren, sp\u00e4len un Sp\u00e5\u00df hebben, wat Nieget rutfinnen.<br \/>Dat k\u0153nen ji in dat Fritz-Reuter-Literaturmuseum.<\/p>\n<p>F\u00f6r Schaulklassen, Kinnergordenkinner orrer Kinner- un anner Jugendgruppen:<br \/>Uns Museum is ein Uuurt, wo ji sp\u00e4len un lihren k\u0153nen as grote orrer l\u00fctte Entdeckers.<\/p>\n<p>F\u00f6r jedet \u00d6ller hebben wi \u2019ne passm\u00e5te F\u00fchrung d\u00f6rch de Utstellung \u201eFritz Reuter &#8211; L\u00e4wen, B\u00e4uker un Warken\u201c pr\u00e5t.<\/p>\n<p>Ok individuelle F\u00fchrungen un Veranstaltungen tau m\u00e4kelb\u00f6rgsch Literatur un Geschicht k\u0153nen ji mit uns Mitarbeiters afspr\u00e4ken.<\/p>\n<p>In uns Filmkabinett k\u0153nen ji ok wat lihren. Dor gifft dat Films, de n\u00e5h de B\u00e4uker von Fritz Reuter m\u00e5kt s\u00fcnd.<\/p>\n<p>Mit de App Actionbound k\u0153nen ji \u2019ne digit\u00e5le Schnipseljagd m\u00e5ken un examinieren, wat ji weiten un behollen hebben un dat mit juuch Fr\u00fcnnen verglieken.<\/p>\n\t\t\t\t\t\t\t\t<\/div>\n\t\t\t\t<\/div>\n\t\t\t\t\t<\/div>\n\t\t\t\t<\/div>\n\t\t\t\t<\/div>\n\t\t","protected":false},"excerpt":{"rendered":"<p>Dat Literaturmuseum tau\u2019n Anf\u00e5ten In\u2019t Museum is dat uncool? Von w\u00e4gen.Anf\u00e5ten, utprobieren, sp\u00e4len un Sp\u00e5\u00df hebben, wat Nieget rutfinnen.Dat k\u0153nen ji in dat Fritz-Reuter-Literaturmuseum. F\u00f6r Schaulklassen, Kinnergordenkinner orrer Kinner- un [&hellip;]<\/p>\n","protected":false},"author":2,"featured_media":0,"parent":0,"menu_order":0,"comment_status":"closed","ping_status":"closed","template":"","meta":{"_price":"","_stock":"","_tribe_ticket_header":"","_tribe_default_ticket_provider":"","_tribe_ticket_capacity":"0","_ticket_start_date":"","_ticket_end_date":"","_tribe_ticket_show_description":"","_tribe_ticket_show_not_going":false,"_tribe_ticket_use_global_stock":"","_tribe_ticket_global_stock_level":"","_global_stock_mode":"","_global_stock_cap":"","_tribe_rsvp_for_event":"","_tribe_ticket_going_count":"","_tribe_ticket_not_going_count":"","_tribe_tickets_list":"[]","_tribe_ticket_has_attendee_info_fields":false,"footnotes":"","_tec_slr_enabled":"","_tec_slr_layout":""},"class_list":["post-1607","page","type-page","status-publish","hentry"],"ticketed":false,"_links":{"self":[{"href":"https:\/\/frlm-mv.de\/nl\/wp-json\/wp\/v2\/pages\/1607","targetHints":{"allow":["GET"]}}],"collection":[{"href":"https:\/\/frlm-mv.de\/nl\/wp-json\/wp\/v2\/pages"}],"about":[{"href":"https:\/\/frlm-mv.de\/nl\/wp-json\/wp\/v2\/types\/page"}],"author":[{"embeddable":true,"href":"https:\/\/frlm-mv.de\/nl\/wp-json\/wp\/v2\/users\/2"}],"replies":[{"embeddable":true,"href":"https:\/\/frlm-mv.de\/nl\/wp-json\/wp\/v2\/comments?post=1607"}],"version-history":[{"count":1,"href":"https:\/\/frlm-mv.de\/nl\/wp-json\/wp\/v2\/pages\/1607\/revisions"}],"predecessor-version":[{"id":1608,"href":"https:\/\/frlm-mv.de\/nl\/wp-json\/wp\/v2\/pages\/1607\/revisions\/1608"}],"wp:attachment":[{"href":"https:\/\/frlm-mv.de\/nl\/wp-json\/wp\/v2\/media?parent=1607"}],"curies":[{"name":"wp","href":"https:\/\/api.w.org\/{rel}","templated":true}]}}