{"id":1605,"date":"2023-06-07T12:38:42","date_gmt":"2023-06-07T10:38:42","guid":{"rendered":"https:\/\/www.frlm-mv.de\/sammlung\/"},"modified":"2023-12-06T16:07:57","modified_gmt":"2023-12-06T15:07:57","slug":"sammlung","status":"publish","type":"page","link":"https:\/\/frlm-mv.de\/nl\/sammlung\/","title":{"rendered":"Sammlung"},"content":{"rendered":"\t\t<div data-elementor-type=\"wp-page\" data-elementor-id=\"1605\" class=\"elementor elementor-1605 elementor-138\" data-elementor-post-type=\"page\">\n\t\t\t\t<div class=\"elementor-element elementor-element-a9db739 e-flex e-con-boxed e-con e-parent\" data-id=\"a9db739\" data-element_type=\"container\" data-e-type=\"container\">\n\t\t\t\t\t<div class=\"e-con-inner\">\n\t\t\t\t<div class=\"elementor-element elementor-element-1b3f928 elementor-widget__width-inherit elementor-widget elementor-widget-text-editor\" data-id=\"1b3f928\" data-element_type=\"widget\" data-e-type=\"widget\" data-widget_type=\"text-editor.default\">\n\t\t\t\t<div class=\"elementor-widget-container\">\n\t\t\t\t\t\t\t\t\t<h1>Wat wi sammeln<\/h1>\n<p>Kultur vermiddeln, Forschen, Sammeln, Dokumentatschon, Verwohren, Uph\u00e4gen, Utstellen un Kommunikatschon &#8211; dat s\u00fcnd de Upg\u00e5wen von ein Museum. Up disse Oort s\u00fcnd Museen, Sammlungen un Archive de historisch Br\u00e4gen un beh\u00f6llern Kopp un sihr wichtig f\u00f6r de Gesellschaft. Anner Upg\u00e5wen s\u00fcnd konservieren, wat in\u2019t Archiv is un restaurieren von S\u00e5ken, de\u2019n Sch\u00e5den hebben. Dat, wat wi hebben, willen wi taug\u00e4nglich m\u00e5ken un Bes\u00e4uker R\u00e5t g\u00e4wen, wenn sei dat Archiv un de Sammlung bi uns in\u2019t Museum beforschen willen. Wat uns noch f\u00e4hlt, willen wi giern tauk\u00f6pen.<\/p>\n<h4>De Archivs von dat Fritz-Reuter-Literaturmuseum best\u00e5hn ut fief Sammlungen:<\/h4>\n\t\t\t\t\t\t\t\t<\/div>\n\t\t\t\t<\/div>\n\t\t\t\t<div class=\"elementor-element elementor-element-472fc99 elementor-widget__width-initial elementor-widget elementor-widget-text-editor\" data-id=\"472fc99\" data-element_type=\"widget\" data-e-type=\"widget\" data-widget_type=\"text-editor.default\">\n\t\t\t\t<div class=\"elementor-widget-container\">\n\t\t\t\t\t\t\t\t\t<h3>Wat Fritz Reuter schr\u00e4wen hett<\/h3>\n<p>Dat, wat Reuter mit sien eigen Hand schr\u00e4wen hett, is dat Hart von de Sammlungen von uns Museum. Dat s\u00fcnd meistendeils Handschriften von Fritz Reuter siene Warken, l\u00fctte Versst\u00fccken un Prosawarken un ok Breiwen an un von Reuter, \u00e5wer ok handschr\u00e4wen Popieren von sien Verwandtschaft, Fr\u00fcndschaft orrer anner L\u00fcd, de tau glieke Tiet l\u00e4\u00e4ft hebben.<\/p>\n\t\t\t\t\t\t\t\t<\/div>\n\t\t\t\t<\/div>\n\t\t\t\t<div class=\"elementor-element elementor-element-02d5403 elementor-widget__width-initial elementor-widget elementor-widget-text-editor\" data-id=\"02d5403\" data-element_type=\"widget\" data-e-type=\"widget\" data-widget_type=\"text-editor.default\">\n\t\t\t\t<div class=\"elementor-widget-container\">\n\t\t\t\t\t\t\t\t\t<h3>Wat anner nedderd\u00fc\u00fctsche Autoren schr\u00e4wen hebben<\/h3>\n<p>Hier warden Handschriften un N\u00e5lass uph\u00e4\u00e4cht von anner nedderd\u00fc\u00fctsche Schriewer, bes\u00fcnners von Rudolf Tarnow, Wilhelm Zierow un Max Gerhardt.<\/p>\n\t\t\t\t\t\t\t\t<\/div>\n\t\t\t\t<\/div>\n\t\t\t\t<div class=\"elementor-element elementor-element-6a9105b elementor-widget__width-initial elementor-widget elementor-widget-text-editor\" data-id=\"6a9105b\" data-element_type=\"widget\" data-e-type=\"widget\" data-widget_type=\"text-editor.default\">\n\t\t\t\t<div class=\"elementor-widget-container\">\n\t\t\t\t\t\t\t\t\t<h3>Billers<\/h3>\n<p>Wi sammeln Afbiller von Reuter s\u00fclfst, Biller un Teiknungen, de hei s\u00fclfst m\u00e5lt hett un ok Illustratschonen tau Reuter sien Wark, \u00e5wer ok Bilddokumenten dortau, woans Reuter upun ann\u00e5hmen w\u00fcr un tau de Geschicht von de Reuterstadt Stemh\u00e5gen un \u00fcmtau.<\/p>\n\t\t\t\t\t\t\t\t<\/div>\n\t\t\t\t<\/div>\n\t\t\t\t<div class=\"elementor-element elementor-element-acbb760 elementor-widget__width-initial elementor-widget elementor-widget-text-editor\" data-id=\"acbb760\" data-element_type=\"widget\" data-e-type=\"widget\" data-widget_type=\"text-editor.default\">\n\t\t\t\t<div class=\"elementor-widget-container\">\n\t\t\t\t\t\t\t\t\t<h3>Objekten<\/h3>\n<p>Wichtig in de Sammlung s\u00fcnd all St\u00fccken un S\u00e5ken, de Fritz Reuter s\u00fclfst h\u00fc\u00fcrt hebben, siene Fomilie, siene Fr\u00fcndschaft un Bekanntschaft. Anner Objekten s\u00fcnd tau de Reuterrezeptschon un de Stadtgeschicht von Stemh\u00e5gen.<\/p>\n\t\t\t\t\t\t\t\t<\/div>\n\t\t\t\t<\/div>\n\t\t\t\t<div class=\"elementor-element elementor-element-16d5356 elementor-widget__width-initial elementor-widget elementor-widget-text-editor\" data-id=\"16d5356\" data-element_type=\"widget\" data-e-type=\"widget\" data-widget_type=\"text-editor.default\">\n\t\t\t\t<div class=\"elementor-widget-container\">\n\t\t\t\t\t\t\t\t\t<h3>Historisch Stadtarchiv<\/h3>\n<p>Dokumenten tau de Geschicht von Stemh\u00e5gen s\u00fcnd hier uph\u00e4\u00e4cht. Dat Hart von dat Archiv is de so n\u00f6\u00f6mte Olt-Registratur , in weck de Geschicht von de Reuterstadt von 1775 an bet 1933\/34 dokumentiert is. Dat s\u00fcnd Dokumenten, Protokoll- un anner Stadtb\u00e4uker.<\/p>\n\t\t\t\t\t\t\t\t<\/div>\n\t\t\t\t<\/div>\n\t\t\t\t\t<\/div>\n\t\t\t\t<\/div>\n\t\t\t\t<\/div>\n\t\t","protected":false},"excerpt":{"rendered":"<p>Wat wi sammeln Kultur vermiddeln, Forschen, Sammeln, Dokumentatschon, Verwohren, Uph\u00e4gen, Utstellen un Kommunikatschon &#8211; dat s\u00fcnd de Upg\u00e5wen von ein Museum. Up disse Oort s\u00fcnd Museen, Sammlungen un Archive de [&hellip;]<\/p>\n","protected":false},"author":2,"featured_media":0,"parent":0,"menu_order":0,"comment_status":"closed","ping_status":"closed","template":"","meta":{"_price":"","_stock":"","_tribe_ticket_header":"","_tribe_default_ticket_provider":"","_tribe_ticket_capacity":"0","_ticket_start_date":"","_ticket_end_date":"","_tribe_ticket_show_description":"","_tribe_ticket_show_not_going":false,"_tribe_ticket_use_global_stock":"","_tribe_ticket_global_stock_level":"","_global_stock_mode":"","_global_stock_cap":"","_tribe_rsvp_for_event":"","_tribe_ticket_going_count":"","_tribe_ticket_not_going_count":"","_tribe_tickets_list":"[]","_tribe_ticket_has_attendee_info_fields":false,"footnotes":"","_tec_slr_enabled":"","_tec_slr_layout":""},"class_list":["post-1605","page","type-page","status-publish","hentry"],"ticketed":false,"_links":{"self":[{"href":"https:\/\/frlm-mv.de\/nl\/wp-json\/wp\/v2\/pages\/1605","targetHints":{"allow":["GET"]}}],"collection":[{"href":"https:\/\/frlm-mv.de\/nl\/wp-json\/wp\/v2\/pages"}],"about":[{"href":"https:\/\/frlm-mv.de\/nl\/wp-json\/wp\/v2\/types\/page"}],"author":[{"embeddable":true,"href":"https:\/\/frlm-mv.de\/nl\/wp-json\/wp\/v2\/users\/2"}],"replies":[{"embeddable":true,"href":"https:\/\/frlm-mv.de\/nl\/wp-json\/wp\/v2\/comments?post=1605"}],"version-history":[{"count":1,"href":"https:\/\/frlm-mv.de\/nl\/wp-json\/wp\/v2\/pages\/1605\/revisions"}],"predecessor-version":[{"id":1606,"href":"https:\/\/frlm-mv.de\/nl\/wp-json\/wp\/v2\/pages\/1605\/revisions\/1606"}],"wp:attachment":[{"href":"https:\/\/frlm-mv.de\/nl\/wp-json\/wp\/v2\/media?parent=1605"}],"curies":[{"name":"wp","href":"https:\/\/api.w.org\/{rel}","templated":true}]}}