{"id":1603,"date":"2023-06-07T12:28:07","date_gmt":"2023-06-07T10:28:07","guid":{"rendered":"https:\/\/www.frlm-mv.de\/wecker-wi-suend-wofoer-wi-instaahn\/"},"modified":"2023-12-06T15:58:37","modified_gmt":"2023-12-06T14:58:37","slug":"wecker-wi-suend-wofoer-wi-instaahn","status":"publish","type":"page","link":"https:\/\/frlm-mv.de\/nl\/wecker-wi-suend-wofoer-wi-instaahn\/","title":{"rendered":"Wecker wi s\u00fcnd \u2013 wof\u00f6r wi inst\u00e5hn"},"content":{"rendered":"\t\t<div data-elementor-type=\"wp-page\" data-elementor-id=\"1603\" class=\"elementor elementor-1603 elementor-129\" data-elementor-post-type=\"page\">\n\t\t\t\t<div class=\"elementor-element elementor-element-a9db739 e-flex e-con-boxed e-con e-parent\" data-id=\"a9db739\" data-element_type=\"container\" data-e-type=\"container\">\n\t\t\t\t\t<div class=\"e-con-inner\">\n\t\t\t\t<div class=\"elementor-element elementor-element-1b3f928 elementor-widget__width-initial elementor-widget elementor-widget-text-editor\" data-id=\"1b3f928\" data-element_type=\"widget\" data-e-type=\"widget\" data-widget_type=\"text-editor.default\">\n\t\t\t\t<div class=\"elementor-widget-container\">\n\t\t\t\t\t\t\t\t\t<h1>Wecker wi s\u00fcnd \u2013 wof\u00f6r wi inst\u00e5hn<\/h1>\n\t\t\t\t\t\t\t\t<\/div>\n\t\t\t\t<\/div>\n\t\t\t\t<div class=\"elementor-element elementor-element-b1dab98 elementor-widget__width-initial elementor-widget elementor-widget-text-editor\" data-id=\"b1dab98\" data-element_type=\"widget\" data-e-type=\"widget\" data-widget_type=\"text-editor.default\">\n\t\t\t\t<div class=\"elementor-widget-container\">\n\t\t\t\t\t\t\t\t\t<h3>Dorup s\u00fcnd wi stolt<\/h3>\n<ul>\n<li>All, de in dat Fritz-Reuter-Literaturmuseum warken daun, dr\u00e4gen de Verantwuurtung f\u00f6r wiertvulle T\u00fc\u00fcchnisse ut \u0153wer tweihunnertunf\u00f6fftig Johren Geschicht un Kunst ut M\u00e4kelborg.<\/li>\n<li>Wi sammeln allens \u0153wer Fritz Reuter un anner nedderd\u00fc\u00fctsche Schriewersl\u00fcd, \u0153wer Ernst L\u00fcbbert un ok \u0153wer de Stadtgeschicht von Stemh\u00e5gen.<\/li>\n<li>Siet mihr as 100 Johren s\u00fcnd wi Andachtsuurt f\u00f6r denn nedderd\u00fc\u00fctschen Dichter Fritz Reuter.<\/li>\n<li>Von 1960 an s\u00fcnd wi anerkennt Forschungsst\u00e4d f\u00f6r L\u00e4wen un Warken von Fritz Reuter un ok anner nedderd\u00fc\u00fctsche Schriewer.<br \/>Wi s\u00fcnd de Kultur-L\u00fcchttorm in uns G\u00e4gend.<\/li>\n<\/ul>\n\t\t\t\t\t\t\t\t<\/div>\n\t\t\t\t<\/div>\n\t\t\t\t<div class=\"elementor-element elementor-element-462aa4c elementor-widget__width-initial elementor-widget elementor-widget-text-editor\" data-id=\"462aa4c\" data-element_type=\"widget\" data-e-type=\"widget\" data-widget_type=\"text-editor.default\">\n\t\t\t\t<div class=\"elementor-widget-container\">\n\t\t\t\t\t\t\t\t\t<h3>Dat is f\u00f6r uns wichtig<\/h3>\n<ul>\n<li>Wi bringen dat modern Museumsmanagement v\u00f6ran, arbeiten professchonell un mit Schick un Plie.<\/li>\n<li>Wi hollen dat mit W\u00e4tenschaft un Service, s\u00fcnd kreativ un kopm\u00e4nnisch un hollen up disse Oort de F\u00e5hn von Qualit\u00e4t hoch.<\/li>\n<li>Wi st\u00e5hn in denn Deinst von uns G\u00e4st un Bes\u00e4ukers, de wi mit R\u00e5t tau Siet st\u00e5hn.<\/li>\n<li>All, de bi uns warken, vermiddeln Literatur un Kultur an uns G\u00e4st in dat Museum un wiet un siet \u0153wer de Region rut \u0153werall hen.<\/li>\n<\/ul>\n\t\t\t\t\t\t\t\t<\/div>\n\t\t\t\t<\/div>\n\t\t\t\t<div class=\"elementor-element elementor-element-38a49f3 elementor-widget__width-initial elementor-widget elementor-widget-text-editor\" data-id=\"38a49f3\" data-element_type=\"widget\" data-e-type=\"widget\" data-widget_type=\"text-editor.default\">\n\t\t\t\t<div class=\"elementor-widget-container\">\n\t\t\t\t\t\t\t\t\t<h3>Dor\u00fcm s\u00fcnd wi bes\u00fcnners<\/h3>\n<ul>\n<li>Uns Archiven, allens, wat wi sammelt hebben un de w\u00e4tenschaftlisch B\u00e4ukerie st\u00e5hn f\u00f6r dat, wat de Reuterstadt Stemh\u00e5gen von Kultur un Identit\u00e4t her is un ok f\u00f6r de Geschicht von M\u00e4kelborg-V\u00f6rpommern.<\/li>\n<li>Allens, wat wi sammelt hebben, gifft dat in heil D\u00fc\u00fctschland bloots bi uns.<\/li>\n<li>Wi stellen dat poetisch Wark von denn nedderd\u00fc\u00fctschen Dichter v\u00f6r, de weltbekannt is. Wi wiesen bannig v\u00e4l un mit verschieden Medien direktemang in sien Gebuurtshus.<\/li>\n<li>Blot in Stemh\u00e5gen gifft dat f\u00f6r Bes\u00e4ukers \u2019ne Utw\u00e5hl ut dat Warken von Ernst L\u00fcbbert tau bekieken.<\/li>\n<\/ul>\n\t\t\t\t\t\t\t\t<\/div>\n\t\t\t\t<\/div>\n\t\t\t\t<div class=\"elementor-element elementor-element-91f5bb6 elementor-widget__width-initial elementor-widget elementor-widget-text-editor\" data-id=\"91f5bb6\" data-element_type=\"widget\" data-e-type=\"widget\" data-widget_type=\"text-editor.default\">\n\t\t\t\t<div class=\"elementor-widget-container\">\n\t\t\t\t\t\t\t\t\t<h3>Wat wi f\u00f6r Upg\u00e5wen hebben<\/h3>\n<ul>\n<li>De Grotdeil von uns Arbeit is dat Sammeln, Uph\u00e4gen, Utforschen un Utstellen von allens, wat von dat L\u00e4wen un Warken von Fritz Reuter T\u00fc\u00fcchnis gifft.<\/li>\n<li>Wi seihn denn Autor Fritz Reuter un sien Wark in denn Taus\u00e5menhang mit de annern groten realistischen Verteller in dat 19. Johrhunnert in Europa un \u0152wersee.<\/li>\n<li>Wi g\u00e5hn scharp in\u2019t Geschirr, \u00fcm de nedderd\u00fc\u00fctsche Spr\u00e5k lebennig tau bewohren.<\/li>\n<\/ul>\n\t\t\t\t\t\t\t\t<\/div>\n\t\t\t\t<\/div>\n\t\t\t\t<div class=\"elementor-element elementor-element-23acdb5 elementor-widget__width-initial elementor-widget elementor-widget-text-editor\" data-id=\"23acdb5\" data-element_type=\"widget\" data-e-type=\"widget\" data-widget_type=\"text-editor.default\">\n\t\t\t\t<div class=\"elementor-widget-container\">\n\t\t\t\t\t\t\t\t\t<h3>Woans wi warken<\/h3>\n<ul>\n<li>Uns D\u00f6ren s\u00fcnd wiet \u00e5pen f\u00f6r de B\u00f6rgersl\u00fcd von Stemh\u00e5gen un wi s\u00fcnd verbunnen mit dat V\u00f6rank\u00e5men von de Reuterstadt Stemh\u00e5gen.<\/li>\n<li>Mit Pr\u00e4sentatschonen un Veranstaltungen von hier un h\u00fct trecken wi L\u00fcd ut Stemh\u00e5gen un von \u00fcmtau an un beiden Kultur un W\u00e4tenschaft.<\/li>\n<li>Wat wi rutforschen is von Bed\u00fcdung f\u00f6r de Lannesgeschicht von M\u00e4kelborg-V\u00f6rpommern un f\u00f6r heil Nedderd\u00fc\u00fctschland un dor\u0153wer rut in de Welt.<\/li>\n<li>Wi willen ok mit Forsch junge L\u00fcd antrecken un L\u00fcd, de sik f\u00f6r Kultur, W\u00e4tenschaft un Geschicht interessieren daun.<\/li>\n<li>Kultur is ok Wirtschaft un wi willen mithelpen bi denn Upschwung von de Region Stemh\u00e5gen un uns Bunnesland M\u00e4kelborg-V\u00f6rpommern.<\/li>\n<li>Wi g\u00e5hn mit Kr\u00e5sch an de Upg\u00e5f, Nedderd\u00fc\u00fctsch as Regionalspr\u00e5k, de in Europa sch\u00fctzt is as all Minnerheitenspr\u00e5ken, tau bruken un wiedertaug\u00e4wen. \u00dcmmer so, dat dat f\u00f6r dat Publikum passm\u00e5t is.<\/li>\n<li>Wi g\u00e4wen uns Herk\u00e5men un wat wi s\u00fcnd \u2019n Tauhus mit wiede Puurten f\u00f6r anner, s\u00fcnd dorbi \u00e5pen un tolerant.<br \/>De Tourist-Informatschon \u00fcnner uns Dack is taust\u00e4nnig f\u00f6r all, de Stemh\u00e5gen bes\u00e4uken. Uns L\u00fcd hebben \u00c5hnung un helpen giern.<\/li>\n<\/ul>\n\t\t\t\t\t\t\t\t<\/div>\n\t\t\t\t<\/div>\n\t\t\t\t<div class=\"elementor-element elementor-element-fb33593 elementor-widget__width-initial elementor-widget elementor-widget-text-editor\" data-id=\"fb33593\" data-element_type=\"widget\" data-e-type=\"widget\" data-widget_type=\"text-editor.default\">\n\t\t\t\t<div class=\"elementor-widget-container\">\n\t\t\t\t\t\t\t\t\t<h3>F\u00f6r weckern wi warken<\/h3>\n<ul>\n<li>Wi st\u00e5hn dorf\u00f6r, dat jedein uns bil\u00e4wen kann. Wi s\u00fcnd inklusiv. Wi s\u00fcn \u00e5pen f\u00f6r all.<\/li>\n<li>As Forschungsst\u00e4d g\u00e4wen wi all de, de forschen un W\u00e4tenschaft bedriewen willen, ein st\u00e5tschet Dack \u0153wern Kopp<\/li>\n<li>Wi warken taus\u00e5men mit all Universit\u00e4ten un all Forschungsst\u00e4den.<\/li>\n<li>Wi s\u00fcnd de Uurt f\u00f6r dat Andenken an Fritz Reuter, ein Hus, wo\u2019n wat lihren un sch\u00f6ne S\u00e5ken beseihn kann. Wi st\u00e5hn in f\u00f6r unsen Billungsupdrach un dor\u00fcm is dat Taus\u00e5menwarken mit Kinnergordens, Schaulen un anner ut de Billung von grot Bed\u00fcdung f\u00f6r uns.<\/li>\n<\/ul>\n\t\t\t\t\t\t\t\t<\/div>\n\t\t\t\t<\/div>\n\t\t\t\t<div class=\"elementor-element elementor-element-29a0ec8 elementor-widget__width-initial elementor-widget elementor-widget-text-editor\" data-id=\"29a0ec8\" data-element_type=\"widget\" data-e-type=\"widget\" data-widget_type=\"text-editor.default\">\n\t\t\t\t<div class=\"elementor-widget-container\">\n\t\t\t\t\t\t\t\t\t<h3>Mit weckern wi taus\u00e5menwarken<\/h3>\n<ul>\n<li>Wi s\u00fcnd Deil von Nettwarken un arbeiten mit anner Partners taus\u00e5men.<br \/>Wi s\u00fcnd \u00fcnner dat Dack von Verb\u00e4nnen in M\u00e4kelborg-V\u00f6rpommern un D\u00fc\u00fctschland un s\u00e4kern so de Qualit\u00e4t von uns Arbeit.<\/li>\n<li>Wi hollen de D\u00f6ren \u00e5pen f\u00f6r niege Kooperatschonen mit Partners ut Kultur, Billung, W\u00e4tenschaft, Tourismus, Wirtschaft un s\u00fcnd Partner mit uns Bunnesland M\u00e4kelborgV\u00f6rpommern.<\/li>\n<\/ul>\n\t\t\t\t\t\t\t\t<\/div>\n\t\t\t\t<\/div>\n\t\t\t\t<div class=\"elementor-element elementor-element-289ffc9 elementor-widget__width-initial elementor-widget elementor-widget-text-editor\" data-id=\"289ffc9\" data-element_type=\"widget\" data-e-type=\"widget\" data-widget_type=\"text-editor.default\">\n\t\t\t\t<div class=\"elementor-widget-container\">\n\t\t\t\t\t\t\t\t\t<h3>Wat wi schaffen willen<\/h3>\n<ul>\n<li>Wi beforschen un finnen Nieget rut \u0153wer de Warken von Fritz Reuter un \u0153wer de nedderd\u00fc\u00fctsche Spr\u00e5k.<\/li>\n<li>Wi s\u00fclfst lihren un k\u00e5men v\u00f6ran, s\u00fcnd modern un \u00e5pen f\u00f6r de Welt.<br \/>Wi n\u00e4hmen dat as Upg\u00e5f, klortauk\u00e5men dormit, dat de L\u00fcd \u00fcmmer \u00f6ller warden un de Demografie sik ver\u00e4nnert.<\/li>\n<li>Wi bringen de Verst\u00e4nnigung tw\u00fcschen de Generatschonen un Integratschon v\u00f6ran.<\/li>\n<li>Stemh\u00e5gen ward Kulturmetropole von dat Nedderd\u00fc\u00fctsche, f\u00f6r dissen Upschwung st\u00e5hn wi.<\/li>\n<li>Uns Strategie is, dat uns Museum, de Sammlungen un Depots digit\u00e5l warden, so dat\u2019n digit\u00e5l Taugang finnt. Up de anner Siet willen wi ok digit\u00e5l allens rutposaunen, wat bi uns los is, so dat jedein dat gewohr ward.<\/li>\n<li>Wi warken ok rin de Gesellschaft. Wi f\u00e4uhlen uns verantwuurtlich f\u00f6r uns Geschicht un bringen uns in bi gesellschaftlichen Diskurs.<\/li>\n<\/ul>\n\t\t\t\t\t\t\t\t<\/div>\n\t\t\t\t<\/div>\n\t\t\t\t\t<\/div>\n\t\t\t\t<\/div>\n\t\t\t\t<\/div>\n\t\t","protected":false},"excerpt":{"rendered":"<p>Wecker wi s\u00fcnd \u2013 wof\u00f6r wi inst\u00e5hn Dorup s\u00fcnd wi stolt All, de in dat Fritz-Reuter-Literaturmuseum warken daun, dr\u00e4gen de Verantwuurtung f\u00f6r wiertvulle T\u00fc\u00fcchnisse ut \u0153wer tweihunnertunf\u00f6fftig Johren Geschicht un [&hellip;]<\/p>\n","protected":false},"author":2,"featured_media":0,"parent":0,"menu_order":0,"comment_status":"closed","ping_status":"closed","template":"","meta":{"_price":"","_stock":"","_tribe_ticket_header":"","_tribe_default_ticket_provider":"","_tribe_ticket_capacity":"0","_ticket_start_date":"","_ticket_end_date":"","_tribe_ticket_show_description":"","_tribe_ticket_show_not_going":false,"_tribe_ticket_use_global_stock":"","_tribe_ticket_global_stock_level":"","_global_stock_mode":"","_global_stock_cap":"","_tribe_rsvp_for_event":"","_tribe_ticket_going_count":"","_tribe_ticket_not_going_count":"","_tribe_tickets_list":"[]","_tribe_ticket_has_attendee_info_fields":false,"footnotes":"","_tec_slr_enabled":"","_tec_slr_layout":""},"class_list":["post-1603","page","type-page","status-publish","hentry"],"ticketed":false,"_links":{"self":[{"href":"https:\/\/frlm-mv.de\/nl\/wp-json\/wp\/v2\/pages\/1603","targetHints":{"allow":["GET"]}}],"collection":[{"href":"https:\/\/frlm-mv.de\/nl\/wp-json\/wp\/v2\/pages"}],"about":[{"href":"https:\/\/frlm-mv.de\/nl\/wp-json\/wp\/v2\/types\/page"}],"author":[{"embeddable":true,"href":"https:\/\/frlm-mv.de\/nl\/wp-json\/wp\/v2\/users\/2"}],"replies":[{"embeddable":true,"href":"https:\/\/frlm-mv.de\/nl\/wp-json\/wp\/v2\/comments?post=1603"}],"version-history":[{"count":1,"href":"https:\/\/frlm-mv.de\/nl\/wp-json\/wp\/v2\/pages\/1603\/revisions"}],"predecessor-version":[{"id":1604,"href":"https:\/\/frlm-mv.de\/nl\/wp-json\/wp\/v2\/pages\/1603\/revisions\/1604"}],"wp:attachment":[{"href":"https:\/\/frlm-mv.de\/nl\/wp-json\/wp\/v2\/media?parent=1603"}],"curies":[{"name":"wp","href":"https:\/\/api.w.org\/{rel}","templated":true}]}}