{"id":1594,"date":"2023-05-15T16:29:11","date_gmt":"2023-05-15T14:29:11","guid":{"rendered":"https:\/\/www.frlm-mv.de\/start\/"},"modified":"2024-01-24T14:37:27","modified_gmt":"2024-01-24T13:37:27","slug":"start","status":"publish","type":"page","link":"https:\/\/frlm-mv.de\/nl\/","title":{"rendered":"Start"},"content":{"rendered":"\t\t<div data-elementor-type=\"wp-page\" data-elementor-id=\"1594\" class=\"elementor elementor-1594 elementor-2\" data-elementor-post-type=\"page\">\n\t\t\t\t<div class=\"elementor-element elementor-element-ba1180a e-flex e-con-boxed e-con e-parent\" data-id=\"ba1180a\" data-element_type=\"container\" data-e-type=\"container\">\n\t\t\t\t\t<div class=\"e-con-inner\">\n\t\t<div class=\"elementor-element elementor-element-6dcc903 e-con-full e-flex e-con e-child\" data-id=\"6dcc903\" data-element_type=\"container\" data-e-type=\"container\">\n\t\t<div class=\"elementor-element elementor-element-9e228c4 e-flex e-con-boxed e-con e-child\" data-id=\"9e228c4\" data-element_type=\"container\" data-e-type=\"container\">\n\t\t\t\t\t<div class=\"e-con-inner\">\n\t\t\t\t<div class=\"elementor-element elementor-element-e52a0af elementor-widget elementor-widget-heading\" data-id=\"e52a0af\" data-element_type=\"widget\" data-e-type=\"widget\" data-widget_type=\"heading.default\">\n\t\t\t\t<div class=\"elementor-widget-container\">\n\t\t\t\t\t<h2 class=\"elementor-heading-title elementor-size-default\">Wo Plattd\u00fc\u00fctsch tau Hus is \u2013 Stemh\u00e5gen<\/h2>\t\t\t\t<\/div>\n\t\t\t\t<\/div>\n\t\t\t\t<div class=\"elementor-element elementor-element-35d2c69 elementor-widget elementor-widget-text-editor\" data-id=\"35d2c69\" data-element_type=\"widget\" data-e-type=\"widget\" data-widget_type=\"text-editor.default\">\n\t\t\t\t<div class=\"elementor-widget-container\">\n\t\t\t\t\t\t\t\t\t<p>Wenn du uns\u2019 L\u00fcd kennenlihren wist, denn m\u00f6sst di woll de M\u00e4uh m\u00e5ken un ehr Spr\u00e5k lihren, so hett dat Fritz Reuter eins meint. Un wisswohrhaftig: \u00dcm siene B\u00e4uker tau l\u00e4sen, hebben sik Millionen von L\u00e4sers mit de nedderd\u00fc\u00fctsche Spr\u00e5k bef\u00e5t\u2019, in Berlin, M\u00fcnchen, Z\u00fcrich un ok Wien. Fritz Reuter (1810-1874) is in dat 19. Johrhunnert de d\u00fc\u00fctsche Schriewer w\u00e4st, denn de mihrsten L\u00fcd l\u00e4\u00e4st hebben. Bet h\u00fct s\u00fcnd siene B\u00e4uker in tw\u00f6lf Spr\u00e5ken \u0153wersett.<\/p>\n<p>Wecker h\u00fct in dat Fritz-Reuter-Literaturmuseum k\u00fcmmt, ward gewohr warden, dat Reuter siene B\u00e4uker ok h\u00fct ehren Wiert hebben. Un so kann de Bes\u00e4uker up de Idee un in V\u00f6rfreud k\u00e5men, sei tau\u2019n iersten M\u00e5l orrer ok \u00fcmmer wedder tau l\u00e4sen. In de Stammutstellung in dat ehemalig R\u00e5thus von de Stadt kricht\u2019n up twei Et\u00e5schen wat \u0153wer dat L\u00e4wen, de B\u00e4uker un dat Warken von dissen nedderd\u00fc\u00fctschen Schriewer tau weiten. Dor s\u00fcnd Breiwen un anner mit de Hand schr\u00e4wen Popieren, Biller, de hei s\u00fclfst m\u00e5lt un teikent hett, un M\u00f6belst\u00fccken, de em h\u00fc\u00fcrt hebben, utstellt. Ok tau h\u00fcren gifft dat wat un f\u00f6r Kinner gifft dat up denn Rundgang de Kinnerstatschonen \u201ef\u00f6r mi\u201c. In dat Filmkabinett warden Films un Fiernseihserien wiest, de n\u00e5h Reuter siene B\u00e4uker m\u00e5kt s\u00fcnd. F\u00f6r L\u00fcd, de\u2019n Rullstauhl f\u00fchren, gifft dat ok \u2019n Lift.<\/p>\n<p>De M\u00e5ler un Illustrator Ernst L\u00fcbbert (1879-1915), de siene Schaultiet in Stemh\u00e5gen verl\u00e4\u00e4ft hett, is ok Them\u00e5 von dat Museum. Von 2005 an gifft dat in dat Hus 2 de Utstellung \u201eErnst L\u00fcbbert \u2013 L\u00e4wen un Warken\u201c<\/p>\n\t\t\t\t\t\t\t\t<\/div>\n\t\t\t\t<\/div>\n\t\t\t\t\t<\/div>\n\t\t\t\t<\/div>\n\t\t\t\t<\/div>\n\t\t\t\t\t<\/div>\n\t\t\t\t<\/div>\n\t\t<div class=\"elementor-element elementor-element-2eae08e e-flex e-con-boxed e-con e-parent\" data-id=\"2eae08e\" data-element_type=\"container\" data-e-type=\"container\">\n\t\t\t\t\t<div class=\"e-con-inner\">\n\t\t\t\t<div class=\"elementor-element elementor-element-8b4a243 elementor-widget elementor-widget-html\" data-id=\"8b4a243\" data-element_type=\"widget\" data-e-type=\"widget\" data-widget_type=\"html.default\">\n\t\t\t\t<div class=\"elementor-widget-container\">\n\t\t\t\t\t<script src=\"https:\/\/te6ab6657.emailsys1a.net\/form\/244\/108\/2dcf5647d7\/popup.js?_g=1696238693\" async><\/script>\t\t\t\t<\/div>\n\t\t\t\t<\/div>\n\t\t\t\t\t<\/div>\n\t\t\t\t<\/div>\n\t\t<div class=\"elementor-element elementor-element-b7c8016 e-flex e-con-boxed e-con e-parent\" data-id=\"b7c8016\" data-element_type=\"container\" data-e-type=\"container\">\n\t\t\t\t\t<div class=\"e-con-inner\">\n\t\t<a class=\"elementor-element elementor-element-2792241 e-con-full e-flex e-con e-child\" data-id=\"2792241\" data-element_type=\"container\" data-e-type=\"container\" data-settings=\"{&quot;background_background&quot;:&quot;classic&quot;}\" href=\"https:\/\/www.frlm-mv.de\/nl\/oewer-fritz-reuter\/\">\n\t\t\t\t<div class=\"elementor-element elementor-element-db783cf elementor-widget elementor-widget-text-editor\" data-id=\"db783cf\" data-element_type=\"widget\" data-e-type=\"widget\" data-widget_type=\"text-editor.default\">\n\t\t\t\t<div class=\"elementor-widget-container\">\n\t\t\t\t\t\t\t\t\t<p>Fritz Reuter<\/p>\n\t\t\t\t\t\t\t\t<\/div>\n\t\t\t\t<\/div>\n\t\t\t\t<\/a>\n\t\t<a class=\"elementor-element elementor-element-a182a06 e-con-full e-flex e-con e-child\" data-id=\"a182a06\" data-element_type=\"container\" data-e-type=\"container\" data-settings=\"{&quot;background_background&quot;:&quot;classic&quot;}\" href=\"https:\/\/www.frlm-mv.de\/nl\/utstellungen\/\">\n\t\t\t\t<div class=\"elementor-element elementor-element-7c59c8f elementor-widget elementor-widget-text-editor\" data-id=\"7c59c8f\" data-element_type=\"widget\" data-e-type=\"widget\" data-widget_type=\"text-editor.default\">\n\t\t\t\t<div class=\"elementor-widget-container\">\n\t\t\t\t\t\t\t\t\t<p>Utstellungen<\/p>\n\t\t\t\t\t\t\t\t<\/div>\n\t\t\t\t<\/div>\n\t\t\t\t<\/a>\n\t\t<a class=\"elementor-element elementor-element-d3670d1 e-con-full e-flex e-con e-child\" data-id=\"d3670d1\" data-element_type=\"container\" data-e-type=\"container\" data-settings=\"{&quot;background_background&quot;:&quot;classic&quot;}\" href=\"https:\/\/vr.museum.de\/de\/tour\/stavenhagen#cnt-start\" target=\"_blank\">\n\t\t\t\t<div class=\"elementor-element elementor-element-a095b28 elementor-widget elementor-widget-text-editor\" data-id=\"a095b28\" data-element_type=\"widget\" data-e-type=\"widget\" data-widget_type=\"text-editor.default\">\n\t\t\t\t<div class=\"elementor-widget-container\">\n\t\t\t\t\t\t\t\t\t<p>Virtueller Rundgang<\/p>\n\t\t\t\t\t\t\t\t<\/div>\n\t\t\t\t<\/div>\n\t\t\t\t<\/a>\n\t\t<a class=\"elementor-element elementor-element-5ccdd76 e-con-full e-flex e-con e-child\" data-id=\"5ccdd76\" data-element_type=\"container\" data-e-type=\"container\" data-settings=\"{&quot;background_background&quot;:&quot;classic&quot;}\" href=\"https:\/\/www.frlm-mv.de\/nl\/touristinformatschon\/\">\n\t\t\t\t<div class=\"elementor-element elementor-element-2f79ad0 elementor-widget elementor-widget-text-editor\" data-id=\"2f79ad0\" data-element_type=\"widget\" data-e-type=\"widget\" data-widget_type=\"text-editor.default\">\n\t\t\t\t<div class=\"elementor-widget-container\">\n\t\t\t\t\t\t\t\t\t<p>Informatschon f\u00f6r G\u00e4st<\/p>\n\t\t\t\t\t\t\t\t<\/div>\n\t\t\t\t<\/div>\n\t\t\t\t<\/a>\n\t\t\t\t\t<\/div>\n\t\t\t\t<\/div>\n\t\t<div class=\"elementor-element elementor-element-4078e45 e-flex e-con-boxed e-con e-parent\" data-id=\"4078e45\" data-element_type=\"container\" data-e-type=\"container\">\n\t\t\t\t\t<div class=\"e-con-inner\">\n\t\t<div class=\"elementor-element elementor-element-ef84801 e-con-full e-flex e-con e-child\" data-id=\"ef84801\" data-element_type=\"container\" data-e-type=\"container\" data-settings=\"{&quot;background_background&quot;:&quot;classic&quot;}\">\n\t\t\t\t<\/div>\n\t\t<div class=\"elementor-element elementor-element-9505236 e-con-full elementor-hidden-tablet elementor-hidden-mobile e-flex e-con e-child\" data-id=\"9505236\" data-element_type=\"container\" data-e-type=\"container\" data-settings=\"{&quot;background_background&quot;:&quot;classic&quot;}\">\n\t\t\t\t<div class=\"elementor-element elementor-element-0f6a558 elementor-widget__width-inherit elementor-widget elementor-widget-heading\" data-id=\"0f6a558\" data-element_type=\"widget\" data-e-type=\"widget\" data-widget_type=\"heading.default\">\n\t\t\t\t<div class=\"elementor-widget-container\">\n\t\t\t\t\t<h3 class=\"elementor-heading-title elementor-size-default\">Dat Museum is \u00e5pen:<\/h3>\t\t\t\t<\/div>\n\t\t\t\t<\/div>\n\t\t\t\t<div class=\"elementor-element elementor-element-1ae9bf0 elementor-widget__width-initial elementor-widget elementor-widget-text-editor\" data-id=\"1ae9bf0\" data-element_type=\"widget\" data-e-type=\"widget\" data-widget_type=\"text-editor.default\">\n\t\t\t\t<div class=\"elementor-widget-container\">\n\t\t\t\t\t\t\t\t\t<p>April \u2013 Oktoberm\u00e5nd<br \/><br \/>Novemberm\u00e5nd \u2013 M\u00e4rzm\u00e5nd<\/p>\t\t\t\t\t\t\t\t<\/div>\n\t\t\t\t<\/div>\n\t\t\t\t<div class=\"elementor-element elementor-element-c0f4589 elementor-widget__width-initial elementor-widget elementor-widget-text-editor\" data-id=\"c0f4589\" data-element_type=\"widget\" data-e-type=\"widget\" data-widget_type=\"text-editor.default\">\n\t\t\t\t<div class=\"elementor-widget-container\">\n\t\t\t\t\t\t\t\t\t<p>Dingsdach \u2013 S\u00fcnndach &amp; Fieerd\u00e5chs<br \/>Dingsdach \u2013 S\u00fcnn\u00e5bend <\/p>\n\t\t\t\t\t\t\t\t<\/div>\n\t\t\t\t<\/div>\n\t\t\t\t<div class=\"elementor-element elementor-element-311052d elementor-widget__width-initial elementor-widget elementor-widget-text-editor\" data-id=\"311052d\" data-element_type=\"widget\" data-e-type=\"widget\" data-widget_type=\"text-editor.default\">\n\t\t\t\t<div class=\"elementor-widget-container\">\n\t\t\t\t\t\t\t\t\t<p>Klock 10- Klock 5 an\u2019n N\u00e5hmeddach<br \/>Klock 10- Klock 5 an\u2019n N\u00e5hmeddach<\/p>\n\t\t\t\t\t\t\t\t<\/div>\n\t\t\t\t<\/div>\n\t\t\t\t<div class=\"elementor-element elementor-element-d7bbad9 elementor-widget__width-inherit elementor-widget elementor-widget-text-editor\" data-id=\"d7bbad9\" data-element_type=\"widget\" data-e-type=\"widget\" data-widget_type=\"text-editor.default\">\n\t\t\t\t<div class=\"elementor-widget-container\">\n\t\t\t\t\t\t\t\t\t<p>de Letzten l\u00e5ten wi rin bet: 16:45 Uhr, F\u00fchrungen n\u00e5h Verafr\u00e4dung<\/p>\n\t\t\t\t\t\t\t\t<\/div>\n\t\t\t\t<\/div>\n\t\t\t\t<div class=\"elementor-element elementor-element-506dde8 elementor-widget elementor-widget-text-editor\" data-id=\"506dde8\" data-element_type=\"widget\" data-e-type=\"widget\" data-widget_type=\"text-editor.default\">\n\t\t\t\t<div class=\"elementor-widget-container\">\n\t\t\t\t\t\t\t\t\t<p>\u25ba <a href=\"https:\/\/www.frlm-mv.de\/nl\/billjet-priese\/\">Billjett-Priese<\/a><\/p>\n\t\t\t\t\t\t\t\t<\/div>\n\t\t\t\t<\/div>\n\t\t\t\t<\/div>\n\t\t<div class=\"elementor-element elementor-element-0059d18 e-con-full elementor-hidden-desktop e-flex e-con e-child\" data-id=\"0059d18\" data-element_type=\"container\" data-e-type=\"container\" data-settings=\"{&quot;background_background&quot;:&quot;classic&quot;}\">\n\t\t\t\t<div class=\"elementor-element elementor-element-32bc0bd elementor-widget__width-inherit elementor-widget elementor-widget-heading\" data-id=\"32bc0bd\" data-element_type=\"widget\" data-e-type=\"widget\" data-widget_type=\"heading.default\">\n\t\t\t\t<div class=\"elementor-widget-container\">\n\t\t\t\t\t<h3 class=\"elementor-heading-title elementor-size-default\">Dat Museum is \u00e5pen<\/h3>\t\t\t\t<\/div>\n\t\t\t\t<\/div>\n\t\t\t\t<div class=\"elementor-element elementor-element-d08b6fc elementor-widget__width-initial elementor-widget-mobile__width-inherit elementor-widget elementor-widget-text-editor\" data-id=\"d08b6fc\" data-element_type=\"widget\" data-e-type=\"widget\" data-widget_type=\"text-editor.default\">\n\t\t\t\t<div class=\"elementor-widget-container\">\n\t\t\t\t\t\t\t\t\t<p><strong>April &#8211; oktober: <\/strong>dins &#8211; zo. &amp; Fieerd\u00e5chs<br \/>Klock 10- Klock 5 an\u2019n N\u00e5hmeddach<\/p>\n<p><strong>November &#8211; maart:<\/strong> dins &#8211; za.<br \/>Klock 10- Klock 5 an\u2019n N\u00e5hmeddach<\/p>\n\t\t\t\t\t\t\t\t<\/div>\n\t\t\t\t<\/div>\n\t\t\t\t<div class=\"elementor-element elementor-element-8999fbe elementor-widget__width-inherit elementor-widget elementor-widget-text-editor\" data-id=\"8999fbe\" data-element_type=\"widget\" data-e-type=\"widget\" data-widget_type=\"text-editor.default\">\n\t\t\t\t<div class=\"elementor-widget-container\">\n\t\t\t\t\t\t\t\t\t<p>de Letzten l\u00e5ten wi rin bet: 16:45 Uhr<br \/>Rondleidingen op afspraak<\/p>\n\t\t\t\t\t\t\t\t<\/div>\n\t\t\t\t<\/div>\n\t\t\t\t<div class=\"elementor-element elementor-element-6ce6d96 elementor-widget elementor-widget-text-editor\" data-id=\"6ce6d96\" data-element_type=\"widget\" data-e-type=\"widget\" data-widget_type=\"text-editor.default\">\n\t\t\t\t<div class=\"elementor-widget-container\">\n\t\t\t\t\t\t\t\t\t<p><a href=\"#\"> Toegangsprijzen<\/a> \u25ba <a href=\"#\">Speciale aanbiedingen <\/a> <\/p>\n\t\t\t\t\t\t\t\t<\/div>\n\t\t\t\t<\/div>\n\t\t\t\t<\/div>\n\t\t\t\t\t<\/div>\n\t\t\t\t<\/div>\n\t\t\t\t<\/div>\n\t\t","protected":false},"excerpt":{"rendered":"<p>Wo Plattd\u00fc\u00fctsch tau Hus is \u2013 Stemh\u00e5gen Wenn du uns\u2019 L\u00fcd kennenlihren wist, denn m\u00f6sst di woll de M\u00e4uh m\u00e5ken un ehr Spr\u00e5k lihren, so hett dat Fritz Reuter eins [&hellip;]<\/p>\n","protected":false},"author":2,"featured_media":0,"parent":0,"menu_order":0,"comment_status":"closed","ping_status":"closed","template":"","meta":{"_price":"","_stock":"","_tribe_ticket_header":"","_tribe_default_ticket_provider":"","_tribe_ticket_capacity":"0","_ticket_start_date":"","_ticket_end_date":"","_tribe_ticket_show_description":"","_tribe_ticket_show_not_going":false,"_tribe_ticket_use_global_stock":"","_tribe_ticket_global_stock_level":"","_global_stock_mode":"","_global_stock_cap":"","_tribe_rsvp_for_event":"","_tribe_ticket_going_count":"","_tribe_ticket_not_going_count":"","_tribe_tickets_list":"[]","_tribe_ticket_has_attendee_info_fields":false,"footnotes":"","_tec_slr_enabled":"","_tec_slr_layout":""},"class_list":["post-1594","page","type-page","status-publish","hentry"],"ticketed":false,"_links":{"self":[{"href":"https:\/\/frlm-mv.de\/nl\/wp-json\/wp\/v2\/pages\/1594","targetHints":{"allow":["GET"]}}],"collection":[{"href":"https:\/\/frlm-mv.de\/nl\/wp-json\/wp\/v2\/pages"}],"about":[{"href":"https:\/\/frlm-mv.de\/nl\/wp-json\/wp\/v2\/types\/page"}],"author":[{"embeddable":true,"href":"https:\/\/frlm-mv.de\/nl\/wp-json\/wp\/v2\/users\/2"}],"replies":[{"embeddable":true,"href":"https:\/\/frlm-mv.de\/nl\/wp-json\/wp\/v2\/comments?post=1594"}],"version-history":[{"count":84,"href":"https:\/\/frlm-mv.de\/nl\/wp-json\/wp\/v2\/pages\/1594\/revisions"}],"predecessor-version":[{"id":2584,"href":"https:\/\/frlm-mv.de\/nl\/wp-json\/wp\/v2\/pages\/1594\/revisions\/2584"}],"wp:attachment":[{"href":"https:\/\/frlm-mv.de\/nl\/wp-json\/wp\/v2\/media?parent=1594"}],"curies":[{"name":"wp","href":"https:\/\/api.w.org\/{rel}","templated":true}]}}