{"id":1590,"date":"2023-06-07T12:45:11","date_gmt":"2023-06-07T10:45:11","guid":{"rendered":"https:\/\/www.frlm-mv.de\/fack-un-speziaal-baeukerie\/"},"modified":"2023-12-06T14:58:12","modified_gmt":"2023-12-06T13:58:12","slug":"fack-un-speziaal-baeukerie","status":"publish","type":"page","link":"https:\/\/frlm-mv.de\/nl\/fack-un-speziaal-baeukerie\/","title":{"rendered":"Fack- un Spezi\u00e5l-B\u00e4ukerie"},"content":{"rendered":"\t\t<div data-elementor-type=\"wp-page\" data-elementor-id=\"1590\" class=\"elementor elementor-1590 elementor-147\" data-elementor-post-type=\"page\">\n\t\t\t\t<div class=\"elementor-element elementor-element-a9db739 e-flex e-con-boxed e-con e-parent\" data-id=\"a9db739\" data-element_type=\"container\" data-e-type=\"container\">\n\t\t\t\t\t<div class=\"e-con-inner\">\n\t\t\t\t<div class=\"elementor-element elementor-element-1b3f928 elementor-widget elementor-widget-text-editor\" data-id=\"1b3f928\" data-element_type=\"widget\" data-e-type=\"widget\" data-widget_type=\"text-editor.default\">\n\t\t\t\t<div class=\"elementor-widget-container\">\n\t\t\t\t\t\t\t\t\t<h1>Fack- un Spezi\u00e5l-B\u00e4ukerie<\/h1>\n\t\t\t\t\t\t\t\t<\/div>\n\t\t\t\t<\/div>\n\t\t\t\t<div class=\"elementor-element elementor-element-890fa02 elementor-widget elementor-widget-text-editor\" data-id=\"890fa02\" data-element_type=\"widget\" data-e-type=\"widget\" data-widget_type=\"text-editor.default\">\n\t\t\t\t<div class=\"elementor-widget-container\">\n\t\t\t\t\t\t\t\t\t<p>Dat Fritz-Reuter-Literaturmuseum nimmt dat as siene Upg\u00e5f an, allens \u0153wer dat L\u00e4wen un Warken von Stemh\u00e5gen sienen ber\u00fchmten S\u0153hn, Fritz Reuter, tau dokumentieren un de L\u00fcd, de sik interessieren tau wiesen. As anerkennte Forschungsst\u00e4d hett dat Museum siene Archiven un b\u00e5bentau ok \u2019ne w\u00e4tenschaftlich Spezi\u00e5lb\u00e4ukerie.<\/p>\n<p>Siet mihr as 70 Johren ward allens tau Fritz Reuter in dat Literaturmuseum sammelt, uph\u00e4\u00e4cht un verwohrt. Dorbi is ok de nedderd\u00fc\u00fctsche Spr\u00e5k f\u00f6r dat Spr\u00e4ken un in de Literatur ein wichtig S\u00e5k. Von 1949 bet h\u00fct s\u00fcnd in de Reg\u00e5len von de B\u00e4ukerie \u00fcm un bi 17.000 B\u00e4uker taus\u00e5menk\u00e5men.<\/p>\n<p>De w\u00e4tenschaftlich B\u00e4ukerie hett vier R\u00fcm un allerbest M\u0153chlichkeiten f\u00f6r de Arbeit in de W\u00e4tenschaft. De Fack- un Spezi\u00e5lb\u00e4ukerie hett von Anfang an ein eigen Sammeltraditschon mit ein eigen Katalogisierung, de passm\u00e5t is tau de Upg\u00e5wen, de sik dat Museum s\u00fclfst ann\u00e5hmen hett. D\u00fcss System geiht taus\u00e5men mit de w\u00e4tenschaftlich Arbeit f\u00f6r dat Kultur un Spr\u00e5k-Aarfdeil un passt tau dat, wat de G\u00e4st von de B\u00e4uker<\/p>\n<p>In de B\u00e4ukerie von dat Fritz-Reuter-Literaturmuseum s\u00fcnd Artikels un anner Schriften \u0153wer Reuter un B\u00e4uker von nedderd\u00fc\u00fctsch Schriewersl\u00fcd ut uns Tiet sammelt un ok Mecklenburgica.<\/p>\n<p>De wichtigsten Deile ut de Sammlung s\u00fcnd in de <a href=\"https:\/\/fritz-reuter-literaturmuseum.museumnet.eu\/fachbibliothek\" target=\"_blank\" rel=\"noopener\">D\u00e5tenbank tau finnen, de online steiht.<\/a><\/p>\n\t\t\t\t\t\t\t\t<\/div>\n\t\t\t\t<\/div>\n\t\t\t\t\t<\/div>\n\t\t\t\t<\/div>\n\t\t\t\t<\/div>\n\t\t","protected":false},"excerpt":{"rendered":"<p>Fack- un Spezi\u00e5l-B\u00e4ukerie Dat Fritz-Reuter-Literaturmuseum nimmt dat as siene Upg\u00e5f an, allens \u0153wer dat L\u00e4wen un Warken von Stemh\u00e5gen sienen ber\u00fchmten S\u0153hn, Fritz Reuter, tau dokumentieren un de L\u00fcd, de [&hellip;]<\/p>\n","protected":false},"author":2,"featured_media":0,"parent":0,"menu_order":0,"comment_status":"closed","ping_status":"closed","template":"","meta":{"_price":"","_stock":"","_tribe_ticket_header":"","_tribe_default_ticket_provider":"","_tribe_ticket_capacity":"0","_ticket_start_date":"","_ticket_end_date":"","_tribe_ticket_show_description":"","_tribe_ticket_show_not_going":false,"_tribe_ticket_use_global_stock":"","_tribe_ticket_global_stock_level":"","_global_stock_mode":"","_global_stock_cap":"","_tribe_rsvp_for_event":"","_tribe_ticket_going_count":"","_tribe_ticket_not_going_count":"","_tribe_tickets_list":"[]","_tribe_ticket_has_attendee_info_fields":false,"footnotes":"","_tec_slr_enabled":"","_tec_slr_layout":""},"class_list":["post-1590","page","type-page","status-publish","hentry"],"ticketed":false,"_links":{"self":[{"href":"https:\/\/frlm-mv.de\/nl\/wp-json\/wp\/v2\/pages\/1590","targetHints":{"allow":["GET"]}}],"collection":[{"href":"https:\/\/frlm-mv.de\/nl\/wp-json\/wp\/v2\/pages"}],"about":[{"href":"https:\/\/frlm-mv.de\/nl\/wp-json\/wp\/v2\/types\/page"}],"author":[{"embeddable":true,"href":"https:\/\/frlm-mv.de\/nl\/wp-json\/wp\/v2\/users\/2"}],"replies":[{"embeddable":true,"href":"https:\/\/frlm-mv.de\/nl\/wp-json\/wp\/v2\/comments?post=1590"}],"version-history":[{"count":3,"href":"https:\/\/frlm-mv.de\/nl\/wp-json\/wp\/v2\/pages\/1590\/revisions"}],"predecessor-version":[{"id":1593,"href":"https:\/\/frlm-mv.de\/nl\/wp-json\/wp\/v2\/pages\/1590\/revisions\/1593"}],"wp:attachment":[{"href":"https:\/\/frlm-mv.de\/nl\/wp-json\/wp\/v2\/media?parent=1590"}],"curies":[{"name":"wp","href":"https:\/\/api.w.org\/{rel}","templated":true}]}}