{"id":1815,"date":"2023-06-07T13:29:48","date_gmt":"2023-06-07T11:29:48","guid":{"rendered":"https:\/\/www.frlm-mv.de\/publications\/"},"modified":"2023-12-11T12:10:24","modified_gmt":"2023-12-11T11:10:24","slug":"publications","status":"publish","type":"page","link":"https:\/\/frlm-mv.de\/en\/publications\/","title":{"rendered":"Publications"},"content":{"rendered":"\t\t<div data-elementor-type=\"wp-page\" data-elementor-id=\"1815\" class=\"elementor elementor-1815 elementor-174\" data-elementor-post-type=\"page\">\n\t\t\t\t<div class=\"elementor-element elementor-element-a9db739 e-flex e-con-boxed e-con e-parent\" data-id=\"a9db739\" data-element_type=\"container\" data-e-type=\"container\">\n\t\t\t\t\t<div class=\"e-con-inner\">\n\t\t\t\t<div class=\"elementor-element elementor-element-1b3f928 elementor-widget elementor-widget-text-editor\" data-id=\"1b3f928\" data-element_type=\"widget\" data-e-type=\"widget\" data-widget_type=\"text-editor.default\">\n\t\t\t\t<div class=\"elementor-widget-container\">\n\t\t\t\t\t\t\t\t\t<h1>Publications<\/h1>\n<p>The museum is actively involved in publishing and publicising. You can find our publications in our museum shop and in your favourite bookshop. It is also possible to order by e-mail . An invoice will be enclosed with the delivery.<\/p>\n\t\t\t\t\t\t\t\t<\/div>\n\t\t\t\t<\/div>\n\t\t<div class=\"elementor-element elementor-element-589e0b0 e-flex e-con-boxed e-con e-parent\" data-id=\"589e0b0\" data-element_type=\"container\" data-e-type=\"container\">\n\t\t\t\t\t<div class=\"e-con-inner\">\n\t\t\t\t<div class=\"elementor-element elementor-element-cbd7cc0 elementor-widget__width-initial elementor-widget elementor-widget-image\" data-id=\"cbd7cc0\" data-element_type=\"widget\" data-e-type=\"widget\" data-widget_type=\"image.default\">\n\t\t\t\t<div class=\"elementor-widget-container\">\n\t\t\t\t\t\t\t\t\t\t\t\t<figure class=\"wp-caption\">\n\t\t\t\t\t\t\t\t\t\t<img fetchpriority=\"high\" decoding=\"async\" width=\"200\" height=\"280\" src=\"https:\/\/frlm-mv.de\/wp-content\/uploads\/2023\/06\/Hartwig-Suhrbier-Gefeiert-und-Gehasst.jpg\" class=\"attachment-large size-large wp-image-1479\" alt=\"\" \/>\t\t\t\t\t\t\t\t\t\t\t<figcaption class=\"widget-image-caption wp-caption-text\"><\/figcaption>\n\t\t\t\t\t\t\t\t\t\t<\/figure>\n\t\t\t\t\t\t\t\t\t<\/div>\n\t\t\t\t<\/div>\n\t\t\t\t<div class=\"elementor-element elementor-element-d4a913f elementor-widget elementor-widget-text-editor\" data-id=\"d4a913f\" data-element_type=\"widget\" data-e-type=\"widget\" data-widget_type=\"text-editor.default\">\n\t\t\t\t<div class=\"elementor-widget-container\">\n\t\t\t\t\t\t\t\t\t<h2>Hartwig Suhrbier: Gefeiert und Gehasst.<\/h2>\n<h3>Der Demokrat und Satiriker Ludwig Reinhardt.<\/h3>\n<p>Ludwig Reinhard (1805-1877) ist im Vorm\u00e4rz als kritischer Publizist namhaft geworden. Dieses Buch bietet ein Lebensbild mit vielen neuen Fakten, ausgew\u00e4hlte Texte und eine Kommentierte Bibliographie der Schriften von und \u00fcber Reinhard. 272 Seiten mit 30 Farb- und 3 SW-Abbildungen.<\/p>\n<p>Stavenhagen 2023<\/p>\n<p>Format: 21,5 x 15,3 cm, geb.<\/p>\n<p>Preis: 20 Euro<\/p>\n<p>ISBN: 978-3-910030-22-0<\/p>\n\t\t\t\t\t\t\t\t<\/div>\n\t\t\t\t<\/div>\n\t\t\t\t\t<\/div>\n\t\t\t\t<\/div>\n\t\t<div class=\"elementor-element elementor-element-952e0fd e-flex e-con-boxed e-con e-parent\" data-id=\"952e0fd\" data-element_type=\"container\" data-e-type=\"container\">\n\t\t\t\t\t<div class=\"e-con-inner\">\n\t\t\t\t<div class=\"elementor-element elementor-element-e37af0c elementor-widget__width-initial elementor-widget elementor-widget-image\" data-id=\"e37af0c\" data-element_type=\"widget\" data-e-type=\"widget\" data-widget_type=\"image.default\">\n\t\t\t\t<div class=\"elementor-widget-container\">\n\t\t\t\t\t\t\t\t\t\t\t\t<figure class=\"wp-caption\">\n\t\t\t\t\t\t\t\t\t\t<img decoding=\"async\" width=\"200\" height=\"280\" src=\"https:\/\/frlm-mv.de\/wp-content\/uploads\/2023\/06\/Arnold-Hueckstaedt-Ick-hewwt-betahlt-mihr-as-betahlen-kann-de-Minsch-nich.jpg\" class=\"attachment-large size-large wp-image-1480\" alt=\"\" \/>\t\t\t\t\t\t\t\t\t\t\t<figcaption class=\"widget-image-caption wp-caption-text\"><\/figcaption>\n\t\t\t\t\t\t\t\t\t\t<\/figure>\n\t\t\t\t\t\t\t\t\t<\/div>\n\t\t\t\t<\/div>\n\t\t\t\t<div class=\"elementor-element elementor-element-1306aec elementor-widget elementor-widget-text-editor\" data-id=\"1306aec\" data-element_type=\"widget\" data-e-type=\"widget\" data-widget_type=\"text-editor.default\">\n\t\t\t\t<div class=\"elementor-widget-container\">\n\t\t\t\t\t\t\t\t\t<h2>Arnold H\u00fcckst\u00e4dt: Ick heww`t betahlt; mihr as betahlen kann de Minsch nich.<\/h2>\n<h3>Die Untersuchungshaft des Burschenschafters Fritz Reuter in den Berliner Gef\u00e4ngnissen Stadtvogtei 1833 und Hausvogtei 1834.<\/h3>\n<p>Reuterexperte Dr. Arnold H\u00fcckst\u00e4dt zeigt Fritz Reuters Weg ins Verderben auf, beginnend bei seiner R\u00fcckkehr nach Stavenhagen, seiner Verhaftung in Berlin, den Verh\u00f6ren bis hin zur Urteilsverk\u00fcndung. 96 Seiten mit 37 Farb- und 2 SW-Abbildungen. Herausgegeben von der Fritz Reuter Gesellschaft e.V. Neubrandenburg in Zusammenarbeit mit dem Fritz-Reuter-Literaturmuseum Stavenhagen.<\/p>\n<p>Neubrandenburg \/ Stavenhagen 2022<\/p>\n<p>Format: 21,3 x 15,0 cm, Flexcover<\/p>\n<p>Preis: 16 Euro<\/p>\n<p>ISBN: 3-910030-21-1<\/p>\n\t\t\t\t\t\t\t\t<\/div>\n\t\t\t\t<\/div>\n\t\t\t\t\t<\/div>\n\t\t\t\t<\/div>\n\t\t<div class=\"elementor-element elementor-element-97a53a0 e-flex e-con-boxed e-con e-parent\" data-id=\"97a53a0\" data-element_type=\"container\" data-e-type=\"container\">\n\t\t\t\t\t<div class=\"e-con-inner\">\n\t\t\t\t<div class=\"elementor-element elementor-element-d80943c elementor-widget__width-initial elementor-widget elementor-widget-image\" data-id=\"d80943c\" data-element_type=\"widget\" data-e-type=\"widget\" data-widget_type=\"image.default\">\n\t\t\t\t<div class=\"elementor-widget-container\">\n\t\t\t\t\t\t\t\t\t\t\t\t<figure class=\"wp-caption\">\n\t\t\t\t\t\t\t\t\t\t<img decoding=\"async\" width=\"200\" height=\"284\" src=\"https:\/\/frlm-mv.de\/wp-content\/uploads\/2023\/06\/Uwe-Bake-Vorauseilender-Gehorsam-oder-die-unbegrenzte-Auslegung.jpg\" class=\"attachment-large size-large wp-image-1481\" alt=\"\" \/>\t\t\t\t\t\t\t\t\t\t\t<figcaption class=\"widget-image-caption wp-caption-text\"><\/figcaption>\n\t\t\t\t\t\t\t\t\t\t<\/figure>\n\t\t\t\t\t\t\t\t\t<\/div>\n\t\t\t\t<\/div>\n\t\t\t\t<div class=\"elementor-element elementor-element-9a8b8ba elementor-widget elementor-widget-text-editor\" data-id=\"9a8b8ba\" data-element_type=\"widget\" data-e-type=\"widget\" data-widget_type=\"text-editor.default\">\n\t\t\t\t<div class=\"elementor-widget-container\">\n\t\t\t\t\t\t\t\t\t<h2>Uwe Bake: Vorauseilender Gehorsam oder die unbegrenzte Auslegung<\/h2>\n<h3>Der Hochverratsprozess gegen Fritz Reuter vor dem Kammergericht Berlin.<\/h3>\n<p>Der Hochverratsprozess gegen Fritz Reuter vor dem Kammergericht Berlin, von Dr. jur. Uwe Bake erstmals aus juristischer Sicht aufgearbeitet. Im Anhang alle dem Urteil zugrunde liegenden Protokolle in vollst\u00e4ndiger Transkription. 232 gro\u00dfformatige Seiten mit 11 SW-Abbildungen.<\/p>\n<p>Stavenhagen 2022<\/p>\n<p>Format: 29,7 x 21,0 cm, kart.<\/p>\n<p>Preis: 15,00 Euro<\/p>\n<p>ISBN: 3-910030-20-3<\/p>\n\t\t\t\t\t\t\t\t<\/div>\n\t\t\t\t<\/div>\n\t\t\t\t\t<\/div>\n\t\t\t\t<\/div>\n\t\t<div class=\"elementor-element elementor-element-b4d6c68 e-flex e-con-boxed e-con e-parent\" data-id=\"b4d6c68\" data-element_type=\"container\" data-e-type=\"container\">\n\t\t\t\t\t<div class=\"e-con-inner\">\n\t\t\t\t<div class=\"elementor-element elementor-element-530b914 elementor-widget__width-initial elementor-widget elementor-widget-image\" data-id=\"530b914\" data-element_type=\"widget\" data-e-type=\"widget\" data-widget_type=\"image.default\">\n\t\t\t\t<div class=\"elementor-widget-container\">\n\t\t\t\t\t\t\t\t\t\t\t\t<figure class=\"wp-caption\">\n\t\t\t\t\t\t\t\t\t\t<img loading=\"lazy\" decoding=\"async\" width=\"200\" height=\"282\" src=\"https:\/\/frlm-mv.de\/wp-content\/uploads\/2023\/06\/Hans-Georg-Kunisch-Fritz-Reuters-Genealogie.jpg\" class=\"attachment-large size-large wp-image-1482\" alt=\"\" \/>\t\t\t\t\t\t\t\t\t\t\t<figcaption class=\"widget-image-caption wp-caption-text\"><\/figcaption>\n\t\t\t\t\t\t\t\t\t\t<\/figure>\n\t\t\t\t\t\t\t\t\t<\/div>\n\t\t\t\t<\/div>\n\t\t\t\t<div class=\"elementor-element elementor-element-5f26357 elementor-widget elementor-widget-text-editor\" data-id=\"5f26357\" data-element_type=\"widget\" data-e-type=\"widget\" data-widget_type=\"text-editor.default\">\n\t\t\t\t<div class=\"elementor-widget-container\">\n\t\t\t\t\t\t\t\t\t<h2>Hans-Georg Kunisch: Fritz Reuters Genealogie<\/h2>\n<h3>Ein Familienbuch \u00fcber Herkunft und verwandtschaftliche Beziehungen des Heinrich Ludwig Christian Friederich Reuter.<\/h3>\n<p>Im vorliegenden Familienbuch sind mit Hilfe moderner genealogischer Forschung mehr als 1300 Personen erfasst, erg\u00e4nzt durch einen biografischen Teil sowie ein umfangreiches Orts- und Personenregister. 200 gro\u00dfformatige Seiten mit einer Farb- und 70 SW-Abbildungen.<\/p>\n<p>Stavenhagen 2021<\/p>\n<p>Format: 29,7 x 21,0 cm, kart.<\/p>\n<p>Preis: 15,00 Euro<\/p>\n<p>ISBN: 3-910030-19-X<\/p>\n\t\t\t\t\t\t\t\t<\/div>\n\t\t\t\t<\/div>\n\t\t\t\t\t<\/div>\n\t\t\t\t<\/div>\n\t\t<div class=\"elementor-element elementor-element-96825b0 e-flex e-con-boxed e-con e-parent\" data-id=\"96825b0\" data-element_type=\"container\" data-e-type=\"container\">\n\t\t\t\t\t<div class=\"e-con-inner\">\n\t\t\t\t<div class=\"elementor-element elementor-element-9e0483f elementor-widget__width-initial elementor-widget elementor-widget-image\" data-id=\"9e0483f\" data-element_type=\"widget\" data-e-type=\"widget\" data-widget_type=\"image.default\">\n\t\t\t\t<div class=\"elementor-widget-container\">\n\t\t\t\t\t\t\t\t\t\t\t\t<figure class=\"wp-caption\">\n\t\t\t\t\t\t\t\t\t\t<img loading=\"lazy\" decoding=\"async\" width=\"200\" height=\"282\" src=\"https:\/\/frlm-mv.de\/wp-content\/uploads\/2023\/06\/kikut-38.jpg\" class=\"attachment-large size-large wp-image-1483\" alt=\"\" \/>\t\t\t\t\t\t\t\t\t\t\t<figcaption class=\"widget-image-caption wp-caption-text\"><\/figcaption>\n\t\t\t\t\t\t\t\t\t\t<\/figure>\n\t\t\t\t\t\t\t\t\t<\/div>\n\t\t\t\t<\/div>\n\t\t\t\t<div class=\"elementor-element elementor-element-5cd67ea elementor-widget elementor-widget-text-editor\" data-id=\"5cd67ea\" data-element_type=\"widget\" data-e-type=\"widget\" data-widget_type=\"text-editor.default\">\n\t\t\t\t<div class=\"elementor-widget-container\">\n\t\t\t\t\t\t\t\t\t<h2>kikut 38<\/h2>\n<h3>Plattd\u00fctsch gistern un h\u00fct. Nahrichten ut de Reuterstadt.<\/h3>\n<p>Mit Beitr\u00e4gen von Wolfgang Mahnke, Klaus Kronke, Dietmar Dumjahn, Hans-Joachim Wilke, Hartwig Suhrbier, Michael Puls, Corinna und Arne Reinhardt, Marit Haferkorn. Mit Farbillustrationen von Miriam Uhlig (Potsdam).<\/p>\n<p>Stavenhagen 2021<\/p>\n<p>Format: 21,0 x 14,8 cm, kart.<\/p>\n<p>Preis: 6,00 Euro<\/p>\n<p>ISBN: 3-910030-18-1<\/p>\n\t\t\t\t\t\t\t\t<\/div>\n\t\t\t\t<\/div>\n\t\t\t\t\t<\/div>\n\t\t\t\t<\/div>\n\t\t<div class=\"elementor-element elementor-element-082e2c2 e-flex e-con-boxed e-con e-parent\" data-id=\"082e2c2\" data-element_type=\"container\" data-e-type=\"container\">\n\t\t\t\t\t<div class=\"e-con-inner\">\n\t\t\t\t<div class=\"elementor-element elementor-element-0ca0f51 elementor-widget__width-initial elementor-widget elementor-widget-image\" data-id=\"0ca0f51\" data-element_type=\"widget\" data-e-type=\"widget\" data-widget_type=\"image.default\">\n\t\t\t\t<div class=\"elementor-widget-container\">\n\t\t\t\t\t\t\t\t\t\t\t\t<figure class=\"wp-caption\">\n\t\t\t\t\t\t\t\t\t\t<img loading=\"lazy\" decoding=\"async\" width=\"200\" height=\"292\" src=\"https:\/\/frlm-mv.de\/wp-content\/uploads\/2023\/06\/Arnold-Hueckstaedt-Kleiner-Fuehrer-zu-Erinnerungsorten-und-literarischen-Schauplaetzen-Fritz-Reuters-im-Landkreis-Mecklenburgische-Seenplatte.jpg\" class=\"attachment-large size-large wp-image-1484\" alt=\"\" \/>\t\t\t\t\t\t\t\t\t\t\t<figcaption class=\"widget-image-caption wp-caption-text\"><\/figcaption>\n\t\t\t\t\t\t\t\t\t\t<\/figure>\n\t\t\t\t\t\t\t\t\t<\/div>\n\t\t\t\t<\/div>\n\t\t\t\t<div class=\"elementor-element elementor-element-6db584d elementor-widget elementor-widget-text-editor\" data-id=\"6db584d\" data-element_type=\"widget\" data-e-type=\"widget\" data-widget_type=\"text-editor.default\">\n\t\t\t\t<div class=\"elementor-widget-container\">\n\t\t\t\t\t\t\t\t\t<h2>Arnold H\u00fcckst\u00e4dt: Kleiner F\u00fchrer zu Erinnerungsorten und literarischen Schaupl\u00e4tzen Fritz Reuters im Landkreis Mecklenburgische Seenplatte<\/h2>\n<p>Ein kurzweiliger F\u00fchrer zu den wichtigsten Reuterst\u00e4tten im Landkreis Mecklenburgische Seenplatte. 84 Seiten mit 56 Farb- und 4 SW-Abbildungen, 1 \u00dcbersichtskarte, 3 Stadtpl\u00e4nen. Herausgegeben von der Fritz Reuter Gesellschaft e.V. Neubrandenburg in Zusammenarbeit mit dem Fritz-Reuter-Literaturmuseum Stavenhagen.<\/p>\n<p>Neubrandenburg \/ Stavenhagen 2021<\/p>\n<p>Format: 20,5 x 14,0 cm, Flexcover<\/p>\n<p>Preis: 9,00 Euro<\/p>\n<p>ISBN: 3-910030-17-3<\/p>\n\t\t\t\t\t\t\t\t<\/div>\n\t\t\t\t<\/div>\n\t\t\t\t\t<\/div>\n\t\t\t\t<\/div>\n\t\t<div class=\"elementor-element elementor-element-defab74 e-flex e-con-boxed e-con e-parent\" data-id=\"defab74\" data-element_type=\"container\" data-e-type=\"container\">\n\t\t\t\t\t<div class=\"e-con-inner\">\n\t\t\t\t<div class=\"elementor-element elementor-element-a18f4eb elementor-widget__width-initial elementor-widget elementor-widget-image\" data-id=\"a18f4eb\" data-element_type=\"widget\" data-e-type=\"widget\" data-widget_type=\"image.default\">\n\t\t\t\t<div class=\"elementor-widget-container\">\n\t\t\t\t\t\t\t\t\t\t\t\t<figure class=\"wp-caption\">\n\t\t\t\t\t\t\t\t\t\t<img loading=\"lazy\" decoding=\"async\" width=\"150\" height=\"295\" src=\"https:\/\/frlm-mv.de\/wp-content\/uploads\/2023\/06\/Michael-Haecker-Manfred-Piontek-Von-der-Reuterstadt-Stavenhagen-nach-Ivenack.jpg\" class=\"attachment-large size-large wp-image-1485\" alt=\"\" \/>\t\t\t\t\t\t\t\t\t\t\t<figcaption class=\"widget-image-caption wp-caption-text\"><\/figcaption>\n\t\t\t\t\t\t\t\t\t\t<\/figure>\n\t\t\t\t\t\t\t\t\t<\/div>\n\t\t\t\t<\/div>\n\t\t\t\t<div class=\"elementor-element elementor-element-997b71c elementor-widget elementor-widget-text-editor\" data-id=\"997b71c\" data-element_type=\"widget\" data-e-type=\"widget\" data-widget_type=\"text-editor.default\">\n\t\t\t\t<div class=\"elementor-widget-container\">\n\t\t\t\t\t\t\t\t\t<h2>Michael H\u00e4cker, Manfred Piontek: Von der Reuterstadt Stavenhagen nach Ivenack<\/h2>\n<h3>Eine Wanderung zwischen Vergangenheit und Gegenwart &#8211; auch auf den Spuren Fritz Reuters.<\/h3>\n<p>Sagenhaft und faktenreich durch Natur- und Kulturlandschaft. Ein Spaziergang, der vor Augen f\u00fchrt, dass Stavenhagen, der Ivenacker Tiergarten mit seinen 1000j\u00e4hrigen Eichen und das Dorf Ivenack eng miteinander verbunden sind. 60 Seiten mit 41 Farb- und 25 SW-Abbildungen, 3 Karten.<\/p>\n<p>Stavenhagen 2020<\/p>\n<p>Format: 21,0 x 10,5 cm, kart.<\/p>\n<p>Preis: 4,50 Euro<\/p>\n<p>ISBN: 3-910030-16-5<\/p>\n\t\t\t\t\t\t\t\t<\/div>\n\t\t\t\t<\/div>\n\t\t\t\t\t<\/div>\n\t\t\t\t<\/div>\n\t\t<div class=\"elementor-element elementor-element-6c811a2 e-flex e-con-boxed e-con e-parent\" data-id=\"6c811a2\" data-element_type=\"container\" data-e-type=\"container\">\n\t\t\t\t\t<div class=\"e-con-inner\">\n\t\t\t\t<div class=\"elementor-element elementor-element-808bff8 elementor-widget__width-initial elementor-widget elementor-widget-image\" data-id=\"808bff8\" data-element_type=\"widget\" data-e-type=\"widget\" data-widget_type=\"image.default\">\n\t\t\t\t<div class=\"elementor-widget-container\">\n\t\t\t\t\t\t\t\t\t\t\t\t<figure class=\"wp-caption\">\n\t\t\t\t\t\t\t\t\t\t<img loading=\"lazy\" decoding=\"async\" width=\"200\" height=\"282\" src=\"https:\/\/frlm-mv.de\/wp-content\/uploads\/2023\/06\/Michael-Haecker-Zur-juedischen-Geschichte-der-Reuterstadt-Stavenhagen.jpg\" class=\"attachment-large size-large wp-image-1486\" alt=\"\" \/>\t\t\t\t\t\t\t\t\t\t\t<figcaption class=\"widget-image-caption wp-caption-text\"><\/figcaption>\n\t\t\t\t\t\t\t\t\t\t<\/figure>\n\t\t\t\t\t\t\t\t\t<\/div>\n\t\t\t\t<\/div>\n\t\t\t\t<div class=\"elementor-element elementor-element-eff3f40 elementor-widget elementor-widget-text-editor\" data-id=\"eff3f40\" data-element_type=\"widget\" data-e-type=\"widget\" data-widget_type=\"text-editor.default\">\n\t\t\t\t<div class=\"elementor-widget-container\">\n\t\t\t\t\t\t\t\t\t<h2>Michael H\u00e4cker: Zur j\u00fcdischen Geschichte der Reuterstadt Stavenhagen<\/h2>\n<p>Illustrierter \u00dcberblick \u00fcber die j\u00fcdische Geschichte der Reuterstadt Stavenhagen von 1749 bis 1942. 84 gro\u00dfformatige Seiten mit 125 Farb- und 59 SW-Abbildungen, 2 Karten.<\/p>\n<p>Stavenhagen 2019<\/p>\n<p>Format: 29,7 x 21,0 cm, kart.<\/p>\n<p>Preis: 9 Euro<\/p>\n<p>ISBN: 3-910030-15-7<\/p>\n\t\t\t\t\t\t\t\t<\/div>\n\t\t\t\t<\/div>\n\t\t\t\t\t<\/div>\n\t\t\t\t<\/div>\n\t\t<div class=\"elementor-element elementor-element-0b79afc e-flex e-con-boxed e-con e-parent\" data-id=\"0b79afc\" data-element_type=\"container\" data-e-type=\"container\">\n\t\t\t\t\t<div class=\"e-con-inner\">\n\t\t\t\t<div class=\"elementor-element elementor-element-81dbe63 elementor-widget__width-initial elementor-widget elementor-widget-image\" data-id=\"81dbe63\" data-element_type=\"widget\" data-e-type=\"widget\" data-widget_type=\"image.default\">\n\t\t\t\t<div class=\"elementor-widget-container\">\n\t\t\t\t\t\t\t\t\t\t\t\t<figure class=\"wp-caption\">\n\t\t\t\t\t\t\t\t\t\t<img loading=\"lazy\" decoding=\"async\" width=\"200\" height=\"282\" src=\"https:\/\/frlm-mv.de\/wp-content\/uploads\/2023\/06\/kikut-37.jpg\" class=\"attachment-large size-large wp-image-1487\" alt=\"\" \/>\t\t\t\t\t\t\t\t\t\t\t<figcaption class=\"widget-image-caption wp-caption-text\"><\/figcaption>\n\t\t\t\t\t\t\t\t\t\t<\/figure>\n\t\t\t\t\t\t\t\t\t<\/div>\n\t\t\t\t<\/div>\n\t\t\t\t<div class=\"elementor-element elementor-element-4728cf9 elementor-widget elementor-widget-text-editor\" data-id=\"4728cf9\" data-element_type=\"widget\" data-e-type=\"widget\" data-widget_type=\"text-editor.default\">\n\t\t\t\t<div class=\"elementor-widget-container\">\n\t\t\t\t\t\t\t\t\t<h1>kikut 37<\/h1>\n<h3>Plattd\u00fctsch gistern un h\u00fct. Nahrichten ut de Reuterstadt.<\/h3>\n<p>Mit Beitr\u00e4gen von Cornelia Nenz, Hartwig Suhrbier, Hans-Joachim Wilke, Enzo Maa\u00df, Karsten Steckling, G\u00fcnter Schmedemann, Bernd Lubs, Helmut Hillmann, Wolfgang Mahnke, Heidelinde Wulff, J\u00fcrgen Pump, Dieter Lockenvitz, J\u00fcrgen Rogge<\/p>\n<p>Stavenhagen 2016<\/p>\n<p>Format: 21,0 x 14,8 cm, kart.<\/p>\n<p>Preis: 6,00 Euro<\/p>\n<p>ISBN: 3-910030-14-9<\/p>\n\t\t\t\t\t\t\t\t<\/div>\n\t\t\t\t<\/div>\n\t\t\t\t\t<\/div>\n\t\t\t\t<\/div>\n\t\t<div class=\"elementor-element elementor-element-9d5049e e-flex e-con-boxed e-con e-parent\" data-id=\"9d5049e\" data-element_type=\"container\" data-e-type=\"container\">\n\t\t\t\t\t<div class=\"e-con-inner\">\n\t\t\t\t<div class=\"elementor-element elementor-element-852a836 elementor-widget__width-initial elementor-widget elementor-widget-image\" data-id=\"852a836\" data-element_type=\"widget\" data-e-type=\"widget\" data-widget_type=\"image.default\">\n\t\t\t\t<div class=\"elementor-widget-container\">\n\t\t\t\t\t\t\t\t\t\t\t\t<figure class=\"wp-caption\">\n\t\t\t\t\t\t\t\t\t\t<img loading=\"lazy\" decoding=\"async\" width=\"200\" height=\"282\" src=\"https:\/\/frlm-mv.de\/wp-content\/uploads\/2023\/06\/kikut-35-und-36.jpg\" class=\"attachment-large size-large wp-image-1488\" alt=\"\" \/>\t\t\t\t\t\t\t\t\t\t\t<figcaption class=\"widget-image-caption wp-caption-text\"><\/figcaption>\n\t\t\t\t\t\t\t\t\t\t<\/figure>\n\t\t\t\t\t\t\t\t\t<\/div>\n\t\t\t\t<\/div>\n\t\t\t\t<div class=\"elementor-element elementor-element-cd3c77a elementor-widget elementor-widget-text-editor\" data-id=\"cd3c77a\" data-element_type=\"widget\" data-e-type=\"widget\" data-widget_type=\"text-editor.default\">\n\t\t\t\t<div class=\"elementor-widget-container\">\n\t\t\t\t\t\t\t\t\t<h2>kikut 35\/36<\/h2>\n<h3>Erinnerungen ut de Reuterstadt<\/h3>\n<p>Doppelausgabe anl\u00e4\u00dflich der 750-Jahrfeier Stavenhagens. Aus dem Inhalt:<\/p>\n<p>Dietrich Liebezeit: Zur Landwirtschaft in Stavenhagen; Manfred Piontek: Die sozialen Einrichtungen der Stadt Stavenhagen; Marion Helpap: Gespr\u00e4che mit Zeitzeugen; Andreas Parlow: Von Stavenhagener Pastoren; Michael H\u00e4cker: Reuterst\u00e4dter Schulgeschichte(n)<\/p>\n<p>Stavenhagen 2014<\/p>\n<p>Format: 21,0 x 14,8 cm, kart.<\/p>\n<p>Preis: 9,00 Euro<\/p>\n<p>ISBN: 3-910030-13-0<\/p>\n\t\t\t\t\t\t\t\t<\/div>\n\t\t\t\t<\/div>\n\t\t\t\t\t<\/div>\n\t\t\t\t<\/div>\n\t\t<div class=\"elementor-element elementor-element-f78e542 e-flex e-con-boxed e-con e-parent\" data-id=\"f78e542\" data-element_type=\"container\" data-e-type=\"container\">\n\t\t\t\t\t<div class=\"e-con-inner\">\n\t\t\t\t<div class=\"elementor-element elementor-element-b31846c elementor-widget__width-initial elementor-widget elementor-widget-image\" data-id=\"b31846c\" data-element_type=\"widget\" data-e-type=\"widget\" data-widget_type=\"image.default\">\n\t\t\t\t<div class=\"elementor-widget-container\">\n\t\t\t\t\t\t\t\t\t\t\t\t<figure class=\"wp-caption\">\n\t\t\t\t\t\t\t\t\t\t<img loading=\"lazy\" decoding=\"async\" width=\"200\" height=\"286\" src=\"https:\/\/frlm-mv.de\/wp-content\/uploads\/2023\/06\/Natur-und-Literatur.jpg\" class=\"attachment-large size-large wp-image-1489\" alt=\"\" \/>\t\t\t\t\t\t\t\t\t\t\t<figcaption class=\"widget-image-caption wp-caption-text\"><\/figcaption>\n\t\t\t\t\t\t\t\t\t\t<\/figure>\n\t\t\t\t\t\t\t\t\t<\/div>\n\t\t\t\t<\/div>\n\t\t\t\t<div class=\"elementor-element elementor-element-91e023a elementor-widget elementor-widget-text-editor\" data-id=\"91e023a\" data-element_type=\"widget\" data-e-type=\"widget\" data-widget_type=\"text-editor.default\">\n\t\t\t\t<div class=\"elementor-widget-container\">\n\t\t\t\t\t\t\t\t\t<h2>Natur und Literatur<\/h2>\n<h3>Auf den Spuren von Fritz Reuter<\/h3>\n<p>Natur und Literatur, D\u00f6rfer und St\u00e4dte in zwei Touren mit Ausgangspunkt in der Reuterstadt; die Touren sind durchgehend mit Informationstafeln ausgestattet, die Radtour ist ausgeschildert. Erarbeitet vom F\u00f6rderverein Reuter Museen e.V. 44 Seiten, mit 53 Farb- und 1 SW-Abbildung, 2 Karten.<\/p>\n<p>Stavenhagen 2011 (2. Auflage)<\/p>\n<p>Format: 21,0 x 14,8, brosch.<\/p>\n<p>Preis: 2 Euro<\/p>\n<p>ISBN: 3-910030-03-3<\/p>\n\t\t\t\t\t\t\t\t<\/div>\n\t\t\t\t<\/div>\n\t\t\t\t\t<\/div>\n\t\t\t\t<\/div>\n\t\t\t\t\t<\/div>\n\t\t\t\t<\/div>\n\t\t\t\t<\/div>\n\t\t","protected":false},"excerpt":{"rendered":"<p>Publications The museum is actively involved in publishing and publicising. You can find our publications in our museum shop and in your favourite bookshop. It is also possible to order [&hellip;]<\/p>\n","protected":false},"author":2,"featured_media":0,"parent":0,"menu_order":0,"comment_status":"closed","ping_status":"closed","template":"","meta":{"_price":"","_stock":"","_tribe_ticket_header":"","_tribe_default_ticket_provider":"","_tribe_ticket_capacity":"0","_ticket_start_date":"","_ticket_end_date":"","_tribe_ticket_show_description":"","_tribe_ticket_show_not_going":false,"_tribe_ticket_use_global_stock":"","_tribe_ticket_global_stock_level":"","_global_stock_mode":"","_global_stock_cap":"","_tribe_rsvp_for_event":"","_tribe_ticket_going_count":"","_tribe_ticket_not_going_count":"","_tribe_tickets_list":"[]","_tribe_ticket_has_attendee_info_fields":false,"footnotes":"","_tec_slr_enabled":"","_tec_slr_layout":""},"class_list":["post-1815","page","type-page","status-publish","hentry"],"ticketed":false,"_links":{"self":[{"href":"https:\/\/frlm-mv.de\/en\/wp-json\/wp\/v2\/pages\/1815","targetHints":{"allow":["GET"]}}],"collection":[{"href":"https:\/\/frlm-mv.de\/en\/wp-json\/wp\/v2\/pages"}],"about":[{"href":"https:\/\/frlm-mv.de\/en\/wp-json\/wp\/v2\/types\/page"}],"author":[{"embeddable":true,"href":"https:\/\/frlm-mv.de\/en\/wp-json\/wp\/v2\/users\/2"}],"replies":[{"embeddable":true,"href":"https:\/\/frlm-mv.de\/en\/wp-json\/wp\/v2\/comments?post=1815"}],"version-history":[{"count":3,"href":"https:\/\/frlm-mv.de\/en\/wp-json\/wp\/v2\/pages\/1815\/revisions"}],"predecessor-version":[{"id":1818,"href":"https:\/\/frlm-mv.de\/en\/wp-json\/wp\/v2\/pages\/1815\/revisions\/1818"}],"wp:attachment":[{"href":"https:\/\/frlm-mv.de\/en\/wp-json\/wp\/v2\/media?parent=1815"}],"curies":[{"name":"wp","href":"https:\/\/api.w.org\/{rel}","templated":true}]}}