{"id":1735,"date":"2023-06-07T14:42:04","date_gmt":"2023-06-07T12:42:04","guid":{"rendered":"https:\/\/www.frlm-mv.de\/about-ernst-luebbert\/"},"modified":"2023-12-08T13:17:53","modified_gmt":"2023-12-08T12:17:53","slug":"about-ernst-luebbert","status":"publish","type":"page","link":"https:\/\/frlm-mv.de\/en\/about-ernst-luebbert\/","title":{"rendered":"About Ernst L\u00fcbbert"},"content":{"rendered":"\t\t<div data-elementor-type=\"wp-page\" data-elementor-id=\"1735\" class=\"elementor elementor-1735 elementor-258\" data-elementor-post-type=\"page\">\n\t\t\t\t<div class=\"elementor-element elementor-element-a9db739 e-flex e-con-boxed e-con e-parent\" data-id=\"a9db739\" data-element_type=\"container\" data-e-type=\"container\">\n\t\t\t\t\t<div class=\"e-con-inner\">\n\t\t\t\t<div class=\"elementor-element elementor-element-1b3f928 elementor-widget elementor-widget-text-editor\" data-id=\"1b3f928\" data-element_type=\"widget\" data-e-type=\"widget\" data-widget_type=\"text-editor.default\">\n\t\t\t\t<div class=\"elementor-widget-container\">\n\t\t\t\t\t\t\t\t\t<h2>Ernst L\u00fcbbert<\/h2>\n<p><img fetchpriority=\"high\" decoding=\"async\" class=\"size-medium wp-image-260 alignleft\" src=\"https:\/\/www.frlm-mv.de\/wp-content\/uploads\/2023\/06\/Ernst-Luebbert-212x300.jpg\" alt=\"\" width=\"212\" height=\"300\" srcset=\"https:\/\/frlm-mv.de\/wp-content\/uploads\/2023\/06\/Ernst-Luebbert-212x300.jpg 212w, https:\/\/frlm-mv.de\/wp-content\/uploads\/2023\/06\/Ernst-Luebbert.jpg 225w\" sizes=\"(max-width: 212px) 100vw, 212px\" \/>Ernst L\u00fcbbert was born in Warin on 26th July 1879. His father is an official counsellor in Warin. The family moved to Stavenhagen in 1886, when his father obtained a position there as a clerk.<\/p>\n<p>Ernst L\u00fcbbert attended the Stavenhagen public school and, from Easter 1889, the private boys&#8217; school.<\/p>\n<p>Without the prospect of financial aid, Ernst L\u00fcbbert, aged just 17, travelled to Berlin, took private drawing and painting lessons for a short time and was accepted to study at the K\u00f6nigliche akademische Hochschule f\u00fcr die bildenden K\u00fcnste in 1896. In 1897, he was awarded a scholarship from the Boldt Foundation.<\/p>\n<p>During his studies, Ernst L\u00fcbbert was awarded prizes, including prizes for drawing in 1898 and honours for composition exercises in 1901 and 1903.<\/p>\n<p>From 1903 to 1904, he served his one-year voluntary service in Wismar and was discharged with the qualification of officer. [?After completing his military service, L\u00fcbbert returned to Berlin.?] He worked as a freelance artist, advertising illustrator and caricaturist. With his principle source of income being advertising Above all, however, Ernst L\u00fcbbert turned to portrait and genre painting. From 1909, L\u00fcbbert&#8217;s paintings were shown at art exhibitions in Hamburg and Berlin.<\/p>\n<p>L\u00fcbbert was called up on 2nd August 1914 . On the same day, he married his long-time girlfriend, Hedwig Techel. Full of patriotic feelings, he left for the world war. But at dawn on 29th August 1915 \u2013 during an assault on Lipsk near Grodno on the Njemen -\u2013Lieutenant L\u00fcbbert, now the company commander, was fatally shot in the stomach. He died at the age of thirty-six.<\/p>\n\t\t\t\t\t\t\t\t<\/div>\n\t\t\t\t<\/div>\n\t\t\t\t\t<\/div>\n\t\t\t\t<\/div>\n\t\t\t\t<\/div>\n\t\t","protected":false},"excerpt":{"rendered":"<p>Ernst L\u00fcbbert Ernst L\u00fcbbert was born in Warin on 26th July 1879. His father is an official counsellor in Warin. The family moved to Stavenhagen in 1886, when his father [&hellip;]<\/p>\n","protected":false},"author":2,"featured_media":0,"parent":0,"menu_order":0,"comment_status":"closed","ping_status":"closed","template":"","meta":{"_price":"","_stock":"","_tribe_ticket_header":"","_tribe_default_ticket_provider":"","_tribe_ticket_capacity":"0","_ticket_start_date":"","_ticket_end_date":"","_tribe_ticket_show_description":"","_tribe_ticket_show_not_going":false,"_tribe_ticket_use_global_stock":"","_tribe_ticket_global_stock_level":"","_global_stock_mode":"","_global_stock_cap":"","_tribe_rsvp_for_event":"","_tribe_ticket_going_count":"","_tribe_ticket_not_going_count":"","_tribe_tickets_list":"[]","_tribe_ticket_has_attendee_info_fields":false,"footnotes":"","_tec_slr_enabled":"","_tec_slr_layout":""},"class_list":["post-1735","page","type-page","status-publish","hentry"],"ticketed":false,"_links":{"self":[{"href":"https:\/\/frlm-mv.de\/en\/wp-json\/wp\/v2\/pages\/1735","targetHints":{"allow":["GET"]}}],"collection":[{"href":"https:\/\/frlm-mv.de\/en\/wp-json\/wp\/v2\/pages"}],"about":[{"href":"https:\/\/frlm-mv.de\/en\/wp-json\/wp\/v2\/types\/page"}],"author":[{"embeddable":true,"href":"https:\/\/frlm-mv.de\/en\/wp-json\/wp\/v2\/users\/2"}],"replies":[{"embeddable":true,"href":"https:\/\/frlm-mv.de\/en\/wp-json\/wp\/v2\/comments?post=1735"}],"version-history":[{"count":1,"href":"https:\/\/frlm-mv.de\/en\/wp-json\/wp\/v2\/pages\/1735\/revisions"}],"predecessor-version":[{"id":1736,"href":"https:\/\/frlm-mv.de\/en\/wp-json\/wp\/v2\/pages\/1735\/revisions\/1736"}],"wp:attachment":[{"href":"https:\/\/frlm-mv.de\/en\/wp-json\/wp\/v2\/media?parent=1735"}],"curies":[{"name":"wp","href":"https:\/\/api.w.org\/{rel}","templated":true}]}}