{"id":1693,"date":"2023-05-15T16:29:11","date_gmt":"2023-05-15T14:29:11","guid":{"rendered":"https:\/\/www.frlm-mv.de\/homepage\/"},"modified":"2024-01-24T14:44:00","modified_gmt":"2024-01-24T13:44:00","slug":"homepage","status":"publish","type":"page","link":"https:\/\/frlm-mv.de\/en\/","title":{"rendered":"Homepage"},"content":{"rendered":"\t\t<div data-elementor-type=\"wp-page\" data-elementor-id=\"1693\" class=\"elementor elementor-1693 elementor-2\" data-elementor-post-type=\"page\">\n\t\t\t\t<div class=\"elementor-element elementor-element-685f74e e-flex e-con-boxed e-con e-parent\" data-id=\"685f74e\" data-element_type=\"container\" data-e-type=\"container\">\n\t\t\t\t\t<div class=\"e-con-inner\">\n\t\t\t\t<div class=\"elementor-element elementor-element-faf93c0 elementor-hidden-desktop elementor-hidden-tablet elementor-hidden-mobile elementor-widget elementor-widget-wpml-language-switcher\" data-id=\"faf93c0\" data-element_type=\"widget\" data-e-type=\"widget\" data-widget_type=\"wpml-language-switcher.default\">\n\t\t\t\t<div class=\"elementor-widget-container\">\n\t\t\t\t\t<div class=\"wpml-elementor-ls\">\n<div role=\"navigation\" aria-label=\"Language Switcher\" class=\"wpml-ls-statics-shortcode_actions wpml-ls wpml-ls-legacy-list-horizontal\">\n\t<ul><li class=\"wpml-ls-slot-shortcode_actions wpml-ls-item wpml-ls-item-de wpml-ls-first-item wpml-ls-item-legacy-list-horizontal\">\n\t\t\t\t<a href=\"https:\/\/frlm-mv.de\/\" hreflang=\"de\" lang=\"de\" class=\"wpml-ls-link\" aria-label=\"Switch to German\" title=\"Switch to German\">\n\t\t\t\t\t<span class=\"wpml-ls-display\">German<\/span><\/a>\n\t\t\t<\/li><li class=\"wpml-ls-slot-shortcode_actions wpml-ls-item wpml-ls-item-en wpml-ls-current-language wpml-ls-item-legacy-list-horizontal\">\n\t\t\t\t<a href=\"https:\/\/frlm-mv.de\/en\/\" hreflang=\"en\" lang=\"en\" class=\"wpml-ls-link\" aria-current=\"page\" aria-label=\"Switch to English\" title=\"Switch to English\">\n\t\t\t\t\t<span class=\"wpml-ls-native\">English<\/span><\/a>\n\t\t\t<\/li><li class=\"wpml-ls-slot-shortcode_actions wpml-ls-item wpml-ls-item-nl wpml-ls-last-item wpml-ls-item-legacy-list-horizontal\">\n\t\t\t\t<a href=\"https:\/\/frlm-mv.de\/nl\/\" hreflang=\"nl\" lang=\"nl\" class=\"wpml-ls-link\" aria-label=\"Switch to Lower german\" title=\"Switch to Lower german\">\n\t\t\t\t\t<span class=\"wpml-ls-display\">Lower german<\/span><\/a>\n\t\t\t<\/li><\/ul>\n<\/div>\n<\/div>\t\t\t\t<\/div>\n\t\t\t\t<\/div>\n\t\t\t\t<div class=\"elementor-element elementor-element-67ff310 elementor-widget elementor-widget-shortcode\" data-id=\"67ff310\" data-element_type=\"widget\" data-e-type=\"widget\" data-widget_type=\"shortcode.default\">\n\t\t\t\t<div class=\"elementor-widget-container\">\n\t\t\t\t\t\t\t<div class=\"elementor-shortcode\">\t\t<div data-elementor-type=\"popup\" data-elementor-id=\"1039\" class=\"elementor elementor-1039\" data-elementor-settings=\"{&quot;a11y_navigation&quot;:&quot;yes&quot;,&quot;timing&quot;:{&quot;devices&quot;:&quot;yes&quot;,&quot;devices_devices&quot;:[&quot;desktop&quot;,&quot;mobile&quot;,&quot;tablet&quot;]}}\" data-elementor-post-type=\"elementor_library\">\n\t\t\t<div class=\"elementor-element elementor-element-3631346 e-flex e-con-boxed e-con e-parent\" data-id=\"3631346\" data-element_type=\"container\" data-e-type=\"container\">\n\t\t\t\t\t<div class=\"e-con-inner\">\n\t\t\t\t<div class=\"elementor-element elementor-element-ce47c23 elementor-widget elementor-widget-text-editor\" data-id=\"ce47c23\" data-element_type=\"widget\" data-e-type=\"widget\" data-widget_type=\"text-editor.default\">\n\t\t\t\t<div class=\"elementor-widget-container\">\n\t\t\t\t\t\t\t\t\t<h3 style=\"font-weight: 400;\"><strong>BEFL\u00dcGELT \u2013 B\u00fcrgerschaftliches Engagement f\u00fcr unsere Reuterstadt<\/strong><\/h3><p style=\"font-weight: 400;\">Am 25. Januar 2024 riefen B\u00fcrgerinnen und B\u00fcrger, unter der Federf\u00fchrung von Michael Kokel und Torsten Jahn, zur Spende f\u00fcr einen Konzertfl\u00fcgel auf. Er soll k\u00fcnftig im Schloss beheimatet sein und f\u00fcr hochklassige Musikveranstaltungen genutzt werden.<\/p><p style=\"font-weight: 400;\">Die Reuterstadt Stavenhagen ist eine liebenswerte Stadt im Herzen Mecklenburgs. Ihr gro\u00dfes Engagement f\u00fcr den bedeutendsten Dichter des Niederdeutschen &#8211; Fritz Reuter &#8211; ist gelebte kulturelle Tradition. Dabei verbinden sich Tradition und Moderne zu einer kulturtouristischen Symbiose, die die Sch\u00f6nheiten und Eigenheiten der Stadt pr\u00e4sentieren. Daher ist es nicht vermessen, von der Kulturstadt Stavenhagen zu sprechen. Gerade im Jahr 2024 &#8211; gepr\u00e4gt durch die drei anstehenden Jubil\u00e4en &#8211; zeigt sich die kulturelle Vielseitigkeit. Im Sinne Fritz Reuters ist der Ansatz kultur\u00fcbergreifend. Um auch die musikalische Sparte geb\u00fchrend zu pr\u00e4sentieren bedarf es eines Konzertfl\u00fcgels. Eine Anmietung schl\u00e4gt mit jeweils ca. 1.000 Euro zu Buche. Daher scheint die langfristige Anschaffung eines guten Instruments f\u00fcr Stavenhagen lohnenswert und sinnvoll.<br \/>Unterst\u00fctzen Sie diese Initiative. Jede Spende z\u00e4hlt!<\/p><p style=\"font-weight: 400;\"><strong>Spendenkonto:<\/strong><br \/>IBAN: DE52 1505 0200 0560 0015 33<br \/>Verwendungszweck: Klavier, 37910037<\/p><p style=\"font-weight: 400;\">Bei Fragen wenden Sie sich bitte an das Fritz-Reuter-Literaturmuseum (Telefon 039954 21072 oder E-Mail an <a href=\"mailto:literaturmuseum@stavenhagen.de\">literaturmuseum@stavenhagen.de<\/a>).<\/p><p style=\"font-weight: 400;\"><a href=\"#\"><strong>Seien Sie gewiss: es wird wundersch\u00f6n!<\/strong><\/a><\/p>\t\t\t\t\t\t\t\t<\/div>\n\t\t\t\t<\/div>\n\t\t\t\t\t<\/div>\n\t\t\t\t<\/div>\n\t\t\t\t<\/div>\n\t\t<\/div>\n\t\t\t\t\t\t<\/div>\n\t\t\t\t<\/div>\n\t\t\t\t\t<\/div>\n\t\t\t\t<\/div>\n\t\t<div class=\"elementor-element elementor-element-a9db739 e-flex e-con-boxed e-con e-parent\" data-id=\"a9db739\" data-element_type=\"container\" data-e-type=\"container\">\n\t\t\t\t\t<div class=\"e-con-inner\">\n\t\t\t\t<div class=\"elementor-element elementor-element-e13083a elementor-widget elementor-widget-heading\" data-id=\"e13083a\" data-element_type=\"widget\" data-e-type=\"widget\" data-widget_type=\"heading.default\">\n\t\t\t\t<div class=\"elementor-widget-container\">\n\t\t\t\t\t<h2 class=\"elementor-heading-title elementor-size-default\">The home of the Low German dialect \u2013 Stavenhagen.<\/h2>\t\t\t\t<\/div>\n\t\t\t\t<\/div>\n\t\t\t\t<div class=\"elementor-element elementor-element-1b3f928 elementor-widget elementor-widget-text-editor\" data-id=\"1b3f928\" data-element_type=\"widget\" data-e-type=\"widget\" data-widget_type=\"text-editor.default\">\n\t\t\t\t<div class=\"elementor-widget-container\">\n\t\t\t\t\t\t\t\t\t<p>Fritz Reuter once said that if you want to get to know the people here, you\u2018d have to put some work into learning their language. As it turned out, millions of readers in Berlin, Munich, Zurich and Vienna did just that and made the effort to read his books in Low German. Fritz Reuter (1810 &#8211; 1874) was the most widely read German author in the 19th century. To date, his works have been translated into twelve languages.<\/p>\n<p>Anyone who visits the Fritz Reuter Literature Museum today will recognise the enduring value of his works and leave inspired and in anticipation of reading them again, or for the first time even. The permanent exhibition, which is set out on two floors of the former town hall presents the life, work and impact of the Low German writer as well as manuscripts, paintings by Reuter and furniture from his estate. A series of sound samples and the children&#8217;s series &#8220;f\u00f6r mi&#8221; are integrated into the tour, as well as a film room in which feature-length films and television series based on Reuter&#8217;s work can be viewed. A lift is available for wheelchair users.<\/p>\n<p>The painter and illustrator Ernst L\u00fcbbert (1879 &#8211; 1915), who spent his school years in Stavenhagen, is also celebrated at the museum. The permanent exhibition &#8220;Ernst L\u00fcbbert &#8211; Life and Work&#8221; has been on display in Building 2 since 2005.<\/p>\n\t\t\t\t\t\t\t\t<\/div>\n\t\t\t\t<\/div>\n\t\t\t\t\t<\/div>\n\t\t\t\t<\/div>\n\t\t<div class=\"elementor-element elementor-element-2eae08e e-flex e-con-boxed e-con e-parent\" data-id=\"2eae08e\" data-element_type=\"container\" data-e-type=\"container\">\n\t\t\t\t\t<div class=\"e-con-inner\">\n\t\t\t\t\t<\/div>\n\t\t\t\t<\/div>\n\t\t<div class=\"elementor-element elementor-element-b7c8016 e-flex e-con-boxed e-con e-parent\" data-id=\"b7c8016\" data-element_type=\"container\" data-e-type=\"container\">\n\t\t\t\t\t<div class=\"e-con-inner\">\n\t\t<a class=\"elementor-element elementor-element-2792241 e-con-full e-flex e-con e-child\" data-id=\"2792241\" data-element_type=\"container\" data-e-type=\"container\" data-settings=\"{&quot;background_background&quot;:&quot;classic&quot;}\" href=\"https:\/\/www.frlm-mv.de\/en\/about-fritz-reuter\/\">\n\t\t\t\t<div class=\"elementor-element elementor-element-db783cf elementor-widget elementor-widget-text-editor\" data-id=\"db783cf\" data-element_type=\"widget\" data-e-type=\"widget\" data-widget_type=\"text-editor.default\">\n\t\t\t\t<div class=\"elementor-widget-container\">\n\t\t\t\t\t\t\t\t\t<p>Fritz Reuter<\/p>\n\t\t\t\t\t\t\t\t<\/div>\n\t\t\t\t<\/div>\n\t\t\t\t<\/a>\n\t\t<a class=\"elementor-element elementor-element-a182a06 e-con-full e-flex e-con e-child\" data-id=\"a182a06\" data-element_type=\"container\" data-e-type=\"container\" data-settings=\"{&quot;background_background&quot;:&quot;classic&quot;}\" href=\"https:\/\/www.frlm-mv.de\/en\/exhibitions\/\">\n\t\t\t\t<div class=\"elementor-element elementor-element-7c59c8f elementor-widget elementor-widget-text-editor\" data-id=\"7c59c8f\" data-element_type=\"widget\" data-e-type=\"widget\" data-widget_type=\"text-editor.default\">\n\t\t\t\t<div class=\"elementor-widget-container\">\n\t\t\t\t\t\t\t\t\t<p>Exhibitions<\/p>\n\t\t\t\t\t\t\t\t<\/div>\n\t\t\t\t<\/div>\n\t\t\t\t<\/a>\n\t\t<a class=\"elementor-element elementor-element-d3670d1 e-con-full e-flex e-con e-child\" data-id=\"d3670d1\" data-element_type=\"container\" data-e-type=\"container\" data-settings=\"{&quot;background_background&quot;:&quot;classic&quot;}\" href=\"https:\/\/vr.museum.de\/de\/tour\/stavenhagen#cnt-start\" target=\"_blank\">\n\t\t\t\t<div class=\"elementor-element elementor-element-a095b28 elementor-widget elementor-widget-text-editor\" data-id=\"a095b28\" data-element_type=\"widget\" data-e-type=\"widget\" data-widget_type=\"text-editor.default\">\n\t\t\t\t<div class=\"elementor-widget-container\">\n\t\t\t\t\t\t\t\t\t<p>Virtual tour<\/p>\n\t\t\t\t\t\t\t\t<\/div>\n\t\t\t\t<\/div>\n\t\t\t\t<\/a>\n\t\t<a class=\"elementor-element elementor-element-5ccdd76 e-con-full e-flex e-con e-child\" data-id=\"5ccdd76\" data-element_type=\"container\" data-e-type=\"container\" data-settings=\"{&quot;background_background&quot;:&quot;classic&quot;}\" href=\"https:\/\/www.frlm-mv.de\/en\/tourist-information\/\">\n\t\t\t\t<div class=\"elementor-element elementor-element-2f79ad0 elementor-widget elementor-widget-text-editor\" data-id=\"2f79ad0\" data-element_type=\"widget\" data-e-type=\"widget\" data-widget_type=\"text-editor.default\">\n\t\t\t\t<div class=\"elementor-widget-container\">\n\t\t\t\t\t\t\t\t\t<p>Tourist information<\/p>\n\t\t\t\t\t\t\t\t<\/div>\n\t\t\t\t<\/div>\n\t\t\t\t<\/a>\n\t\t\t\t\t<\/div>\n\t\t\t\t<\/div>\n\t\t<div class=\"elementor-element elementor-element-4078e45 e-flex e-con-boxed e-con e-parent\" data-id=\"4078e45\" data-element_type=\"container\" data-e-type=\"container\">\n\t\t\t\t\t<div class=\"e-con-inner\">\n\t\t<div class=\"elementor-element elementor-element-ef84801 e-con-full e-flex e-con e-child\" data-id=\"ef84801\" data-element_type=\"container\" data-e-type=\"container\" data-settings=\"{&quot;background_background&quot;:&quot;classic&quot;}\">\n\t\t\t\t<\/div>\n\t\t<div class=\"elementor-element elementor-element-9505236 e-con-full elementor-hidden-tablet elementor-hidden-mobile e-flex e-con e-child\" data-id=\"9505236\" data-element_type=\"container\" data-e-type=\"container\" data-settings=\"{&quot;background_background&quot;:&quot;classic&quot;}\">\n\t\t\t\t<div class=\"elementor-element elementor-element-0f6a558 elementor-widget__width-inherit elementor-widget elementor-widget-heading\" data-id=\"0f6a558\" data-element_type=\"widget\" data-e-type=\"widget\" data-widget_type=\"heading.default\">\n\t\t\t\t<div class=\"elementor-widget-container\">\n\t\t\t\t\t<h3 class=\"elementor-heading-title elementor-size-default\">Opening hours<\/h3>\t\t\t\t<\/div>\n\t\t\t\t<\/div>\n\t\t\t\t<div class=\"elementor-element elementor-element-1ae9bf0 elementor-widget__width-initial elementor-widget elementor-widget-text-editor\" data-id=\"1ae9bf0\" data-element_type=\"widget\" data-e-type=\"widget\" data-widget_type=\"text-editor.default\">\n\t\t\t\t<div class=\"elementor-widget-container\">\n\t\t\t\t\t\t\t\t\t<p>April &#8211; October:<br \/>November &#8211; March: <\/p>\n\t\t\t\t\t\t\t\t<\/div>\n\t\t\t\t<\/div>\n\t\t\t\t<div class=\"elementor-element elementor-element-c0f4589 elementor-widget__width-initial elementor-widget elementor-widget-text-editor\" data-id=\"c0f4589\" data-element_type=\"widget\" data-e-type=\"widget\" data-widget_type=\"text-editor.default\">\n\t\t\t\t<div class=\"elementor-widget-container\">\n\t\t\t\t\t\t\t\t\t<p>Tue. &#8211; Sun. &amp; Holidays<br \/>Tue. &#8211; Sat. <\/p>\n\t\t\t\t\t\t\t\t<\/div>\n\t\t\t\t<\/div>\n\t\t\t\t<div class=\"elementor-element elementor-element-311052d elementor-widget__width-initial elementor-widget elementor-widget-text-editor\" data-id=\"311052d\" data-element_type=\"widget\" data-e-type=\"widget\" data-widget_type=\"text-editor.default\">\n\t\t\t\t<div class=\"elementor-widget-container\">\n\t\t\t\t\t\t\t\t\t<p>10 am to 5 pm<br \/>10 am to 5 pm<\/p>\n\t\t\t\t\t\t\t\t<\/div>\n\t\t\t\t<\/div>\n\t\t\t\t<div class=\"elementor-element elementor-element-d7bbad9 elementor-widget__width-inherit elementor-widget elementor-widget-text-editor\" data-id=\"d7bbad9\" data-element_type=\"widget\" data-e-type=\"widget\" data-widget_type=\"text-editor.default\">\n\t\t\t\t<div class=\"elementor-widget-container\">\n\t\t\t\t\t\t\t\t\t<p>last admission: 4.45 pm; guided tours by appointment<\/p>\n\t\t\t\t\t\t\t\t<\/div>\n\t\t\t\t<\/div>\n\t\t\t\t<div class=\"elementor-element elementor-element-506dde8 elementor-widget elementor-widget-text-editor\" data-id=\"506dde8\" data-element_type=\"widget\" data-e-type=\"widget\" data-widget_type=\"text-editor.default\">\n\t\t\t\t<div class=\"elementor-widget-container\">\n\t\t\t\t\t\t\t\t\t<p>\u25ba <a href=\"https:\/\/www.frlm-mv.de\/en\/admission-prices-and-fees\/\">Admission prices<\/a><\/p>\n\t\t\t\t\t\t\t\t<\/div>\n\t\t\t\t<\/div>\n\t\t\t\t<\/div>\n\t\t<div class=\"elementor-element elementor-element-0059d18 e-con-full elementor-hidden-desktop e-flex e-con e-child\" data-id=\"0059d18\" data-element_type=\"container\" data-e-type=\"container\" data-settings=\"{&quot;background_background&quot;:&quot;classic&quot;}\">\n\t\t\t\t<div class=\"elementor-element elementor-element-32bc0bd elementor-widget__width-inherit elementor-widget elementor-widget-heading\" data-id=\"32bc0bd\" data-element_type=\"widget\" data-e-type=\"widget\" data-widget_type=\"heading.default\">\n\t\t\t\t<div class=\"elementor-widget-container\">\n\t\t\t\t\t<h3 class=\"elementor-heading-title elementor-size-default\">Opening hours<\/h3>\t\t\t\t<\/div>\n\t\t\t\t<\/div>\n\t\t\t\t<div class=\"elementor-element elementor-element-d08b6fc elementor-widget__width-initial elementor-widget-mobile__width-inherit elementor-widget elementor-widget-text-editor\" data-id=\"d08b6fc\" data-element_type=\"widget\" data-e-type=\"widget\" data-widget_type=\"text-editor.default\">\n\t\t\t\t<div class=\"elementor-widget-container\">\n\t\t\t\t\t\t\t\t\t<p><strong>April &#8211; October:<\/strong> Tue. &#8211; Sun. &amp; Holidays<br \/>10 am to 5 pm<\/p>\n<p><strong>November &#8211; March:<\/strong> Tue. &#8211; Sat.<br \/>10 am to 5 pm<\/p>\n\t\t\t\t\t\t\t\t<\/div>\n\t\t\t\t<\/div>\n\t\t\t\t<div class=\"elementor-element elementor-element-8999fbe elementor-widget__width-inherit elementor-widget elementor-widget-text-editor\" data-id=\"8999fbe\" data-element_type=\"widget\" data-e-type=\"widget\" data-widget_type=\"text-editor.default\">\n\t\t\t\t<div class=\"elementor-widget-container\">\n\t\t\t\t\t\t\t\t\t<p>last admission: 16.45 hrs<br \/>Guided tours by appointment<\/p>\n\t\t\t\t\t\t\t\t<\/div>\n\t\t\t\t<\/div>\n\t\t\t\t<div class=\"elementor-element elementor-element-6ce6d96 elementor-widget elementor-widget-text-editor\" data-id=\"6ce6d96\" data-element_type=\"widget\" data-e-type=\"widget\" data-widget_type=\"text-editor.default\">\n\t\t\t\t<div class=\"elementor-widget-container\">\n\t\t\t\t\t\t\t\t\t<p>\u25ba<a href=\"#\"> Admission prices<\/a> \u25ba <a href=\"#\">Special offers<\/a> <\/p>\n\t\t\t\t\t\t\t\t<\/div>\n\t\t\t\t<\/div>\n\t\t\t\t<\/div>\n\t\t\t\t\t<\/div>\n\t\t\t\t<\/div>\n\t\t\t\t<\/div>\n\t\t","protected":false},"excerpt":{"rendered":"<p>German English Lower german The home of the Low German dialect \u2013 Stavenhagen. Fritz Reuter once said that if you want to get to know the people here, you\u2018d have [&hellip;]<\/p>\n","protected":false},"author":2,"featured_media":0,"parent":0,"menu_order":0,"comment_status":"closed","ping_status":"closed","template":"","meta":{"_price":"","_stock":"","_tribe_ticket_header":"","_tribe_default_ticket_provider":"","_tribe_ticket_capacity":"0","_ticket_start_date":"","_ticket_end_date":"","_tribe_ticket_show_description":"","_tribe_ticket_show_not_going":false,"_tribe_ticket_use_global_stock":"","_tribe_ticket_global_stock_level":"","_global_stock_mode":"","_global_stock_cap":"","_tribe_rsvp_for_event":"","_tribe_ticket_going_count":"","_tribe_ticket_not_going_count":"","_tribe_tickets_list":"[]","_tribe_ticket_has_attendee_info_fields":false,"footnotes":"","_tec_slr_enabled":"","_tec_slr_layout":""},"class_list":["post-1693","page","type-page","status-publish","hentry"],"ticketed":false,"_links":{"self":[{"href":"https:\/\/frlm-mv.de\/en\/wp-json\/wp\/v2\/pages\/1693","targetHints":{"allow":["GET"]}}],"collection":[{"href":"https:\/\/frlm-mv.de\/en\/wp-json\/wp\/v2\/pages"}],"about":[{"href":"https:\/\/frlm-mv.de\/en\/wp-json\/wp\/v2\/types\/page"}],"author":[{"embeddable":true,"href":"https:\/\/frlm-mv.de\/en\/wp-json\/wp\/v2\/users\/2"}],"replies":[{"embeddable":true,"href":"https:\/\/frlm-mv.de\/en\/wp-json\/wp\/v2\/comments?post=1693"}],"version-history":[{"count":42,"href":"https:\/\/frlm-mv.de\/en\/wp-json\/wp\/v2\/pages\/1693\/revisions"}],"predecessor-version":[{"id":2590,"href":"https:\/\/frlm-mv.de\/en\/wp-json\/wp\/v2\/pages\/1693\/revisions\/2590"}],"wp:attachment":[{"href":"https:\/\/frlm-mv.de\/en\/wp-json\/wp\/v2\/media?parent=1693"}],"curies":[{"name":"wp","href":"https:\/\/api.w.org\/{rel}","templated":true}]}}